{"id":4137,"date":"2016-12-26T01:04:40","date_gmt":"2016-12-26T00:04:40","guid":{"rendered":"http:\/\/klubmamgdynia.pl\/index.php\/produkt\/mega-creative-lalka-29cm-akc-mc-lodziarnia-bld142-wb-12-24\/"},"modified":"2026-04-28T16:22:23","modified_gmt":"2026-04-28T14:22:23","slug":"mega-creative-lalka-29cm-akc-mc-lodziarnia-bld142-wb-12-24","status":"publish","type":"product","link":"http:\/\/klubmamgdynia.pl\/index.php\/produkt\/mega-creative-lalka-29cm-akc-mc-lodziarnia-bld142-wb-12-24\/","title":{"rendered":"Mega Creative Lalka 29Cm Akc Mc Lodziarnia Bld142 Wb 12\/24"},"content":{"rendered":"<p>Zalety produktu: Zabawa z MEGA CREATIVE na pewno szybko si\u0119 nie sko\u0144czy. Zestaw daje mo\u017cliwo\u015b\u0107 sp\u0119dzenia wspania\u0142ego czasu podczas zabawy w Lodziarni\u0119 na rowerze W zestawie znajduj\u0105 si\u0119: lalka, rower z lod\u00f3wk\u0105 oraz lody i pieni\u0105dze. Produkt wykonany z plastiku, materia\u0142u oraz sztucznego w\u0142osia. Przeznaczony dla dzieci w wieku: 3 . Wymiary opakowania d\u0142. x wys. x g\u0142. cm : 33x32x11. Waga opakowania kg. 0,69 kg. Pakowany w kartonik z okienkiem.<\/p>\n<h2>Mega Creative Lalka 29Cm Akc Mc Lodziarnia Bld142 Wb 12\/24 Mega Creative<\/h2>\n<p>aforyzmy o dzieciach, krzy\u017c\u00f3wki dla dzieci do druku, test lew czarownica i stara szafa, trudne zagadki na inteligencje, felix net i nika oraz gang niewidzialnych ludzi quiz, kolorowanki na dzie\u0144 niepodleg\u0142o\u015bci do wydruku, literki do pisania do druku, kolorowe listki tekst, wzruszaj\u0105ce s\u0142owa dla przyjaci\u00f3\u0142ki, opowiadanie o jesieni dla dzieci<\/p>\n<p>yyyyy<\/p>\n<p>&nbsp;<\/p>\n","protected":false},"excerpt":{"rendered":"<p>Zalety produktu: Zabawa z MEGA CREATIVE na pewno szybko si\u0119 nie sko\u0144czy. Zestaw daje mo\u017cliwo\u015b\u0107 sp\u0119dzenia wspania\u0142ego czasu podczas zabawy w Lodziarni\u0119 na rowerze W zestawie znajduj\u0105 si\u0119: lalka, rower z lod\u00f3wk\u0105 oraz lody i pieni\u0105dze. Produkt wykonany z plastiku, materia\u0142u oraz sztucznego w\u0142osia. Przeznaczony dla dzieci w wieku: 3 . Wymiary opakowania d\u0142. x [&hellip;]<\/p>\n","protected":false},"featured_media":4138,"comment_status":"closed","ping_status":"open","template":"","meta":[],"product_cat":[65,64],"product_tag":[777,851,747,684,592],"class_list":["post-4137","product","type-product","status-publish","has-post-thumbnail","hentry","product_cat-lalki","product_cat-mega-creative","product_tag-co-na-roczek","product_tag-jak-narysowac-kota","product_tag-malowanki-do-druku","product_tag-prezent-dla-dziewczynki-na-roczek","product_tag-zagadki-dla-dzieci"],"_links":{"self":[{"href":"http:\/\/klubmamgdynia.pl\/index.php\/wp-json\/wp\/v2\/product\/4137","targetHints":{"allow":["GET"]}}],"collection":[{"href":"http:\/\/klubmamgdynia.pl\/index.php\/wp-json\/wp\/v2\/product"}],"about":[{"href":"http:\/\/klubmamgdynia.pl\/index.php\/wp-json\/wp\/v2\/types\/product"}],"replies":[{"embeddable":true,"href":"http:\/\/klubmamgdynia.pl\/index.php\/wp-json\/wp\/v2\/comments?post=4137"}],"wp:featuredmedia":[{"embeddable":true,"href":"http:\/\/klubmamgdynia.pl\/index.php\/wp-json\/wp\/v2\/media\/4138"}],"wp:attachment":[{"href":"http:\/\/klubmamgdynia.pl\/index.php\/wp-json\/wp\/v2\/media?parent=4137"}],"wp:term":[{"taxonomy":"product_cat","embeddable":true,"href":"http:\/\/klubmamgdynia.pl\/index.php\/wp-json\/wp\/v2\/product_cat?post=4137"},{"taxonomy":"product_tag","embeddable":true,"href":"http:\/\/klubmamgdynia.pl\/index.php\/wp-json\/wp\/v2\/product_tag?post=4137"}],"curies":[{"name":"wp","href":"https:\/\/api.w.org\/{rel}","templated":true}]}}