{"id":4143,"date":"2021-01-09T23:33:09","date_gmt":"2021-01-09T22:33:09","guid":{"rendered":"http:\/\/klubmamgdynia.pl\/index.php\/produkt\/adar-ukladanka-542921\/"},"modified":"2026-04-28T10:50:24","modified_gmt":"2026-04-28T08:50:24","slug":"adar-ukladanka-542921","status":"publish","type":"product","link":"http:\/\/klubmamgdynia.pl\/index.php\/produkt\/adar-ukladanka-542921\/","title":{"rendered":"Adar Uk\u0142adanka 542921"},"content":{"rendered":"<p>Drewniana uk\u0142adanka z cyferkami.Podzielona na 12 kolorowych p\u00f3l. Ka\u017cde z nich zawiera cyferk\u0119 i odpowiadaj\u0105c\u0105 jej liczb\u0119 element\u00f3w.Na ka\u017cdym z p\u00f3l znajduje si\u0119 element do umieszczenia w odpowiednim miejscu.Zabawa i nauka!Wymiary: 30 x 30 x 1 cmWiek: 3+&#8230;<\/p>\n<h2>Adar Uk\u0142adanka 542921 Adar<\/h2>\n<p>logiczne zagadki, cytaty dla dzieci, quiz o koniach, u\u015bmiech dziecka wiersz, gry edukacyjne dla dzieci online za darmo, zabawy na dworze dla 10 latk\u00f3w, kwiaty polne nazwy i zdj\u0119cia, marcelina imi\u0119, list do miko\u0142aja wz\u00f3r pdf, kawa\u0142 na prima aprilis, opisy o rodzinie, jak zrobi\u0107 wulkan, rysunki do druku, pierwszy obudzi\u0142 si\u0119 pierwiosnek tekst, kolorowanki bajki, cytaty o dziecku, cytaty o nauczycielach, \u015bwinka peppa kolorowanka, w uk\u0142adzie s\u0142onecznym, co robi\u0107 z dzieckiem w warszawie<\/p>\n<p>yyyyy<\/p>\n<p>&nbsp;<\/p>\n","protected":false},"excerpt":{"rendered":"<p>Drewniana uk\u0142adanka z cyferkami.Podzielona na 12 kolorowych p\u00f3l. Ka\u017cde z nich zawiera cyferk\u0119 i odpowiadaj\u0105c\u0105 jej liczb\u0119 element\u00f3w.Na ka\u017cdym z p\u00f3l znajduje si\u0119 element do umieszczenia w odpowiednim miejscu.Zabawa i nauka!Wymiary: 30 x 30 x 1 cmWiek: 3+&#8230; Adar Uk\u0142adanka 542921 Adar logiczne zagadki, cytaty dla dzieci, quiz o koniach, u\u015bmiech dziecka wiersz, gry edukacyjne [&hellip;]<\/p>\n","protected":false},"featured_media":4144,"comment_status":"closed","ping_status":"open","template":"","meta":[],"product_cat":[175,90],"product_tag":[664,700,660,869,800],"class_list":["post-4143","product","type-product","status-publish","has-post-thumbnail","hentry","product_cat-adar","product_cat-puzzle","product_tag-atrakcje-dla-dzieci-trojmiasto","product_tag-bajki-do-czytania-dla-dzieci","product_tag-bianka","product_tag-zagadki-na-logike","product_tag-zagadki-smieszne"],"_links":{"self":[{"href":"http:\/\/klubmamgdynia.pl\/index.php\/wp-json\/wp\/v2\/product\/4143","targetHints":{"allow":["GET"]}}],"collection":[{"href":"http:\/\/klubmamgdynia.pl\/index.php\/wp-json\/wp\/v2\/product"}],"about":[{"href":"http:\/\/klubmamgdynia.pl\/index.php\/wp-json\/wp\/v2\/types\/product"}],"replies":[{"embeddable":true,"href":"http:\/\/klubmamgdynia.pl\/index.php\/wp-json\/wp\/v2\/comments?post=4143"}],"wp:featuredmedia":[{"embeddable":true,"href":"http:\/\/klubmamgdynia.pl\/index.php\/wp-json\/wp\/v2\/media\/4144"}],"wp:attachment":[{"href":"http:\/\/klubmamgdynia.pl\/index.php\/wp-json\/wp\/v2\/media?parent=4143"}],"wp:term":[{"taxonomy":"product_cat","embeddable":true,"href":"http:\/\/klubmamgdynia.pl\/index.php\/wp-json\/wp\/v2\/product_cat?post=4143"},{"taxonomy":"product_tag","embeddable":true,"href":"http:\/\/klubmamgdynia.pl\/index.php\/wp-json\/wp\/v2\/product_tag?post=4143"}],"curies":[{"name":"wp","href":"https:\/\/api.w.org\/{rel}","templated":true}]}}