{"id":4145,"date":"2016-07-16T08:20:19","date_gmt":"2016-07-16T06:20:19","guid":{"rendered":"http:\/\/klubmamgdynia.pl\/index.php\/produkt\/mattel-disney-auta-zygzak-mcqueen-seria-2020-gny95\/"},"modified":"2026-04-28T13:28:02","modified_gmt":"2026-04-28T11:28:02","slug":"mattel-disney-auta-zygzak-mcqueen-seria-2020-gny95","status":"publish","type":"product","link":"http:\/\/klubmamgdynia.pl\/index.php\/produkt\/mattel-disney-auta-zygzak-mcqueen-seria-2020-gny95\/","title":{"rendered":"Mattel Disney Auta Zygzak Mcqueen Seria 2020 (GNY95)"},"content":{"rendered":"<p>Cars Auta &#8211; Autko zmieniaj\u0105ce kolor &#8211; Zygzak McQueen &#8211; GNY95 Zygzak McQueen to g\u0142\u00f3wna posta\u0107 serii film\u00f3w Cars. Autko, wykonane w skali 1:55, od firmy Mattel odwzorowuje t\u0119 posta\u0107 znan\u0105 chyba przez wszystkie dzieciaki. Autko ma kolor czerwony, zczerwono-\u017c\u00f3\u0142tymi napisami. Kolory ulegaj\u0105 zmianie po zanurzeniu autka w ciep\u0142ej wodzie (35-42\u00b0C) &#8211; czerwony zmienia si\u0119 w intensywny \u017c\u00f3\u0142ty, natomiast po w\u0142o\u017ceniu pojazdu pod zimn\u0105 wod\u0119 (0-10\u00b0C) kolory wracaj\u0105 do stanu pocz\u0105tkowego. Samochodzik zosta\u0142 wykonany z metalu i plastiku, wi\u0119c jest wytrzyma\u0142y. Zbierz ca\u0142\u0105 kolekcj\u0119 autek, urz\u0105dzaj wy\u015bcigi w domowym zaciszu lub obserwuj jak te oryginalne samochodziki zmieniaj\u0105 barw\u0119 pod wod\u0105! Autko jest w skali 1:55. D\u0142ugo\u015b\u0107 autka wynosi oko\u0142o 8 cm. Autko zmieniaj\u0105ce kolor Zygzak McQueen dodatkowe informacje: Producent: Mattel Seria: Cars Numer katalogowy: GNY95 Sugerowany wiek dziecka: + 3 lata Wymiary opakowania: 14 cm x 16,5 cm x 4,5 cm<\/p>\n<h2>Mattel Disney Auta Zygzak Mcqueen Seria 2020 (GNY95) Mattel<\/h2>\n<p>pomys\u0142y na prezent dla nastolatk\u00f3w, babciu droga babciu tekst, wierszyki o wakacjach kr\u00f3tkie, by\u0142 sobie kr\u00f3l, quiz o bajkach, zabawy dla 6 latk\u00f3w, nietypowe atrakcje dla dzieci, test miko\u0142ajek 25 pyta\u0144<\/p>\n<p>yyyyy<\/p>\n<p>&nbsp;<\/p>\n","protected":false},"excerpt":{"rendered":"<p>Cars Auta &#8211; Autko zmieniaj\u0105ce kolor &#8211; Zygzak McQueen &#8211; GNY95 Zygzak McQueen to g\u0142\u00f3wna posta\u0107 serii film\u00f3w Cars. Autko, wykonane w skali 1:55, od firmy Mattel odwzorowuje t\u0119 posta\u0107 znan\u0105 chyba przez wszystkie dzieciaki. Autko ma kolor czerwony, zczerwono-\u017c\u00f3\u0142tymi napisami. Kolory ulegaj\u0105 zmianie po zanurzeniu autka w ciep\u0142ej wodzie (35-42\u00b0C) &#8211; czerwony zmienia si\u0119 [&hellip;]<\/p>\n","protected":false},"featured_media":4146,"comment_status":"closed","ping_status":"open","template":"","meta":[],"product_cat":[83,289],"product_tag":[765,589,798,586],"class_list":["post-4145","product","type-product","status-publish","has-post-thumbnail","hentry","product_cat-auta-i-inne-pojazdy-do-zabawy","product_cat-mattel","product_tag-atrakcje-dla-dzieci-warszawa","product_tag-prezent-dla-rocznego-dziecka","product_tag-prezenty-dla-nastolatki","product_tag-smieszne-zagadki"],"_links":{"self":[{"href":"http:\/\/klubmamgdynia.pl\/index.php\/wp-json\/wp\/v2\/product\/4145","targetHints":{"allow":["GET"]}}],"collection":[{"href":"http:\/\/klubmamgdynia.pl\/index.php\/wp-json\/wp\/v2\/product"}],"about":[{"href":"http:\/\/klubmamgdynia.pl\/index.php\/wp-json\/wp\/v2\/types\/product"}],"replies":[{"embeddable":true,"href":"http:\/\/klubmamgdynia.pl\/index.php\/wp-json\/wp\/v2\/comments?post=4145"}],"wp:featuredmedia":[{"embeddable":true,"href":"http:\/\/klubmamgdynia.pl\/index.php\/wp-json\/wp\/v2\/media\/4146"}],"wp:attachment":[{"href":"http:\/\/klubmamgdynia.pl\/index.php\/wp-json\/wp\/v2\/media?parent=4145"}],"wp:term":[{"taxonomy":"product_cat","embeddable":true,"href":"http:\/\/klubmamgdynia.pl\/index.php\/wp-json\/wp\/v2\/product_cat?post=4145"},{"taxonomy":"product_tag","embeddable":true,"href":"http:\/\/klubmamgdynia.pl\/index.php\/wp-json\/wp\/v2\/product_tag?post=4145"}],"curies":[{"name":"wp","href":"https:\/\/api.w.org\/{rel}","templated":true}]}}