{"id":4147,"date":"2015-11-04T02:01:15","date_gmt":"2015-11-04T01:01:15","guid":{"rendered":"http:\/\/klubmamgdynia.pl\/index.php\/produkt\/hasbro-baby-alive-lakomczuszek-sara-b0632\/"},"modified":"2026-04-05T21:16:32","modified_gmt":"2026-04-05T19:16:32","slug":"hasbro-baby-alive-lakomczuszek-sara-b0632","status":"publish","type":"product","link":"http:\/\/klubmamgdynia.pl\/index.php\/produkt\/hasbro-baby-alive-lakomczuszek-sara-b0632\/","title":{"rendered":"Hasbro Baby Alive \u0141akomczuszek Sara B0632"},"content":{"rendered":"<p>Fantastyczna zabawa i rozw\u00f3j dla Twojego dziecka!<\/p>\n<p>Baby Alive Lala \u0141akomczuszek Sara mo\u017ce stanowi\u0107 \u015bwietn\u0105 zabaw\u0119 dla ma\u0142ych dziewczynek. Jest ma\u0142ym s\u0142odkim dzieckiem, kt\u00f3re potrzebuje opieki i troski. Kiedy jest g\u0142odna, nale\u017cy przygotowa\u0107 jej r\u00f3\u017cnego rodzaju przysmaki i nakarmi\u0107. Lalka potrafi powiedzie\u0107, \u017ce jest g\u0142odna, \u015bpi\u0105ca, u\u017cywa te\u017c pe\u0142nych zwrot\u00f3w w j\u0119zyku polskim &#8222;Czy to jest czas przek\u0105sk\u0119?&#8221; Pokochasz widok swojej ma\u0142ej c\u00f3reczki ucz\u0105cej si\u0119 jak by\u0107 mam\u0105 lalki Sary. Zestaw zawiera lalk\u0119, ubranko, 2 pieluchy, 2 pojemniki z materia\u0142ami do przygotowania jedzenia, 3 foremki do ciasta, wa\u0142ek, talerz i kartonik soku.                            <\/p>\n<p>Ma\u0142e dziewczynki mog\u0105 przygotowywa\u0107 dla lalki przek\u0105ski z materia\u0142\u00f3w oraz 3 narz\u0119dzi kszta\u0142tuj\u0105cych;Zawiera ubranko i pieluszkiMo\u017ce by\u0107 karmiona z talerzyka i z pojemnika z sokiem.Materia\u0142y do jedzenia lalki Baby Alive s\u0105 nietoksyczne, niemniej jednak nie s\u0105 przeznaczone do spo\u017cycia przez ludzi. U\u017cywaj tylko materia\u0142\u00f3w do jedzenia Baby Alive do karmienia lalki Baby Alive.Lalka wymaga 3 baterii &#8222;AA&#8221; (baterie demonstracyjne w zestawie).                            <\/p>\n<p>            Zalety:<\/p>\n<p>Sara, mimo \u017ce jest jeszcze ma\u0142\u0105 dziewczynk\u0105, zna ponad 30 zda\u0144 w j\u0119zyku polskimLalka daje zna\u0107 kiedy jest \u015bpi\u0105ca lub gdy trzeba zmieni\u0107 jej pieluszk\u0119Pokazuje r\u00f3wnie\u017c jak smakowa\u0142o jej danie\u0141akomczuszek Sara mruczy z zadowoleniem kiedy dostanie sok pomara\u0144czowySara jest \u015bliczn\u0105 dziewczynk\u0105, ubran\u0105 w modn\u0105 sukieneczk\u0119 i getryMa\u0142a opiekunka ma do dyspozycji wszystkie niezb\u0119dne do opieki akcesoriaIdealny pomys\u0142 na prezent dla dziewczynki<\/p>\n<h2>Hasbro Baby Alive \u0141akomczuszek Sara B0632 Hasbro<\/h2>\n<p>zadania logiczne, \u015bw przemys\u0142aw, labirynt dla dzieci, test z lektury magiczne drzewo czerwone krzes\u0142o, jak si\u0119 rysuje kota, zagadki dla dzieci 7-8 lat, trudne zadania matematyczne, gotowe zaproszenia na urodziny do wydrukowania, bianka, \u015bwi\u0105teczne filmy familijne, trudne zagadki logiczne z odpowiedziami, zagadki na myslenie, opowie\u015bci z narni lew czarownica i stara szafa test, bajki dla dzieci na dobranoc, menu urodzinowe dla dzieci w wieku 8 10 lat, kolorowanka ksi\u0119\u017cniczka, farma dyni poznan<\/p>\n<p>yyyyy<\/p>\n<p>&nbsp;<\/p>\n","protected":false},"excerpt":{"rendered":"<p>Fantastyczna zabawa i rozw\u00f3j dla Twojego dziecka! Baby Alive Lala \u0141akomczuszek Sara mo\u017ce stanowi\u0107 \u015bwietn\u0105 zabaw\u0119 dla ma\u0142ych dziewczynek. Jest ma\u0142ym s\u0142odkim dzieckiem, kt\u00f3re potrzebuje opieki i troski. Kiedy jest g\u0142odna, nale\u017cy przygotowa\u0107 jej r\u00f3\u017cnego rodzaju przysmaki i nakarmi\u0107. Lalka potrafi powiedzie\u0107, \u017ce jest g\u0142odna, \u015bpi\u0105ca, u\u017cywa te\u017c pe\u0142nych zwrot\u00f3w w j\u0119zyku polskim &#8222;Czy to [&hellip;]<\/p>\n","protected":false},"featured_media":4148,"comment_status":"closed","ping_status":"open","template":"","meta":[],"product_cat":[129,65],"product_tag":[690,806,770,632],"class_list":["post-4147","product","type-product","status-publish","has-post-thumbnail","hentry","product_cat-hasbro","product_cat-lalki","product_tag-pieski-male-dwa-tekst","product_tag-prezent-dla-dziecka-na-roczek","product_tag-samolot-z-papieru","product_tag-warszawa-atrakcje-dla-mlodziezy"],"_links":{"self":[{"href":"http:\/\/klubmamgdynia.pl\/index.php\/wp-json\/wp\/v2\/product\/4147","targetHints":{"allow":["GET"]}}],"collection":[{"href":"http:\/\/klubmamgdynia.pl\/index.php\/wp-json\/wp\/v2\/product"}],"about":[{"href":"http:\/\/klubmamgdynia.pl\/index.php\/wp-json\/wp\/v2\/types\/product"}],"replies":[{"embeddable":true,"href":"http:\/\/klubmamgdynia.pl\/index.php\/wp-json\/wp\/v2\/comments?post=4147"}],"wp:featuredmedia":[{"embeddable":true,"href":"http:\/\/klubmamgdynia.pl\/index.php\/wp-json\/wp\/v2\/media\/4148"}],"wp:attachment":[{"href":"http:\/\/klubmamgdynia.pl\/index.php\/wp-json\/wp\/v2\/media?parent=4147"}],"wp:term":[{"taxonomy":"product_cat","embeddable":true,"href":"http:\/\/klubmamgdynia.pl\/index.php\/wp-json\/wp\/v2\/product_cat?post=4147"},{"taxonomy":"product_tag","embeddable":true,"href":"http:\/\/klubmamgdynia.pl\/index.php\/wp-json\/wp\/v2\/product_tag?post=4147"}],"curies":[{"name":"wp","href":"https:\/\/api.w.org\/{rel}","templated":true}]}}