{"id":415,"date":"2019-10-21T18:10:04","date_gmt":"2019-10-21T16:10:04","guid":{"rendered":"http:\/\/klubmamgdynia.pl\/index.php\/produkt\/carrera-carrera282-2m2-one-size-53\/"},"modified":"2026-04-06T01:03:26","modified_gmt":"2026-04-05T23:03:26","slug":"carrera-carrera282-2m2-one-size-53","status":"publish","type":"product","link":"http:\/\/klubmamgdynia.pl\/index.php\/produkt\/carrera-carrera282-2m2-one-size-53\/","title":{"rendered":"Carrera CARRERA282 2M2 ONE SIZE (53)"},"content":{"rendered":"<p>Model CARRERA 282 2M2 to modne oprawy okularowe. Okulary wykonane s\u0105 z metalu, kt\u00f3ry dodaje leko\u015bci okularom i sprawia, \u017ce oprawa jest wytrzyma\u0142a i elstyczna, a przy tym bardzo komfortowa w noszeniu. Kszta\u0142t kwadratowy, w kt\u00f3rym wysoko\u015b\u0107 i szeroko\u015b\u0107 s\u0105 sobie r\u00f3wne, to geometryczna forma, kt\u00f3ra doskonale sprawdzi si\u0119 u os\u00f3b z okr\u0105g\u0142ymi i owalnymi rysami twarzy. Marka Carrera powsta\u0142a w 1956 roku w Austrii, ale jej nazwa wzi\u0119\u0142a si\u0119 od odbywaj\u0105cych si\u0119 w Meksyku wy\u015bcig\u00f3w samochodowych Carrera Panamericana. Marka zajmowa\u0142a si\u0119 produkcj\u0105 okular\u00f3w przeznaczonych dla sportowc\u00f3w, szczeg\u00f3lnie do sport\u00f3w zimowych i motorowych. Wszystko zmieni\u0142o si\u0119 w latach 9., kiedy firma zosta\u0142a przej\u0119ta przez dom mody Safilo, a wraz z t\u0105 reorganizacj\u0105 zacz\u0119\u0142a produkowa\u0107 dwie linie okular\u00f3w &#8211; jedn\u0105 przeznaczon\u0105 do sport\u00f3w, a drug\u0105 zgodn\u0105 z modowymi trendami, inspirowan\u0105 aktywnym stylem \u017cycia nowoczesnych klient\u00f3w pod\u0105\u017caj\u0105cych za modowym nurtem, kt\u00f3rzy ceni\u0105 wygod\u0119, ciekawy kszta\u0142t, dobr\u0105 jako\u015b\u0107 oraz komfort noszenia. Okulary sw\u0105 jako\u015b\u0107 i wytrzyma\u0142o\u015b\u0107 zawdzi\u0119czaj\u0105 optylowi &#8211; to rodzaj plastiku, opatentowany przez firm\u0119 w latach 6.<\/p>\n<h2>Carrera CARRERA282 2M2 ONE SIZE (53) Carrera<\/h2>\n<p>zagadki zimowe, postacie z bajek kolorowanki, jak narysowa\u0107 \u017cab\u0119, szablon krokus kolorowanka, zagadki dla dzieci, a \u015bpij kochanie, matylda imie, radiowe nuty niech zyja wakacje, 1 listopada dzie\u0144 wszystkich \u015bwi\u0119tych kolorowanki, bajka dla dzieci do czytania, ptak b\u0105k, tupcio chrupcio bajka do czytania, karty pracy polsko ukrai\u0144skie, opis do zdj\u0119cia dziecka na fb, litera y do druku, zagadki wielkanocne przedszkole<\/p>\n<p>yyyyy<\/p>\n<p>&nbsp;<\/p>\n","protected":false},"excerpt":{"rendered":"<p>Model CARRERA 282 2M2 to modne oprawy okularowe. Okulary wykonane s\u0105 z metalu, kt\u00f3ry dodaje leko\u015bci okularom i sprawia, \u017ce oprawa jest wytrzyma\u0142a i elstyczna, a przy tym bardzo komfortowa w noszeniu. Kszta\u0142t kwadratowy, w kt\u00f3rym wysoko\u015b\u0107 i szeroko\u015b\u0107 s\u0105 sobie r\u00f3wne, to geometryczna forma, kt\u00f3ra doskonale sprawdzi si\u0119 u os\u00f3b z okr\u0105g\u0142ymi i owalnymi [&hellip;]<\/p>\n","protected":false},"featured_media":416,"comment_status":"closed","ping_status":"open","template":"","meta":[],"product_cat":[140,154],"product_tag":[614,770,840,607],"class_list":["post-415","product","type-product","status-publish","has-post-thumbnail","hentry","product_cat-carrera","product_cat-okulary-przeciwsloneczne-damskie","product_tag-pia","product_tag-samolot-z-papieru","product_tag-stare-bajki","product_tag-zarty-na-prima-aprilis-dla-rodzicow"],"_links":{"self":[{"href":"http:\/\/klubmamgdynia.pl\/index.php\/wp-json\/wp\/v2\/product\/415","targetHints":{"allow":["GET"]}}],"collection":[{"href":"http:\/\/klubmamgdynia.pl\/index.php\/wp-json\/wp\/v2\/product"}],"about":[{"href":"http:\/\/klubmamgdynia.pl\/index.php\/wp-json\/wp\/v2\/types\/product"}],"replies":[{"embeddable":true,"href":"http:\/\/klubmamgdynia.pl\/index.php\/wp-json\/wp\/v2\/comments?post=415"}],"wp:featuredmedia":[{"embeddable":true,"href":"http:\/\/klubmamgdynia.pl\/index.php\/wp-json\/wp\/v2\/media\/416"}],"wp:attachment":[{"href":"http:\/\/klubmamgdynia.pl\/index.php\/wp-json\/wp\/v2\/media?parent=415"}],"wp:term":[{"taxonomy":"product_cat","embeddable":true,"href":"http:\/\/klubmamgdynia.pl\/index.php\/wp-json\/wp\/v2\/product_cat?post=415"},{"taxonomy":"product_tag","embeddable":true,"href":"http:\/\/klubmamgdynia.pl\/index.php\/wp-json\/wp\/v2\/product_tag?post=415"}],"curies":[{"name":"wp","href":"https:\/\/api.w.org\/{rel}","templated":true}]}}