{"id":4151,"date":"2018-03-14T03:26:29","date_gmt":"2018-03-14T02:26:29","guid":{"rendered":"http:\/\/klubmamgdynia.pl\/index.php\/produkt\/barbie-lalka-skipper-niemowlak-z-akcesoriami-fhy76-fhy81\/"},"modified":"2026-04-30T18:31:03","modified_gmt":"2026-04-30T16:31:03","slug":"barbie-lalka-skipper-niemowlak-z-akcesoriami-fhy76-fhy81","status":"publish","type":"product","link":"http:\/\/klubmamgdynia.pl\/index.php\/produkt\/barbie-lalka-skipper-niemowlak-z-akcesoriami-fhy76-fhy81\/","title":{"rendered":"Barbie Lalka Skipper Niemowlak Z Akcesoriami Fhy76 Fhy81"},"content":{"rendered":"<p>Dziewczynki mog\u0105 tak \u0142atwo zosta\u0107 opiekunkami do dziecka dzi\u0119ki zestawom z serii Barbie Klub Opiekunek zawieraj\u0105cym lalk\u0119 niemowl\u0119 i akcesoria potrzebne do odegrania klasycznych scenek. W zestawie znajduje si\u0119 pieluszka, kocyk, butelka dla dziecka, a to wszystko, oczywi\u015bcie, w charakterystycznym stylu Barbie. Do wyboru przes\u0142odkie lalki niemowl\u0119ta o r\u00f3\u017cnych typach urody i z r\u00f3\u017cnokolorowymi butelkami do karmienia.                            <\/p>\n<p>Specjalny uchwyt pozwoli ka\u017cdemu dziecku samodzielnie trzyma\u0107 butelk\u0119 podczas posi\u0142ku! Znajduj\u0105ca si\u0119 w zestawie pieluszka zach\u0119ca do odegrania realistycznych scenek, w kt\u00f3rych nale\u017cy przewin\u0105\u0107 malucha. Kocyk z kolorowym zwierz\u0119cym motywem pobudza wyobra\u017ani\u0119 do zabawy.                            <\/p>\n<p>Dziewczynki pokochaj\u0105 prze\u017cywa\u0107 swoje pierwsze przygody jako opiekunki do dziecka, bo z Barbie mo\u017cesz by\u0107 kim chcesz!\u00a0Zbierz wszystkie lalki z serii Klub Opiekunek i akcesoria dla nich, aby wype\u0142ni\u0107 im czas mn\u00f3stwem zabawy.\u00a0 Zawiera lalk\u0119 niemowl\u0119 ze zdejmowan\u0105 pieluszk\u0105, kocykiem i butelk\u0105 do karmienia. Sprzedawane oddzielnie w zale\u017cno\u015bci od dost\u0119pno\u015bci. Kolory i elementy dekoracyjne mog\u0105 si\u0119 r\u00f3\u017cni\u0107.<\/p>\n<h2>Barbie Lalka Skipper Niemowlak Z Akcesoriami Fhy76 Fhy81 Barbie<\/h2>\n<p>pomys\u0142 na prezent dla nastolatka, p\u0142onie ognisko w lesie, zabawy ruchowe dla dzieci w przedszkolu, cytaty o nauczycielach, zagadki matematyczne logiczne, ma\u0142y ksi\u0105\u017c\u0119 &#8211; test z odpowiedziami<\/p>\n<p>yyyyy<\/p>\n<p>&nbsp;<\/p>\n","protected":false},"excerpt":{"rendered":"<p>Dziewczynki mog\u0105 tak \u0142atwo zosta\u0107 opiekunkami do dziecka dzi\u0119ki zestawom z serii Barbie Klub Opiekunek zawieraj\u0105cym lalk\u0119 niemowl\u0119 i akcesoria potrzebne do odegrania klasycznych scenek. W zestawie znajduje si\u0119 pieluszka, kocyk, butelka dla dziecka, a to wszystko, oczywi\u015bcie, w charakterystycznym stylu Barbie. Do wyboru przes\u0142odkie lalki niemowl\u0119ta o r\u00f3\u017cnych typach urody i z r\u00f3\u017cnokolorowymi butelkami [&hellip;]<\/p>\n","protected":false},"featured_media":4152,"comment_status":"closed","ping_status":"open","template":"","meta":[],"product_cat":[173,65],"product_tag":[827,775,640],"class_list":["post-4151","product","type-product","status-publish","has-post-thumbnail","hentry","product_cat-barbie","product_cat-lalki","product_tag-bajki-dla-niemowlat","product_tag-kolorowanki-do-druku-pokemon","product_tag-prezent-dla-rocznej-dziewczynki"],"_links":{"self":[{"href":"http:\/\/klubmamgdynia.pl\/index.php\/wp-json\/wp\/v2\/product\/4151","targetHints":{"allow":["GET"]}}],"collection":[{"href":"http:\/\/klubmamgdynia.pl\/index.php\/wp-json\/wp\/v2\/product"}],"about":[{"href":"http:\/\/klubmamgdynia.pl\/index.php\/wp-json\/wp\/v2\/types\/product"}],"replies":[{"embeddable":true,"href":"http:\/\/klubmamgdynia.pl\/index.php\/wp-json\/wp\/v2\/comments?post=4151"}],"wp:featuredmedia":[{"embeddable":true,"href":"http:\/\/klubmamgdynia.pl\/index.php\/wp-json\/wp\/v2\/media\/4152"}],"wp:attachment":[{"href":"http:\/\/klubmamgdynia.pl\/index.php\/wp-json\/wp\/v2\/media?parent=4151"}],"wp:term":[{"taxonomy":"product_cat","embeddable":true,"href":"http:\/\/klubmamgdynia.pl\/index.php\/wp-json\/wp\/v2\/product_cat?post=4151"},{"taxonomy":"product_tag","embeddable":true,"href":"http:\/\/klubmamgdynia.pl\/index.php\/wp-json\/wp\/v2\/product_tag?post=4151"}],"curies":[{"name":"wp","href":"https:\/\/api.w.org\/{rel}","templated":true}]}}