{"id":4153,"date":"2017-04-01T21:02:42","date_gmt":"2017-04-01T19:02:42","guid":{"rendered":"http:\/\/klubmamgdynia.pl\/index.php\/produkt\/modena-nici-jedwabne-100g-190m\/"},"modified":"2026-05-04T08:12:44","modified_gmt":"2026-05-04T06:12:44","slug":"modena-nici-jedwabne-100g-190m","status":"publish","type":"product","link":"http:\/\/klubmamgdynia.pl\/index.php\/produkt\/modena-nici-jedwabne-100g-190m\/","title":{"rendered":"modena Nici Jedwabne 100g 190m"},"content":{"rendered":"<p>Nici Jedwabne 100g\/190m<\/p>\n<h2>modena Nici Jedwabne 100g 190m <\/h2>\n<p>julian znaczenie, bajki o ksi\u0119\u017cniczkach do czytania, kolorowanka myszka minnie, babciu droga babciu tekst, pomys\u0142y na prezent dla nastolatki, samolot kolorowanka, zagadki dla dzieci logiczne, kolorowanki do druku pokemon, miriam imie, ja\u015bmina imi\u0119, atrakcje wroc\u0142aw i okolice, trudne zagadki dla doros\u0142ych, zagadki na bal karnawa\u0142owy w przedszkolu, walentynka dla syna, zabawki na roczek dla ch\u0142opca, bajka dla dzieci do czytania, imi\u0119 iwo, filmy familijne walta disneya<\/p>\n<p>yyyyy<\/p>\n<p>&nbsp;<\/p>\n","protected":false},"excerpt":{"rendered":"<p>Nici Jedwabne 100g\/190m modena Nici Jedwabne 100g 190m julian znaczenie, bajki o ksi\u0119\u017cniczkach do czytania, kolorowanka myszka minnie, babciu droga babciu tekst, pomys\u0142y na prezent dla nastolatki, samolot kolorowanka, zagadki dla dzieci logiczne, kolorowanki do druku pokemon, miriam imie, ja\u015bmina imi\u0119, atrakcje wroc\u0142aw i okolice, trudne zagadki dla doros\u0142ych, zagadki na bal karnawa\u0142owy w przedszkolu, [&hellip;]<\/p>\n","protected":false},"featured_media":4154,"comment_status":"closed","ping_status":"open","template":"","meta":[],"product_cat":[1191],"product_tag":[852,624,637,628,849,805],"class_list":["post-4153","product","type-product","status-publish","has-post-thumbnail","hentry","product_cat-akcesoria-krawieckie","product_tag-jak-zrobic-samolot-z-papieru","product_tag-krotkie-zagadki","product_tag-niech-zyja-wakacje-tekst","product_tag-zagadka","product_tag-zagadki-matematyczne-dla-dzieci","product_tag-znaczenie-imienia-alan"],"_links":{"self":[{"href":"http:\/\/klubmamgdynia.pl\/index.php\/wp-json\/wp\/v2\/product\/4153","targetHints":{"allow":["GET"]}}],"collection":[{"href":"http:\/\/klubmamgdynia.pl\/index.php\/wp-json\/wp\/v2\/product"}],"about":[{"href":"http:\/\/klubmamgdynia.pl\/index.php\/wp-json\/wp\/v2\/types\/product"}],"replies":[{"embeddable":true,"href":"http:\/\/klubmamgdynia.pl\/index.php\/wp-json\/wp\/v2\/comments?post=4153"}],"wp:featuredmedia":[{"embeddable":true,"href":"http:\/\/klubmamgdynia.pl\/index.php\/wp-json\/wp\/v2\/media\/4154"}],"wp:attachment":[{"href":"http:\/\/klubmamgdynia.pl\/index.php\/wp-json\/wp\/v2\/media?parent=4153"}],"wp:term":[{"taxonomy":"product_cat","embeddable":true,"href":"http:\/\/klubmamgdynia.pl\/index.php\/wp-json\/wp\/v2\/product_cat?post=4153"},{"taxonomy":"product_tag","embeddable":true,"href":"http:\/\/klubmamgdynia.pl\/index.php\/wp-json\/wp\/v2\/product_tag?post=4153"}],"curies":[{"name":"wp","href":"https:\/\/api.w.org\/{rel}","templated":true}]}}