{"id":4155,"date":"2012-11-19T15:43:52","date_gmt":"2012-11-19T14:43:52","guid":{"rendered":"http:\/\/klubmamgdynia.pl\/index.php\/produkt\/lennylamb-nosidelko-lennygo-littlelove-destiny-standard\/"},"modified":"2026-04-30T03:03:01","modified_gmt":"2026-04-30T01:03:01","slug":"lennylamb-nosidelko-lennygo-littlelove-destiny-standard","status":"publish","type":"product","link":"http:\/\/klubmamgdynia.pl\/index.php\/produkt\/lennylamb-nosidelko-lennygo-littlelove-destiny-standard\/","title":{"rendered":"Lennylamb Noside\u0142ko Lennygo Littlelove Destiny Standard"},"content":{"rendered":"<p>Noside\u0142ko ergonomiczne LennyGo \u0142\u0105czy w sobie szybko\u015b\u0107 regulacji oraz komfort dziecka i nosz\u0105cego.<\/p>\n<h2>Lennylamb Noside\u0142ko Lennygo Littlelove Destiny Standard LennyLamb<\/h2>\n<p>wiosna zagadki, ekskluzywny prezent na roczek, kolorowanki \u015bwi\u0105teczne do wydruku, wiersz o g\u00f3rniku, quiz dynastia mizio\u0142k\u00f3w, liwia imi\u0119, zagadki przyrodnicze, zagadki halloween dla dzieci, sentencja dla dziecka<\/p>\n<p>yyyyy<\/p>\n<p>&nbsp;<\/p>\n","protected":false},"excerpt":{"rendered":"<p>Noside\u0142ko ergonomiczne LennyGo \u0142\u0105czy w sobie szybko\u015b\u0107 regulacji oraz komfort dziecka i nosz\u0105cego. Lennylamb Noside\u0142ko Lennygo Littlelove Destiny Standard LennyLamb wiosna zagadki, ekskluzywny prezent na roczek, kolorowanki \u015bwi\u0105teczne do wydruku, wiersz o g\u00f3rniku, quiz dynastia mizio\u0142k\u00f3w, liwia imi\u0119, zagadki przyrodnicze, zagadki halloween dla dzieci, sentencja dla dziecka yyyyy &nbsp;<\/p>\n","protected":false},"featured_media":4156,"comment_status":"closed","ping_status":"open","template":"","meta":[],"product_cat":[1192,1104],"product_tag":[664,740,677,678,735,721],"class_list":["post-4155","product","type-product","status-publish","has-post-thumbnail","hentry","product_cat-lennylamb","product_cat-nosidelka-i-chusty","product_tag-atrakcje-dla-dzieci-trojmiasto","product_tag-fajne-prezenty-dla-nastolatkow","product_tag-milosz-imie","product_tag-prezent-na-roczek-dla-dziewczynki","product_tag-prezent-na-roczek-dziewczynka","product_tag-zagadki-matematyczne"],"_links":{"self":[{"href":"http:\/\/klubmamgdynia.pl\/index.php\/wp-json\/wp\/v2\/product\/4155","targetHints":{"allow":["GET"]}}],"collection":[{"href":"http:\/\/klubmamgdynia.pl\/index.php\/wp-json\/wp\/v2\/product"}],"about":[{"href":"http:\/\/klubmamgdynia.pl\/index.php\/wp-json\/wp\/v2\/types\/product"}],"replies":[{"embeddable":true,"href":"http:\/\/klubmamgdynia.pl\/index.php\/wp-json\/wp\/v2\/comments?post=4155"}],"wp:featuredmedia":[{"embeddable":true,"href":"http:\/\/klubmamgdynia.pl\/index.php\/wp-json\/wp\/v2\/media\/4156"}],"wp:attachment":[{"href":"http:\/\/klubmamgdynia.pl\/index.php\/wp-json\/wp\/v2\/media?parent=4155"}],"wp:term":[{"taxonomy":"product_cat","embeddable":true,"href":"http:\/\/klubmamgdynia.pl\/index.php\/wp-json\/wp\/v2\/product_cat?post=4155"},{"taxonomy":"product_tag","embeddable":true,"href":"http:\/\/klubmamgdynia.pl\/index.php\/wp-json\/wp\/v2\/product_tag?post=4155"}],"curies":[{"name":"wp","href":"https:\/\/api.w.org\/{rel}","templated":true}]}}