{"id":4157,"date":"2016-07-24T15:18:11","date_gmt":"2016-07-24T13:18:11","guid":{"rendered":"http:\/\/klubmamgdynia.pl\/index.php\/produkt\/nanolab-dezynfekcja-pogromca-wirusow-marvel-30ml\/"},"modified":"2026-04-26T10:26:32","modified_gmt":"2026-04-26T08:26:32","slug":"nanolab-dezynfekcja-pogromca-wirusow-marvel-30ml","status":"publish","type":"product","link":"http:\/\/klubmamgdynia.pl\/index.php\/produkt\/nanolab-dezynfekcja-pogromca-wirusow-marvel-30ml\/","title":{"rendered":"Nanolab Dezynfekcja Pogromca Wirus\u00f3w Marvel 30Ml"},"content":{"rendered":"<h2>Nanolab Dezynfekcja Pogromca Wirus\u00f3w Marvel 30Ml Nanolab<\/h2>\n<p>pomysly na prima aprilis, wiersz na dobranoc dla dzieci, wielkanocne zagadki dla dzieci, kolorowanki pi\u0142karskie, liwia imi\u0119, kolorowanki wed\u0142ug kodu do druku, roszpunka kolorowanka, rodzina sentencja, dobrej nocy i sza, kolorowanki na andrzejki do wydruku, cytat z kubusia puchatka o mi\u0142o\u015bci, proste origami dla dzieci, ida swieta wielkanocne ida swieta, cytaty na dzien dziecka, izabela imie, literki do pisania do druku, quiz o hejka tu lenka, dobrej nocy, ma\u0142y ksi\u0105\u017c\u0119 sprawdzian, farma dyni poznan, w uk\u0142adzie s\u0142onecznym tekst<\/p>\n<p>yyyyy<\/p>\n<p>&nbsp;<\/p>\n","protected":false},"excerpt":{"rendered":"<p>Nanolab Dezynfekcja Pogromca Wirus\u00f3w Marvel 30Ml Nanolab pomysly na prima aprilis, wiersz na dobranoc dla dzieci, wielkanocne zagadki dla dzieci, kolorowanki pi\u0142karskie, liwia imi\u0119, kolorowanki wed\u0142ug kodu do druku, roszpunka kolorowanka, rodzina sentencja, dobrej nocy i sza, kolorowanki na andrzejki do wydruku, cytat z kubusia puchatka o mi\u0142o\u015bci, proste origami dla dzieci, ida swieta wielkanocne [&hellip;]<\/p>\n","protected":false},"featured_media":4158,"comment_status":"closed","ping_status":"open","template":"","meta":[],"product_cat":[474,1193],"product_tag":[703,735,798,736],"class_list":["post-4157","product","type-product","status-publish","has-post-thumbnail","hentry","product_cat-kosmetyki-dla-dzieci-i-niemowlat","product_cat-nanolab","product_tag-prezent-dla-nastolatki","product_tag-prezent-na-roczek-dziewczynka","product_tag-prezenty-dla-nastolatki","product_tag-zabawki-na-roczek"],"_links":{"self":[{"href":"http:\/\/klubmamgdynia.pl\/index.php\/wp-json\/wp\/v2\/product\/4157","targetHints":{"allow":["GET"]}}],"collection":[{"href":"http:\/\/klubmamgdynia.pl\/index.php\/wp-json\/wp\/v2\/product"}],"about":[{"href":"http:\/\/klubmamgdynia.pl\/index.php\/wp-json\/wp\/v2\/types\/product"}],"replies":[{"embeddable":true,"href":"http:\/\/klubmamgdynia.pl\/index.php\/wp-json\/wp\/v2\/comments?post=4157"}],"wp:featuredmedia":[{"embeddable":true,"href":"http:\/\/klubmamgdynia.pl\/index.php\/wp-json\/wp\/v2\/media\/4158"}],"wp:attachment":[{"href":"http:\/\/klubmamgdynia.pl\/index.php\/wp-json\/wp\/v2\/media?parent=4157"}],"wp:term":[{"taxonomy":"product_cat","embeddable":true,"href":"http:\/\/klubmamgdynia.pl\/index.php\/wp-json\/wp\/v2\/product_cat?post=4157"},{"taxonomy":"product_tag","embeddable":true,"href":"http:\/\/klubmamgdynia.pl\/index.php\/wp-json\/wp\/v2\/product_tag?post=4157"}],"curies":[{"name":"wp","href":"https:\/\/api.w.org\/{rel}","templated":true}]}}