{"id":4159,"date":"2017-05-15T11:14:38","date_gmt":"2017-05-15T09:14:38","guid":{"rendered":"http:\/\/klubmamgdynia.pl\/index.php\/produkt\/bo-jungle-adapter-wc-b-toilet-pastel-pink\/"},"modified":"2026-05-01T00:46:33","modified_gmt":"2026-04-30T22:46:33","slug":"bo-jungle-adapter-wc-b-toilet-pastel-pink","status":"publish","type":"product","link":"http:\/\/klubmamgdynia.pl\/index.php\/produkt\/bo-jungle-adapter-wc-b-toilet-pastel-pink\/","title":{"rendered":"Bo Jungle Adapter Wc B Toilet Pastel Pink"},"content":{"rendered":"<p>Adapter WC marki Bo Jungle dla wi\u0119kszego bezpiecze\u0144stwa i stabilno\u015bci dziecka. Adapter posiada praktyczne uchwyty oraz wyjmowan\u0105, mi\u0119kk\u0105 wy\u015bci\u00f3\u0142k\u0119, kt\u00f3ra zapewnia maksymaln\u0105 wygod\u0119. Przeznaczony dla dzieci od 2. do 5. roku \u017cycia (maks. waga 25 kg).<\/p>\n<h2>Bo Jungle Adapter Wc B Toilet Pastel Pink Bo Jungle<\/h2>\n<p>zagadki matematyczne logiczne, \u015bwi\u0105teczne filmy familijne, quiz kajko i kokosz szko\u0142a latania, cytaty dziecko, kolorowanki do druku peppa, maska karnawa\u0142owa pdf, piesek kolorowanka, halszka, wielkanocne zagadki, kolorowanka anio\u0142ek, pawe\u0142, cytaty o nauczycielach, kotki kolorowanka, filmy wigilijne dla dzieci, halloween dla dzieci 2021<\/p>\n<p>yyyyy<\/p>\n<p>&nbsp;<\/p>\n","protected":false},"excerpt":{"rendered":"<p>Adapter WC marki Bo Jungle dla wi\u0119kszego bezpiecze\u0144stwa i stabilno\u015bci dziecka. Adapter posiada praktyczne uchwyty oraz wyjmowan\u0105, mi\u0119kk\u0105 wy\u015bci\u00f3\u0142k\u0119, kt\u00f3ra zapewnia maksymaln\u0105 wygod\u0119. Przeznaczony dla dzieci od 2. do 5. roku \u017cycia (maks. waga 25 kg). Bo Jungle Adapter Wc B Toilet Pastel Pink Bo Jungle zagadki matematyczne logiczne, \u015bwi\u0105teczne filmy familijne, quiz kajko i [&hellip;]<\/p>\n","protected":false},"featured_media":4160,"comment_status":"closed","ping_status":"open","template":"","meta":[],"product_cat":[1120,354],"product_tag":[748,704,705,804],"class_list":["post-4159","product","type-product","status-publish","has-post-thumbnail","hentry","product_cat-bo-jungle","product_cat-nocniki-nakladki-na-wc-i-podesty","product_tag-okolice-wroclawia-atrakcje","product_tag-prezent-dla-nastolatka","product_tag-prezent-na-roczek-dla-chlopca","product_tag-ryz-z-owocami"],"_links":{"self":[{"href":"http:\/\/klubmamgdynia.pl\/index.php\/wp-json\/wp\/v2\/product\/4159","targetHints":{"allow":["GET"]}}],"collection":[{"href":"http:\/\/klubmamgdynia.pl\/index.php\/wp-json\/wp\/v2\/product"}],"about":[{"href":"http:\/\/klubmamgdynia.pl\/index.php\/wp-json\/wp\/v2\/types\/product"}],"replies":[{"embeddable":true,"href":"http:\/\/klubmamgdynia.pl\/index.php\/wp-json\/wp\/v2\/comments?post=4159"}],"wp:featuredmedia":[{"embeddable":true,"href":"http:\/\/klubmamgdynia.pl\/index.php\/wp-json\/wp\/v2\/media\/4160"}],"wp:attachment":[{"href":"http:\/\/klubmamgdynia.pl\/index.php\/wp-json\/wp\/v2\/media?parent=4159"}],"wp:term":[{"taxonomy":"product_cat","embeddable":true,"href":"http:\/\/klubmamgdynia.pl\/index.php\/wp-json\/wp\/v2\/product_cat?post=4159"},{"taxonomy":"product_tag","embeddable":true,"href":"http:\/\/klubmamgdynia.pl\/index.php\/wp-json\/wp\/v2\/product_tag?post=4159"}],"curies":[{"name":"wp","href":"https:\/\/api.w.org\/{rel}","templated":true}]}}