{"id":4161,"date":"2011-04-29T11:18:27","date_gmt":"2011-04-29T09:18:27","guid":{"rendered":"http:\/\/klubmamgdynia.pl\/index.php\/produkt\/goliath-zoomball-hydro\/"},"modified":"2026-05-17T21:25:10","modified_gmt":"2026-05-17T19:25:10","slug":"goliath-zoomball-hydro","status":"publish","type":"product","link":"http:\/\/klubmamgdynia.pl\/index.php\/produkt\/goliath-zoomball-hydro\/","title":{"rendered":"Goliath Zoomball Hydro"},"content":{"rendered":"<p>Przygotuj si\u0119 na du\u017co zabawy dzi\u0119ki Zoomball Hydro!Gra rozgrywana jest parami.Zatrzymaj Zoomball na \u015brodku linki. Chwy\u0107 r\u0105czki i szybko otw\u00f3rz ramiona &#8211; wy\u015blij pocisk ZOOMBALL do twojego przeciwnika. Uwaga! Zbli\u017ca si\u0119 Zoomball! Szybko otw\u00f3rz ramiona aby go odes\u0142a\u0107! Nie zd\u0105\u017cy\u0142e\u015b? B\u0119dziesz mokry!Informacje o produkcieNr katalogowy 31748Marka (Zabawki) BrakObszar (zabawa na zewn\u0105trz) OgrodoweRodzaj (zabawa na zewn\u0105trz) GryKolor (wyliczeniowy) \u017b\u00f3\u0142tyWymagania wiekowe od 8 latP\u0142e\u0107 (zabawki) Dziewczynki i ch\u0142opcyPozosta\u0142e parametryWymiary opakowania: 56.5 x 40 x 26.5 cm<\/p>\n<h2>Goliath Zoomball Hydro Goliath<\/h2>\n<p>kolorowanki dla dziewczynek, kr\u00f3tkie \u017cyczenia wielkanocne dla dzieci, zaczarowana zagroda &#8211; test, anio\u0142 rysunek prosty, opisy o rodzinie, leon imi\u0119<\/p>\n<p>yyyyy<\/p>\n<p>&nbsp;<\/p>\n","protected":false},"excerpt":{"rendered":"<p>Przygotuj si\u0119 na du\u017co zabawy dzi\u0119ki Zoomball Hydro!Gra rozgrywana jest parami.Zatrzymaj Zoomball na \u015brodku linki. Chwy\u0107 r\u0105czki i szybko otw\u00f3rz ramiona &#8211; wy\u015blij pocisk ZOOMBALL do twojego przeciwnika. Uwaga! Zbli\u017ca si\u0119 Zoomball! Szybko otw\u00f3rz ramiona aby go odes\u0142a\u0107! Nie zd\u0105\u017cy\u0142e\u015b? B\u0119dziesz mokry!Informacje o produkcieNr katalogowy 31748Marka (Zabawki) BrakObszar (zabawa na zewn\u0105trz) OgrodoweRodzaj (zabawa na zewn\u0105trz) [&hellip;]<\/p>\n","protected":false},"featured_media":4162,"comment_status":"closed","ping_status":"open","template":"","meta":[],"product_cat":[1173,295],"product_tag":[781,755,679,604],"class_list":["post-4161","product","type-product","status-publish","has-post-thumbnail","hentry","product_cat-goliath","product_cat-pozostale-zabawki","product_tag-cytaty-o-wychowaniu-dzieci","product_tag-henryk","product_tag-zabawki-na-roczek-dla-dziewczynki","product_tag-zagadki-trudne"],"_links":{"self":[{"href":"http:\/\/klubmamgdynia.pl\/index.php\/wp-json\/wp\/v2\/product\/4161","targetHints":{"allow":["GET"]}}],"collection":[{"href":"http:\/\/klubmamgdynia.pl\/index.php\/wp-json\/wp\/v2\/product"}],"about":[{"href":"http:\/\/klubmamgdynia.pl\/index.php\/wp-json\/wp\/v2\/types\/product"}],"replies":[{"embeddable":true,"href":"http:\/\/klubmamgdynia.pl\/index.php\/wp-json\/wp\/v2\/comments?post=4161"}],"wp:featuredmedia":[{"embeddable":true,"href":"http:\/\/klubmamgdynia.pl\/index.php\/wp-json\/wp\/v2\/media\/4162"}],"wp:attachment":[{"href":"http:\/\/klubmamgdynia.pl\/index.php\/wp-json\/wp\/v2\/media?parent=4161"}],"wp:term":[{"taxonomy":"product_cat","embeddable":true,"href":"http:\/\/klubmamgdynia.pl\/index.php\/wp-json\/wp\/v2\/product_cat?post=4161"},{"taxonomy":"product_tag","embeddable":true,"href":"http:\/\/klubmamgdynia.pl\/index.php\/wp-json\/wp\/v2\/product_tag?post=4161"}],"curies":[{"name":"wp","href":"https:\/\/api.w.org\/{rel}","templated":true}]}}