{"id":4163,"date":"2017-03-16T03:29:39","date_gmt":"2017-03-16T02:29:39","guid":{"rendered":"http:\/\/klubmamgdynia.pl\/index.php\/produkt\/hipo-owca-chodzaca-plastikowa-16-cm-hma05\/"},"modified":"2026-05-17T23:29:44","modified_gmt":"2026-05-17T21:29:44","slug":"hipo-owca-chodzaca-plastikowa-16-cm-hma05","status":"publish","type":"product","link":"http:\/\/klubmamgdynia.pl\/index.php\/produkt\/hipo-owca-chodzaca-plastikowa-16-cm-hma05\/","title":{"rendered":"Hipo Owca chodz\u0105ca plastikowa 16 cm (HMA05)"},"content":{"rendered":"<p>Zabawka w ksztacie owcy z plastiku posiada elementy ruchome, wietlne i dwikowe.Owieczka zasilana bateriami: 2&#215;1,5VAA(brak w zestawie).Zabawka wystpuje w kilku wersjach kolorystycznych(sprzedawana oddzielnie).Wymiary opakowania zbiorczego: 32x27x13cmWiek:3+<\/p>\n<h2>Hipo Owca chodz\u0105ca plastikowa 16 cm (HMA05) Hipo<\/h2>\n<p>bezwarunkowa mi\u0142o\u015b\u0107 do dziecka cytaty, sentencje o przyja\u017ani, kartka walentynkow\u0105 przedszkole, kolorowanka \u015bwinka peppa, jak zapakowa\u0107 prezent dla dziecka, park ujazdowski, cytaty o dzieciach i rodzicach, dalia imi\u0119, wiersz na dobranoc dla dzieci, piosenka dla mamy tekst, czasdzieci krak\u00f3w, kolorowanki kotka, czasdzieci krak\u00f3w, zaproszenie na urodziny dziecka do druku, zaproszenia na urodziny do wydruku czarno bia\u0142e<\/p>\n<p>yyyyy<\/p>\n<p>&nbsp;<\/p>\n","protected":false},"excerpt":{"rendered":"<p>Zabawka w ksztacie owcy z plastiku posiada elementy ruchome, wietlne i dwikowe.Owieczka zasilana bateriami: 2&#215;1,5VAA(brak w zestawie).Zabawka wystpuje w kilku wersjach kolorystycznych(sprzedawana oddzielnie).Wymiary opakowania zbiorczego: 32x27x13cmWiek:3+ Hipo Owca chodz\u0105ca plastikowa 16 cm (HMA05) Hipo bezwarunkowa mi\u0142o\u015b\u0107 do dziecka cytaty, sentencje o przyja\u017ani, kartka walentynkow\u0105 przedszkole, kolorowanka \u015bwinka peppa, jak zapakowa\u0107 prezent dla dziecka, park ujazdowski, [&hellip;]<\/p>\n","protected":false},"featured_media":4164,"comment_status":"closed","ping_status":"open","template":"","meta":[],"product_cat":[95,310],"product_tag":[801,848,651,661],"class_list":["post-4163","product","type-product","status-publish","has-post-thumbnail","hentry","product_cat-figurki-makiety-i-zestawy","product_cat-hipo","product_tag-bajki-terapeutyczne-o-emocjach","product_tag-cytat-o-rodzinie","product_tag-quizy-online","product_tag-swinka-peppa-kolorowanka"],"_links":{"self":[{"href":"http:\/\/klubmamgdynia.pl\/index.php\/wp-json\/wp\/v2\/product\/4163","targetHints":{"allow":["GET"]}}],"collection":[{"href":"http:\/\/klubmamgdynia.pl\/index.php\/wp-json\/wp\/v2\/product"}],"about":[{"href":"http:\/\/klubmamgdynia.pl\/index.php\/wp-json\/wp\/v2\/types\/product"}],"replies":[{"embeddable":true,"href":"http:\/\/klubmamgdynia.pl\/index.php\/wp-json\/wp\/v2\/comments?post=4163"}],"wp:featuredmedia":[{"embeddable":true,"href":"http:\/\/klubmamgdynia.pl\/index.php\/wp-json\/wp\/v2\/media\/4164"}],"wp:attachment":[{"href":"http:\/\/klubmamgdynia.pl\/index.php\/wp-json\/wp\/v2\/media?parent=4163"}],"wp:term":[{"taxonomy":"product_cat","embeddable":true,"href":"http:\/\/klubmamgdynia.pl\/index.php\/wp-json\/wp\/v2\/product_cat?post=4163"},{"taxonomy":"product_tag","embeddable":true,"href":"http:\/\/klubmamgdynia.pl\/index.php\/wp-json\/wp\/v2\/product_tag?post=4163"}],"curies":[{"name":"wp","href":"https:\/\/api.w.org\/{rel}","templated":true}]}}