{"id":4167,"date":"2020-07-10T08:11:59","date_gmt":"2020-07-10T06:11:59","guid":{"rendered":"http:\/\/klubmamgdynia.pl\/index.php\/produkt\/barbie-ubranko-kariera-rajdowiec-fnd49-ghx38\/"},"modified":"2026-04-24T05:13:35","modified_gmt":"2026-04-24T03:13:35","slug":"barbie-ubranko-kariera-rajdowiec-fnd49-ghx38","status":"publish","type":"product","link":"http:\/\/klubmamgdynia.pl\/index.php\/produkt\/barbie-ubranko-kariera-rajdowiec-fnd49-ghx38\/","title":{"rendered":"Barbie Ubranko Kariera Rajdowiec FND49 GHX38"},"content":{"rendered":"<p>Odkrywaj swoje zawodowe pasje i marzenia z Barbie, kt\u00f3ra wie, \u017ce nie ma rzeczy niemo\u017cliwych! Ka\u017cda stylizacja zawiera dopasowany do wykonywanego zawodu str\u00f3j w charakterystycznym stylu i dobrane akcesoria, kt\u00f3re dodatkowo wzbogac\u0105 zabaw\u0119.Ubranka pasuj\u0105 na wszystkie lalki Barbie.W zestawie:kombinezon,trofeum.<\/p>\n<h2>Barbie Ubranko Kariera Rajdowiec FND49 GHX38 Barbie<\/h2>\n<p>rzadkie imiona japo\u0144skie, quiz opowie\u015bci z narnii lew czarownica i stara szafa, ma\u0142y ksi\u0105\u017c\u0119 cytaty o przyja\u017ani, zagadki o wio\u015bnie dla dzieci, zagadki typu co to jest, ozdoby wielkanocne z dzie\u0107mi, atrakcje we wroc\u0142awiu dla dzieci, test z lektury dzieci z bullerbyn, co na prezent dla nastolatk\u00f3w, test z lektury magiczne drzewo czerwone krzes\u0142o<\/p>\n<p>yyyyy<\/p>\n<p>&nbsp;<\/p>\n","protected":false},"excerpt":{"rendered":"<p>Odkrywaj swoje zawodowe pasje i marzenia z Barbie, kt\u00f3ra wie, \u017ce nie ma rzeczy niemo\u017cliwych! Ka\u017cda stylizacja zawiera dopasowany do wykonywanego zawodu str\u00f3j w charakterystycznym stylu i dobrane akcesoria, kt\u00f3re dodatkowo wzbogac\u0105 zabaw\u0119.Ubranka pasuj\u0105 na wszystkie lalki Barbie.W zestawie:kombinezon,trofeum. Barbie Ubranko Kariera Rajdowiec FND49 GHX38 Barbie rzadkie imiona japo\u0144skie, quiz opowie\u015bci z narnii lew czarownica [&hellip;]<\/p>\n","protected":false},"featured_media":4168,"comment_status":"closed","ping_status":"open","template":"","meta":[],"product_cat":[173,50],"product_tag":[781,681,749,745,822],"class_list":["post-4167","product","type-product","status-publish","has-post-thumbnail","hentry","product_cat-barbie","product_cat-ubranka-i-buty-dla-lalek","product_tag-cytaty-o-wychowaniu-dzieci","product_tag-flagi-europy-quiz","product_tag-najlepsze-zarty-na-prima-aprilis","product_tag-prezent-dla-15-latki","product_tag-wierszyki-o-wakacjach-krotkie"],"_links":{"self":[{"href":"http:\/\/klubmamgdynia.pl\/index.php\/wp-json\/wp\/v2\/product\/4167","targetHints":{"allow":["GET"]}}],"collection":[{"href":"http:\/\/klubmamgdynia.pl\/index.php\/wp-json\/wp\/v2\/product"}],"about":[{"href":"http:\/\/klubmamgdynia.pl\/index.php\/wp-json\/wp\/v2\/types\/product"}],"replies":[{"embeddable":true,"href":"http:\/\/klubmamgdynia.pl\/index.php\/wp-json\/wp\/v2\/comments?post=4167"}],"wp:featuredmedia":[{"embeddable":true,"href":"http:\/\/klubmamgdynia.pl\/index.php\/wp-json\/wp\/v2\/media\/4168"}],"wp:attachment":[{"href":"http:\/\/klubmamgdynia.pl\/index.php\/wp-json\/wp\/v2\/media?parent=4167"}],"wp:term":[{"taxonomy":"product_cat","embeddable":true,"href":"http:\/\/klubmamgdynia.pl\/index.php\/wp-json\/wp\/v2\/product_cat?post=4167"},{"taxonomy":"product_tag","embeddable":true,"href":"http:\/\/klubmamgdynia.pl\/index.php\/wp-json\/wp\/v2\/product_tag?post=4167"}],"curies":[{"name":"wp","href":"https:\/\/api.w.org\/{rel}","templated":true}]}}