{"id":4169,"date":"2024-04-12T20:51:54","date_gmt":"2024-04-12T18:51:54","guid":{"rendered":"http:\/\/klubmamgdynia.pl\/?post_type=product&#038;p=4169"},"modified":"2026-05-17T22:03:00","modified_gmt":"2026-05-17T20:03:00","slug":"cleanic-baby-eco-organic-biodegradowalne-platki-bawelniane-dla-niemowlat-i-dzieci-6-opakowan-po-60szt","status":"publish","type":"product","link":"http:\/\/klubmamgdynia.pl\/index.php\/produkt\/cleanic-baby-eco-organic-biodegradowalne-platki-bawelniane-dla-niemowlat-i-dzieci-6-opakowan-po-60szt\/","title":{"rendered":"Cleanic Baby Eco Organic Biodegradowalne P\u0142atki Bawe\u0142niane Dla Niemowl\u0105t I Dzieci 6 Opakowa\u0144 Po 60Szt"},"content":{"rendered":"<p>CLEANIC Baby ECO Organic Biodegradowalne P\u0142atki Bawe\u0142niane Dla Niemowl\u0105t i Dzieci 6 Opakowa\u0144 Po 60szt 9755 Delikatne p\u0142atki dla dzieci i niemowl\u0105t wykonane w 100% z bawe\u0142ny organicznej. Bawe\u0142na organiczna uprawiana jest na plantacjach, na kt\u00f3rych nie s\u0105 stosowane pestycydy, ani chemiczne dodatki do nawoz\u00f3w. Bawe\u0142niane p\u0142atki dla niemowl\u0105t. Umo\u017cliwiaj\u0105 wygodn\u0105 piel\u0119gnacj\u0119 z u\u017cyciem wody, oliwki, kremu lub zasypki. Polecane do codziennego przemywania i osuszania twarzy oraz cia\u0142a dziecka (fa\u0142dek sk\u00f3rnych, pachwin, pach). P\u0142atki maj\u0105 delikatne brzegi, nie pozostawiaj\u0105 w\u0142\u00f3kien, nie rozwarstwiaj\u0105 si\u0119.Cechy:Biodegradowalne 100% bawe\u0142na organicznaOpakowanie w pe\u0142ni podlega recyklingowi.P\u0142atki umo\u017cliwiaj\u0105 wygodn\u0105 piel\u0119gnacje z u\u017cyciem wody, oliwki, kremu czy zasypki.Nie rozwarstwiaj\u0105 si\u0119, nie pozostawiaj\u0105 w\u0142\u00f3kien, maj\u0105 delikatne brzegi, idealne do przemywania i osuszania twarzy oraz cia\u0142a dziecka.Produkt posiada certyfikacje Ecocert, Vegan, Cotton NaturalZestaw zawiera 6 opakowa\u0144 p\u0142atk\u00f3w.<\/p>\n<h2>Cleanic Baby Eco Organic Biodegradowalne P\u0142atki Bawe\u0142niane Dla Niemowl\u0105t I Dzieci 6 Opakowa\u0144 Po 60Szt Cleanic<\/h2>\n<p>alfabet kolorowanki, test z asiuni lektury, place zabaw warszawa, prezent dla 14 latki, znaki drogowe do druku, szkic jak narysowa\u0107 kota, kr\u00f3tkie zagadki dla doros\u0142ych, sk\u0142adniki do pizzy kolorowanka, malgorzata znaczenie imienia, kolorowanka my little pony, samoch\u00f3d kolorowanka do druku, prezent dla nastolatk\u00f3w 2021, janusz korczak cytaty, zagadki dla ma\u0142ych dzieci, spiderman do druku<\/p>\n<p>yyyyy<\/p>\n<p>&nbsp;<\/p>\n","protected":false},"excerpt":{"rendered":"<p>CLEANIC Baby ECO Organic Biodegradowalne P\u0142atki Bawe\u0142niane Dla Niemowl\u0105t i Dzieci 6 Opakowa\u0144 Po 60szt 9755 Delikatne p\u0142atki dla dzieci i niemowl\u0105t wykonane w 100% z bawe\u0142ny organicznej. Bawe\u0142na organiczna uprawiana jest na plantacjach, na kt\u00f3rych nie s\u0105 stosowane pestycydy, ani chemiczne dodatki do nawoz\u00f3w. Bawe\u0142niane p\u0142atki dla niemowl\u0105t. Umo\u017cliwiaj\u0105 wygodn\u0105 piel\u0119gnacj\u0119 z u\u017cyciem wody, [&hellip;]<\/p>\n","protected":false},"featured_media":4170,"comment_status":"closed","ping_status":"open","template":"","meta":[],"product_cat":[1195,474],"product_tag":[836,776,775,689,715],"class_list":["post-4169","product","type-product","status-publish","has-post-thumbnail","hentry","product_cat-cleanic","product_cat-kosmetyki-dla-dzieci-i-niemowlat","product_tag-co-kupic-dziecku-na-roczek","product_tag-dobrej-nocy","product_tag-kolorowanki-do-druku-pokemon","product_tag-linda","product_tag-zosia-samosia"],"_links":{"self":[{"href":"http:\/\/klubmamgdynia.pl\/index.php\/wp-json\/wp\/v2\/product\/4169","targetHints":{"allow":["GET"]}}],"collection":[{"href":"http:\/\/klubmamgdynia.pl\/index.php\/wp-json\/wp\/v2\/product"}],"about":[{"href":"http:\/\/klubmamgdynia.pl\/index.php\/wp-json\/wp\/v2\/types\/product"}],"replies":[{"embeddable":true,"href":"http:\/\/klubmamgdynia.pl\/index.php\/wp-json\/wp\/v2\/comments?post=4169"}],"wp:featuredmedia":[{"embeddable":true,"href":"http:\/\/klubmamgdynia.pl\/index.php\/wp-json\/wp\/v2\/media\/4170"}],"wp:attachment":[{"href":"http:\/\/klubmamgdynia.pl\/index.php\/wp-json\/wp\/v2\/media?parent=4169"}],"wp:term":[{"taxonomy":"product_cat","embeddable":true,"href":"http:\/\/klubmamgdynia.pl\/index.php\/wp-json\/wp\/v2\/product_cat?post=4169"},{"taxonomy":"product_tag","embeddable":true,"href":"http:\/\/klubmamgdynia.pl\/index.php\/wp-json\/wp\/v2\/product_tag?post=4169"}],"curies":[{"name":"wp","href":"https:\/\/api.w.org\/{rel}","templated":true}]}}