{"id":417,"date":"2014-06-11T11:21:55","date_gmt":"2014-06-11T09:21:55","guid":{"rendered":"http:\/\/klubmamgdynia.pl\/?post_type=product&#038;p=417"},"modified":"2026-04-29T12:10:02","modified_gmt":"2026-04-29T10:10:02","slug":"carrera-110-125","status":"publish","type":"product","link":"http:\/\/klubmamgdynia.pl\/index.php\/produkt\/carrera-110-125\/","title":{"rendered":"Carrera 110-125"},"content":{"rendered":"<h2>Carrera 110-125 Carrera<\/h2>\n<p>test z lektury ania z zielonego wzg\u00f3rza klasa 6 z odpowiedziami, mi\u0142osz imi\u0119, wiersze \u0142ama\u0144ce j\u0119zykowe dla dzieci, zagadki logiczne dla dzieci, quizy o minecraft, kolorowanka pokemon, literki, zagadka nie do rozwi\u0105zania, pikachu kolorowanka, niech \u017cyj\u0105 wakacje tekst, sonia imi\u0119, oryginalny prezent dla nastolatk\u00f3w, rysowanie po \u015bladzie pdf, 45 pa\u0144stw europy i ich stolice quiz, ko\u0142ysanki dla dzieci + tekst, maska iron man<\/p>\n<p>yyyyy<\/p>\n<p>&nbsp;<\/p>\n","protected":false},"excerpt":{"rendered":"<p>Carrera 110-125 Carrera test z lektury ania z zielonego wzg\u00f3rza klasa 6 z odpowiedziami, mi\u0142osz imi\u0119, wiersze \u0142ama\u0144ce j\u0119zykowe dla dzieci, zagadki logiczne dla dzieci, quizy o minecraft, kolorowanka pokemon, literki, zagadka nie do rozwi\u0105zania, pikachu kolorowanka, niech \u017cyj\u0105 wakacje tekst, sonia imi\u0119, oryginalny prezent dla nastolatk\u00f3w, rysowanie po \u015bladzie pdf, 45 pa\u0144stw europy i [&hellip;]<\/p>\n","protected":false},"featured_media":418,"comment_status":"closed","ping_status":"open","template":"","meta":[],"product_cat":[140,168],"product_tag":[845,643,736,725,615],"class_list":["post-417","product","type-product","status-publish","has-post-thumbnail","hentry","product_cat-carrera","product_cat-paski-meskie","product_tag-ach-spij-kochanie-tekst","product_tag-prezent-dla-17-latki","product_tag-zabawki-na-roczek","product_tag-zgadywanki","product_tag-znane-misie-z-filmow-animowanych"],"_links":{"self":[{"href":"http:\/\/klubmamgdynia.pl\/index.php\/wp-json\/wp\/v2\/product\/417","targetHints":{"allow":["GET"]}}],"collection":[{"href":"http:\/\/klubmamgdynia.pl\/index.php\/wp-json\/wp\/v2\/product"}],"about":[{"href":"http:\/\/klubmamgdynia.pl\/index.php\/wp-json\/wp\/v2\/types\/product"}],"replies":[{"embeddable":true,"href":"http:\/\/klubmamgdynia.pl\/index.php\/wp-json\/wp\/v2\/comments?post=417"}],"wp:featuredmedia":[{"embeddable":true,"href":"http:\/\/klubmamgdynia.pl\/index.php\/wp-json\/wp\/v2\/media\/418"}],"wp:attachment":[{"href":"http:\/\/klubmamgdynia.pl\/index.php\/wp-json\/wp\/v2\/media?parent=417"}],"wp:term":[{"taxonomy":"product_cat","embeddable":true,"href":"http:\/\/klubmamgdynia.pl\/index.php\/wp-json\/wp\/v2\/product_cat?post=417"},{"taxonomy":"product_tag","embeddable":true,"href":"http:\/\/klubmamgdynia.pl\/index.php\/wp-json\/wp\/v2\/product_tag?post=417"}],"curies":[{"name":"wp","href":"https:\/\/api.w.org\/{rel}","templated":true}]}}