{"id":4171,"date":"2017-09-27T13:38:56","date_gmt":"2017-09-27T11:38:56","guid":{"rendered":"http:\/\/klubmamgdynia.pl\/index.php\/produkt\/reig-zabawka-muzyczna-beben-plastikowy\/"},"modified":"2026-04-29T04:50:20","modified_gmt":"2026-04-29T02:50:20","slug":"reig-zabawka-muzyczna-beben-plastikowy","status":"publish","type":"product","link":"http:\/\/klubmamgdynia.pl\/index.php\/produkt\/reig-zabawka-muzyczna-beben-plastikowy\/","title":{"rendered":"Reig Zabawka Muzyczna B\u0119ben Plastikowy"},"content":{"rendered":"<h2>Reig Zabawka Muzyczna B\u0119ben Plastikowy REIG<\/h2>\n<p>wroc\u0142aw dla dzieci, miko\u0142ajek sprawdzian z lektury z odpowiedziami, zaproszenie na urodziny, test z narnii lew czarownica i stara szafa, prezent dla 13 latki na \u015bwi\u0119ta, wilga, wpad\u0142a bomba do piwnicy, piesek kolorowanka<\/p>\n<p>yyyyy<\/p>\n<p>&nbsp;<\/p>\n","protected":false},"excerpt":{"rendered":"<p>Reig Zabawka Muzyczna B\u0119ben Plastikowy REIG wroc\u0142aw dla dzieci, miko\u0142ajek sprawdzian z lektury z odpowiedziami, zaproszenie na urodziny, test z narnii lew czarownica i stara szafa, prezent dla 13 latki na \u015bwi\u0119ta, wilga, wpad\u0142a bomba do piwnicy, piesek kolorowanka yyyyy &nbsp;<\/p>\n","protected":false},"featured_media":4172,"comment_status":"closed","ping_status":"open","template":"","meta":[],"product_cat":[1172,155],"product_tag":[825,748,745,620,714,633],"class_list":["post-4171","product","type-product","status-publish","has-post-thumbnail","hentry","product_cat-reig","product_cat-zabawki-muzyczne","product_tag-bajka-na-dobranoc-do-czytania","product_tag-okolice-wroclawia-atrakcje","product_tag-prezent-dla-15-latki","product_tag-quiz-opowiesci-z-narnii","product_tag-zagadki-logiczne","product_tag-zagadki-z-odpowiedziami"],"_links":{"self":[{"href":"http:\/\/klubmamgdynia.pl\/index.php\/wp-json\/wp\/v2\/product\/4171","targetHints":{"allow":["GET"]}}],"collection":[{"href":"http:\/\/klubmamgdynia.pl\/index.php\/wp-json\/wp\/v2\/product"}],"about":[{"href":"http:\/\/klubmamgdynia.pl\/index.php\/wp-json\/wp\/v2\/types\/product"}],"replies":[{"embeddable":true,"href":"http:\/\/klubmamgdynia.pl\/index.php\/wp-json\/wp\/v2\/comments?post=4171"}],"wp:featuredmedia":[{"embeddable":true,"href":"http:\/\/klubmamgdynia.pl\/index.php\/wp-json\/wp\/v2\/media\/4172"}],"wp:attachment":[{"href":"http:\/\/klubmamgdynia.pl\/index.php\/wp-json\/wp\/v2\/media?parent=4171"}],"wp:term":[{"taxonomy":"product_cat","embeddable":true,"href":"http:\/\/klubmamgdynia.pl\/index.php\/wp-json\/wp\/v2\/product_cat?post=4171"},{"taxonomy":"product_tag","embeddable":true,"href":"http:\/\/klubmamgdynia.pl\/index.php\/wp-json\/wp\/v2\/product_tag?post=4171"}],"curies":[{"name":"wp","href":"https:\/\/api.w.org\/{rel}","templated":true}]}}