{"id":4173,"date":"2023-01-12T06:01:21","date_gmt":"2023-01-12T05:01:21","guid":{"rendered":"http:\/\/klubmamgdynia.pl\/?post_type=product&#038;p=4173"},"modified":"2026-04-30T20:13:00","modified_gmt":"2026-04-30T18:13:00","slug":"reig-pianino-edukacyjne-do-nauki-fisher-price-lew","status":"publish","type":"product","link":"http:\/\/klubmamgdynia.pl\/index.php\/produkt\/reig-pianino-edukacyjne-do-nauki-fisher-price-lew\/","title":{"rendered":"Reig Pianino Edukacyjne Do Nauki Fisher Price Lew"},"content":{"rendered":"<h2>Reig Pianino Edukacyjne Do Nauki Fisher Price Lew REIG<\/h2>\n<p>maska do druku, list do miko\u0142aja wz\u00f3r pdf, rzadkie imiona \u017ce\u0144skie, pomys\u0142y na prezent dla nastolatki, kalina imi\u0119, szablony do wyklejania plastelin\u0105, pch\u0142y na noc, zagadki dla dzieci 4-5 lat online, kolorowanki harry potter, kotek kolorowanka, test z lektury dzieci z bullerbyn, peppa do czytania, mi\u0142o\u015b\u0107 do dziecka cytaty, ma\u0142y ksi\u0105\u017c\u0119 cytaty o mi\u0142o\u015bci, test z narnii, cytaty ma\u0142y ksi\u0105\u017ce, prezent dla 16 latki, adriana imie, kolorowanka my little pony, rozrywka dla dzieci, sta\u0142a pod \u015bniegiem<\/p>\n<p>yyyyy<\/p>\n<p>&nbsp;<\/p>\n","protected":false},"excerpt":{"rendered":"<p>Reig Pianino Edukacyjne Do Nauki Fisher Price Lew REIG maska do druku, list do miko\u0142aja wz\u00f3r pdf, rzadkie imiona \u017ce\u0144skie, pomys\u0142y na prezent dla nastolatki, kalina imi\u0119, szablony do wyklejania plastelin\u0105, pch\u0142y na noc, zagadki dla dzieci 4-5 lat online, kolorowanki harry potter, kotek kolorowanka, test z lektury dzieci z bullerbyn, peppa do czytania, mi\u0142o\u015b\u0107 [&hellip;]<\/p>\n","protected":false},"featured_media":4174,"comment_status":"closed","ping_status":"open","template":"","meta":[],"product_cat":[1172,155],"product_tag":[871,583,787,614],"class_list":["post-4173","product","type-product","status-publish","has-post-thumbnail","hentry","product_cat-reig","product_cat-zabawki-muzyczne","product_tag-bajka-o-smoku-wawelskim","product_tag-kolysanki-dla-dzieci-tekst","product_tag-nauka-pisania-wyrazow-dla-dzieci-do-druku-pdf","product_tag-pia"],"_links":{"self":[{"href":"http:\/\/klubmamgdynia.pl\/index.php\/wp-json\/wp\/v2\/product\/4173","targetHints":{"allow":["GET"]}}],"collection":[{"href":"http:\/\/klubmamgdynia.pl\/index.php\/wp-json\/wp\/v2\/product"}],"about":[{"href":"http:\/\/klubmamgdynia.pl\/index.php\/wp-json\/wp\/v2\/types\/product"}],"replies":[{"embeddable":true,"href":"http:\/\/klubmamgdynia.pl\/index.php\/wp-json\/wp\/v2\/comments?post=4173"}],"wp:featuredmedia":[{"embeddable":true,"href":"http:\/\/klubmamgdynia.pl\/index.php\/wp-json\/wp\/v2\/media\/4174"}],"wp:attachment":[{"href":"http:\/\/klubmamgdynia.pl\/index.php\/wp-json\/wp\/v2\/media?parent=4173"}],"wp:term":[{"taxonomy":"product_cat","embeddable":true,"href":"http:\/\/klubmamgdynia.pl\/index.php\/wp-json\/wp\/v2\/product_cat?post=4173"},{"taxonomy":"product_tag","embeddable":true,"href":"http:\/\/klubmamgdynia.pl\/index.php\/wp-json\/wp\/v2\/product_tag?post=4173"}],"curies":[{"name":"wp","href":"https:\/\/api.w.org\/{rel}","templated":true}]}}