{"id":4175,"date":"2025-07-17T19:34:26","date_gmt":"2025-07-17T17:34:26","guid":{"rendered":"http:\/\/klubmamgdynia.pl\/?post_type=product&#038;p=4175"},"modified":"2026-04-19T03:56:26","modified_gmt":"2026-04-19T01:56:26","slug":"emily-lalka-ronglong-9922","status":"publish","type":"product","link":"http:\/\/klubmamgdynia.pl\/index.php\/produkt\/emily-lalka-ronglong-9922\/","title":{"rendered":"Emily Lalka Ronglong (9922)"},"content":{"rendered":"<p>Lalka 9922 RONGLONGLaleczka ma weso\u0142\u0105, s\u0142odk\u0105 mink\u0119 i du\u017ce oczka z d\u0142ugimi rz\u0119sami jak prawdziwy bobas.Ubrana jest w mi\u0119ciutkie kolorowe ubranko z polaru, w zestawie razem ze skarpetkami i czapeczk\u0105, bardzo starannie wykonane.Ubranko z \u0142atwo\u015bci\u0105 mo\u017cna zdj\u0105\u0107 i wypra\u0107 dzi\u0119ki czemu laleczk\u0119 \u0142atwo utrzyma\u0107 w czysto\u015bci.Przekonaj si\u0119 sama, ile wspania\u0142ej zabawy dostarczy Ci ten s\u0142odki bobas!alka ma sympatyczn\u0105 buzi\u0119, bajecznie kolorowe ubranka i przydatne akcesoria, a przede wszystkim kryje w sobie mn\u00f3stwo niespodzianek.Kreatywna i m\u0105dra zabawaTaka lalka to marzenie niejednej dziewczynki. Dzieci, kt\u00f3re lubi\u0105 opiekowa\u0107 si\u0119 lalkami lub maj\u0105 m\u0142odsze rodze\u0144stwo i ch\u0119tnie pomagaj\u0105 w opiece nad m\u0142odsz\u0105 siostr\u0105 lub bratem, z pewno\u015bci\u0105 sp\u0119dz\u0105 d\u0142ugie godziny na przyjemnej i m\u0105drej zabawie.Lalka jest zabawk\u0105 dydaktyczn\u0105, kt\u00f3ra poza spora doz\u0105 mi\u0142ej zabawy zapewnia Twojemu dziecku prawid\u0142owy rozw\u00f3j:rozwija \u015bwiadomo\u015b\u0107, opieku\u0144czo\u015b\u0107, koncentracj\u0119 oraz zdolno\u015b\u0107 do samodzielnego my\u015blenia,wspomaga rozw\u00f3j zdolno\u015bci manualnych i koordynacji wzrokowo-ruchowej,wprowadza w niezwyk\u0142y \u015bwiat kolor\u00f3w i kszta\u0142t\u00f3w,kszta\u0142tuje wyobra\u017ani\u0119,pomaga kreowa\u0107 nowe pomys\u0142y na ciekawe sp\u0119dzanie czasu.Jako\u015b\u0107 i bezpiecze\u0144stwoW trosce o najm\u0142odszych, zabawk\u0119 i akcesoria wykonano z wysokiej jako\u015bci, atestowanego tworzywa. Zabawka nie posiada \u017cadnych ostrych kraw\u0119dzi ani element\u00f3w, kt\u00f3rymi dziecko mog\u0142oby si\u0119 skaleczy\u0107.Pe\u0142ne bezpiecze\u0144stwo u\u017cytkowania potwierdza Europejski Certyfikat bezpiecze\u0144stwa CE.<\/p>\n<h2>Emily Lalka Ronglong (9922) Emily<\/h2>\n<p>linda, kolorowanki \u015bwi\u0119to niepodleg\u0142o\u015bci do druku, kolorowanka uk\u0142ad s\u0142oneczny dla dzieci do druku, liwia imi\u0119, asiunia &#8211; test z lektury pdf, andrea<\/p>\n<p>yyyyy<\/p>\n<p>&nbsp;<\/p>\n","protected":false},"excerpt":{"rendered":"<p>Lalka 9922 RONGLONGLaleczka ma weso\u0142\u0105, s\u0142odk\u0105 mink\u0119 i du\u017ce oczka z d\u0142ugimi rz\u0119sami jak prawdziwy bobas.Ubrana jest w mi\u0119ciutkie kolorowe ubranko z polaru, w zestawie razem ze skarpetkami i czapeczk\u0105, bardzo starannie wykonane.Ubranko z \u0142atwo\u015bci\u0105 mo\u017cna zdj\u0105\u0107 i wypra\u0107 dzi\u0119ki czemu laleczk\u0119 \u0142atwo utrzyma\u0107 w czysto\u015bci.Przekonaj si\u0119 sama, ile wspania\u0142ej zabawy dostarczy Ci ten s\u0142odki [&hellip;]<\/p>\n","protected":false},"featured_media":4176,"comment_status":"closed","ping_status":"open","template":"","meta":[],"product_cat":[1196,65],"product_tag":[680,583,872],"class_list":["post-4175","product","type-product","status-publish","has-post-thumbnail","hentry","product_cat-emily","product_cat-lalki","product_tag-cytaty-z-malego-ksiecia","product_tag-kolysanki-dla-dzieci-tekst","product_tag-zagadki-dla-dzieci-6-lat"],"_links":{"self":[{"href":"http:\/\/klubmamgdynia.pl\/index.php\/wp-json\/wp\/v2\/product\/4175","targetHints":{"allow":["GET"]}}],"collection":[{"href":"http:\/\/klubmamgdynia.pl\/index.php\/wp-json\/wp\/v2\/product"}],"about":[{"href":"http:\/\/klubmamgdynia.pl\/index.php\/wp-json\/wp\/v2\/types\/product"}],"replies":[{"embeddable":true,"href":"http:\/\/klubmamgdynia.pl\/index.php\/wp-json\/wp\/v2\/comments?post=4175"}],"wp:featuredmedia":[{"embeddable":true,"href":"http:\/\/klubmamgdynia.pl\/index.php\/wp-json\/wp\/v2\/media\/4176"}],"wp:attachment":[{"href":"http:\/\/klubmamgdynia.pl\/index.php\/wp-json\/wp\/v2\/media?parent=4175"}],"wp:term":[{"taxonomy":"product_cat","embeddable":true,"href":"http:\/\/klubmamgdynia.pl\/index.php\/wp-json\/wp\/v2\/product_cat?post=4175"},{"taxonomy":"product_tag","embeddable":true,"href":"http:\/\/klubmamgdynia.pl\/index.php\/wp-json\/wp\/v2\/product_tag?post=4175"}],"curies":[{"name":"wp","href":"https:\/\/api.w.org\/{rel}","templated":true}]}}