{"id":4183,"date":"2015-06-11T01:07:25","date_gmt":"2015-06-10T23:07:25","guid":{"rendered":"http:\/\/klubmamgdynia.pl\/index.php\/produkt\/barbie-fashionistas-modne-przyjaciolki-fbr37-fxl51\/"},"modified":"2026-05-17T22:19:15","modified_gmt":"2026-05-17T20:19:15","slug":"barbie-fashionistas-modne-przyjaciolki-fbr37-fxl51","status":"publish","type":"product","link":"http:\/\/klubmamgdynia.pl\/index.php\/produkt\/barbie-fashionistas-modne-przyjaciolki-fbr37-fxl51\/","title":{"rendered":"Barbie Fashionistas Modne przyjaci\u00f3\u0142ki FBR37 FXL51"},"content":{"rendered":"<p>Lalka Barbie Fashionistas Modne Przyjaci\u00f3\u0142ki Blodynka                            <\/p>\n<p>Lalka Barbie Fashionistas                            <\/p>\n<p>Ka\u017cda lalka z kolekcji Barbie Fashionistas ma modny str\u00f3j, dopasowany dodatek i wyj\u0105tkow\u0105 fryzur\u0119, kt\u00f3ra tylko wzmocni dobre wra\u017cenie.                            <\/p>\n<p> Obuwie lalki uzupe\u0142nia jej \u015bwietny styl: szpilki z paskami, urocze buciki na p\u0142askim obcasie, szykowne sanda\u0142y czy pi\u0119kne botki.                            <\/p>\n<p>Du\u017ca r\u00f3\u017cnorodno\u015b\u0107 powoduje, \u017ce kolekcjonowanie lalek Barbie Fashionistas sprawia jeszcze wi\u0119cej rado\u015bci.                            <\/p>\n<p>OPIS PRODUKTU                            <\/p>\n<p>Barbie\u00ae Fashionistas\u00ae <\/p>\n<p>Ka\u017cda lalka Barbie\u00ae Fashionistas\u2122 ma sw\u00f3j wyj\u0105tkowy wygl\u0105d, pocz\u0105wszy od lu\u017anego stylu codziennego, na oryginalnym boho-chic ko\u0144cz\u0105c. Wszystkie stylizacje inspirowane s\u0105 najnowszymi trendami!<\/p>\n<p>Du\u017ca r\u00f3\u017cnorodno\u015b\u0107, nowe style, kostiumy, buciki i akcesoria sprawi\u0105, \u017ce m\u0142ode specjalistki od mody b\u0119d\u0105 mia\u0142y wi\u0119cej mo\u017cliwo\u015bci wykorzystania wyobra\u017ani i odgrywania swoich historyjek.<br \/>\nW zestawie lalka Barbie\u00ae Fashionistas\u2122 w ubrankach i z dodatkami. Lalki sprzedawane oddzielnie w zale\u017cno\u015bci od dost\u0119pno\u015bci.<\/p>\n<h2>Barbie Fashionistas Modne przyjaci\u00f3\u0142ki FBR37 FXL51 Barbie<\/h2>\n<p>laurka dla mamy rysunek, quiz o samochodach, kolorowanka lego friends, testy z lektury zemsta, piosenka dla taty przedszkole<\/p>\n<p>yyyyy<\/p>\n<p>&nbsp;<\/p>\n","protected":false},"excerpt":{"rendered":"<p>Lalka Barbie Fashionistas Modne Przyjaci\u00f3\u0142ki Blodynka Lalka Barbie Fashionistas Ka\u017cda lalka z kolekcji Barbie Fashionistas ma modny str\u00f3j, dopasowany dodatek i wyj\u0105tkow\u0105 fryzur\u0119, kt\u00f3ra tylko wzmocni dobre wra\u017cenie. Obuwie lalki uzupe\u0142nia jej \u015bwietny styl: szpilki z paskami, urocze buciki na p\u0142askim obcasie, szykowne sanda\u0142y czy pi\u0119kne botki. Du\u017ca r\u00f3\u017cnorodno\u015b\u0107 powoduje, \u017ce kolekcjonowanie lalek Barbie Fashionistas [&hellip;]<\/p>\n","protected":false},"featured_media":4184,"comment_status":"closed","ping_status":"open","template":"","meta":[],"product_cat":[173,65],"product_tag":[728,642,782,800],"class_list":["post-4183","product","type-product","status-publish","has-post-thumbnail","hentry","product_cat-barbie","product_cat-lalki","product_tag-bezwarunkowa-milosc-do-dziecka-cytaty","product_tag-mia-imie","product_tag-zagadki-dla-dzieci-z-odpowiedziami","product_tag-zagadki-smieszne"],"_links":{"self":[{"href":"http:\/\/klubmamgdynia.pl\/index.php\/wp-json\/wp\/v2\/product\/4183","targetHints":{"allow":["GET"]}}],"collection":[{"href":"http:\/\/klubmamgdynia.pl\/index.php\/wp-json\/wp\/v2\/product"}],"about":[{"href":"http:\/\/klubmamgdynia.pl\/index.php\/wp-json\/wp\/v2\/types\/product"}],"replies":[{"embeddable":true,"href":"http:\/\/klubmamgdynia.pl\/index.php\/wp-json\/wp\/v2\/comments?post=4183"}],"wp:featuredmedia":[{"embeddable":true,"href":"http:\/\/klubmamgdynia.pl\/index.php\/wp-json\/wp\/v2\/media\/4184"}],"wp:attachment":[{"href":"http:\/\/klubmamgdynia.pl\/index.php\/wp-json\/wp\/v2\/media?parent=4183"}],"wp:term":[{"taxonomy":"product_cat","embeddable":true,"href":"http:\/\/klubmamgdynia.pl\/index.php\/wp-json\/wp\/v2\/product_cat?post=4183"},{"taxonomy":"product_tag","embeddable":true,"href":"http:\/\/klubmamgdynia.pl\/index.php\/wp-json\/wp\/v2\/product_tag?post=4183"}],"curies":[{"name":"wp","href":"https:\/\/api.w.org\/{rel}","templated":true}]}}