{"id":4185,"date":"2020-11-27T23:38:09","date_gmt":"2020-11-27T22:38:09","guid":{"rendered":"http:\/\/klubmamgdynia.pl\/index.php\/produkt\/rolly-toys-traktor-new-holland-5023929\/"},"modified":"2026-04-02T17:43:43","modified_gmt":"2026-04-02T15:43:43","slug":"rolly-toys-traktor-new-holland-5023929","status":"publish","type":"product","link":"http:\/\/klubmamgdynia.pl\/index.php\/produkt\/rolly-toys-traktor-new-holland-5023929\/","title":{"rendered":"Rolly Toys Traktor New Holland 5023929"},"content":{"rendered":"<p>Traktory Rolly Kid od Rolly Toys to idealne zabawki do rozpocz\u0119cia przygody z pojazdami na peda\u0142y. Teraz ka\u017cdy maluch mo\u017ce sta\u0107 si\u0119 kierowc\u0105 w\u0142asnej maszyny rolniczej! Dzi\u0119ki temu je\u017adzikowi dziecko poczuje si\u0119 jak prawdziwy farmer, pomo\u017ce mu sprosta\u0107 wszystkim trudno\u015bciom terenu, a z pozoru b\u0142ahy przejazd przez ka\u0142u\u017c\u0119 oka\u017ce si\u0119 wielkim wydarzeniem! Traktor wyposa\u017cony jest w du\u017ce, wysokiej jako\u015bci ko\u0142a, kt\u00f3re z \u0142atwo\u015bci\u0105 radz\u0105 sobie z poruszaniem si\u0119 w trudnych warunkach. Przednia maska podnosi si\u0119, odkrywaj\u0105c to co kryje si\u0119 we wn\u0119trzu pojazdu. Je\u017adzik wykonany jest z wysokiej jako\u015bci b\u0142yszcz\u0105cego tworzywa, kt\u00f3re jest bardzo \u0142atwe w utrzymaniu w czysto\u015bci. Wystarczy tylko par\u0119 minut by doprowadzi\u0107 zabawk\u0119 do pe\u0142ni czysto\u015bci.Traktory od Rolly Toys posiadaj\u0105 specjalny, bardzo prosty w obs\u0142udze mechanizm przek\u0142adni \u0142a\u0144cuchowej, z kt\u00f3rym poradz\u0105 sobie nawet najmniejsze dzieci. W trosce o ich bezpiecze\u0144stwo, ca\u0142y uk\u0142ad mechaniczny jest ukryty.W zestawie znajduje si\u0119 r\u00f3wnie\u017c ruchoma \u0142y\u017cka oraz doczepiana przyczepa, w kt\u00f3rej dzieci mog\u0105 wozi\u0107 ze sob\u0105 swoje skarby.Wymiary produktu: 161 x 47 x 55 (cm)<\/p>\n<h2>Rolly Toys Traktor New Holland 5023929 Rolly Toys<\/h2>\n<p>fajne prezenty dla nastolatk\u00f3w, koty rysunki, bezwarunkowa mi\u0142o\u015b\u0107 do dziecka cytaty, psikusy na prima aprilis, kondrad imie, zagadka, jak zrobi\u0107 wulkan, kuku\u0142eczka kuka tekst, \u0142amig\u0142\u00f3wki logiczne, bajka o smoku wawelskim, w zieleni \u0142\u0105ka majowa tekst, prank na prima aprilis, posz\u0142a ola na spacerek, malowanki, wielkanocne zagadki dla dzieci, jak narysowa\u0107 anio\u0142ka<\/p>\n<p>yyyyy<\/p>\n<p>&nbsp;<\/p>\n","protected":false},"excerpt":{"rendered":"<p>Traktory Rolly Kid od Rolly Toys to idealne zabawki do rozpocz\u0119cia przygody z pojazdami na peda\u0142y. Teraz ka\u017cdy maluch mo\u017ce sta\u0107 si\u0119 kierowc\u0105 w\u0142asnej maszyny rolniczej! Dzi\u0119ki temu je\u017adzikowi dziecko poczuje si\u0119 jak prawdziwy farmer, pomo\u017ce mu sprosta\u0107 wszystkim trudno\u015bciom terenu, a z pozoru b\u0142ahy przejazd przez ka\u0142u\u017c\u0119 oka\u017ce si\u0119 wielkim wydarzeniem! Traktor wyposa\u017cony jest [&hellip;]<\/p>\n","protected":false},"featured_media":4186,"comment_status":"closed","ping_status":"open","template":"","meta":[],"product_cat":[1197,489],"product_tag":[689,743,629,809],"class_list":["post-4185","product","type-product","status-publish","has-post-thumbnail","hentry","product_cat-rolly-toys","product_cat-traktory-dla-dzieci","product_tag-linda","product_tag-quiz-dla-dzieci","product_tag-smieszne-zagadki-z-odpowiedziami","product_tag-zagadki"],"_links":{"self":[{"href":"http:\/\/klubmamgdynia.pl\/index.php\/wp-json\/wp\/v2\/product\/4185","targetHints":{"allow":["GET"]}}],"collection":[{"href":"http:\/\/klubmamgdynia.pl\/index.php\/wp-json\/wp\/v2\/product"}],"about":[{"href":"http:\/\/klubmamgdynia.pl\/index.php\/wp-json\/wp\/v2\/types\/product"}],"replies":[{"embeddable":true,"href":"http:\/\/klubmamgdynia.pl\/index.php\/wp-json\/wp\/v2\/comments?post=4185"}],"wp:featuredmedia":[{"embeddable":true,"href":"http:\/\/klubmamgdynia.pl\/index.php\/wp-json\/wp\/v2\/media\/4186"}],"wp:attachment":[{"href":"http:\/\/klubmamgdynia.pl\/index.php\/wp-json\/wp\/v2\/media?parent=4185"}],"wp:term":[{"taxonomy":"product_cat","embeddable":true,"href":"http:\/\/klubmamgdynia.pl\/index.php\/wp-json\/wp\/v2\/product_cat?post=4185"},{"taxonomy":"product_tag","embeddable":true,"href":"http:\/\/klubmamgdynia.pl\/index.php\/wp-json\/wp\/v2\/product_tag?post=4185"}],"curies":[{"name":"wp","href":"https:\/\/api.w.org\/{rel}","templated":true}]}}