{"id":4189,"date":"2018-03-15T10:10:49","date_gmt":"2018-03-15T09:10:49","guid":{"rendered":"http:\/\/klubmamgdynia.pl\/index.php\/produkt\/lol-surprise-furniture-pokoik-z-lalka-asort-572626\/"},"modified":"2026-04-06T03:31:31","modified_gmt":"2026-04-06T01:31:31","slug":"lol-surprise-furniture-pokoik-z-lalka-asort-572626","status":"publish","type":"product","link":"http:\/\/klubmamgdynia.pl\/index.php\/produkt\/lol-surprise-furniture-pokoik-z-lalka-asort-572626\/","title":{"rendered":"LOL Surprise Furniture Pokoik Z Lalk\u0105 Asort 572626"},"content":{"rendered":"<p>LOL Kawiarenka i laleczka Sugar                            <\/p>\n<p>Kolekcja zestaw\u00f3w z mebelkami zawiera 4 r\u00f3\u017cne komplety tematyczne i akcesori\u00f3w do zabawy, ale tak\u017ce do wykorzystania w domkach L.O.L. SURPRISE.                            <\/p>\n<p>Mebelki LOL Kawiarenka i laleczka Sugar 572626. To \u015bwietny zestaw tematyczny do zabawy laleczkami L.O.L. Surprise. Zawiera ciekawe akcesoria i elementy do wykorzystania tak\u017ce z domkami. W ca\u0142ej kolekcji znajduj\u0105 si\u0119 ekskluzywne laleczki, kt\u00f3rych nie znajdziesz w \u017cadnym innym zestawie.                            <\/p>\n<p>Cechy i zawarto\u015b\u0107 zestawu:<\/p>\n<p>Zestaw mebelk\u00f3w LOL Surprise z ponad 10 niespodziankami do rozpakowania<br \/>\nEkskluzywna laleczka Sugar<br \/>\nW\u00f3zek &#8211; kawiarenka<br \/>\nKrzese\u0142ko<br \/>\n\u0141y\u017cka<br \/>\nLody w wafelkach<br \/>\nSceneria do zabawy<br \/>\nZbierz wszystkie 4 zestawy z serii i baw si\u0119 tak\u017ce w domku LOL Surprise (sprzedawane oddzielnie)<\/p>\n<h2>LOL Surprise Furniture Pokoik Z Lalk\u0105 Asort 572626 LOL Surprise<\/h2>\n<p>pikachu kolorowanka, cytaty ma\u0142y ksi\u0105\u017ce, gry i zabawy dla dzieci, nauka zegara, przyja\u017a\u0144 cytaty, zagadki, bajka o dinozaurach do czytania, kr\u00f3tkie bajki na dobranoc do czytania, halloween 2021 dla dzieci, zabawy ruchowe dla dzieci w przedszkolu, prezent dla nastolatk\u00f3w ch\u0142opc\u00f3w, wr\u00f3zby andrzejkowe dla dzieci, zaproszenia urodzinowe do wydruku chomikuj<\/p>\n<p>yyyyy<\/p>\n<p>&nbsp;<\/p>\n","protected":false},"excerpt":{"rendered":"<p>LOL Kawiarenka i laleczka Sugar Kolekcja zestaw\u00f3w z mebelkami zawiera 4 r\u00f3\u017cne komplety tematyczne i akcesori\u00f3w do zabawy, ale tak\u017ce do wykorzystania w domkach L.O.L. SURPRISE. Mebelki LOL Kawiarenka i laleczka Sugar 572626. To \u015bwietny zestaw tematyczny do zabawy laleczkami L.O.L. Surprise. Zawiera ciekawe akcesoria i elementy do wykorzystania tak\u017ce z domkami. W ca\u0142ej kolekcji [&hellip;]<\/p>\n","protected":false},"featured_media":4190,"comment_status":"closed","ping_status":"open","template":"","meta":[],"product_cat":[65,294],"product_tag":[617,764,595],"class_list":["post-4189","product","type-product","status-publish","has-post-thumbnail","hentry","product_cat-lalki","product_cat-lol-surprise","product_tag-keyword","product_tag-prezenty-na-roczek-dla-dziewczynki","product_tag-zagadki-dla-6-latka"],"_links":{"self":[{"href":"http:\/\/klubmamgdynia.pl\/index.php\/wp-json\/wp\/v2\/product\/4189","targetHints":{"allow":["GET"]}}],"collection":[{"href":"http:\/\/klubmamgdynia.pl\/index.php\/wp-json\/wp\/v2\/product"}],"about":[{"href":"http:\/\/klubmamgdynia.pl\/index.php\/wp-json\/wp\/v2\/types\/product"}],"replies":[{"embeddable":true,"href":"http:\/\/klubmamgdynia.pl\/index.php\/wp-json\/wp\/v2\/comments?post=4189"}],"wp:featuredmedia":[{"embeddable":true,"href":"http:\/\/klubmamgdynia.pl\/index.php\/wp-json\/wp\/v2\/media\/4190"}],"wp:attachment":[{"href":"http:\/\/klubmamgdynia.pl\/index.php\/wp-json\/wp\/v2\/media?parent=4189"}],"wp:term":[{"taxonomy":"product_cat","embeddable":true,"href":"http:\/\/klubmamgdynia.pl\/index.php\/wp-json\/wp\/v2\/product_cat?post=4189"},{"taxonomy":"product_tag","embeddable":true,"href":"http:\/\/klubmamgdynia.pl\/index.php\/wp-json\/wp\/v2\/product_tag?post=4189"}],"curies":[{"name":"wp","href":"https:\/\/api.w.org\/{rel}","templated":true}]}}