{"id":419,"date":"2021-12-22T04:23:15","date_gmt":"2021-12-22T03:23:15","guid":{"rendered":"http:\/\/klubmamgdynia.pl\/index.php\/produkt\/wyscig-dinozaurow-tor-dinozaur-dzwieki-swiatla\/"},"modified":"2026-04-25T02:55:42","modified_gmt":"2026-04-25T00:55:42","slug":"wyscig-dinozaurow-tor-dinozaur-dzwieki-swiatla","status":"publish","type":"product","link":"http:\/\/klubmamgdynia.pl\/index.php\/produkt\/wyscig-dinozaurow-tor-dinozaur-dzwieki-swiatla\/","title":{"rendered":"Wy\u015bcig dinozaur\u00f3w tor dinozaur d\u017awi\u0119ki \u015bwiat\u0142a"},"content":{"rendered":"<p>WY\u015aCIG DINOZAUR\u00d3W TOR DINOZAUR D\u0179WI\u0118KI \u015aWIAT\u0141ATor wy\u015bcigowy z dinozaurem na trasie kt\u00f3ry po\u0142yka samochodziki w kszta\u0142cie ma\u0142ych dinozaur\u00f3w to \u015bwietna zabawa dla dzieci.Zabawa ma\u0142ymi samochodzikami to uniwersalny spos\u00f3b na sp\u0119dzanie czasu, bawi\u0107 si\u0119 mog\u0105 ma\u0142e dzieci jak i wi\u0119ksze.Taka zabawa przechodzi przemian\u0119 od niewinnego rozbijania samochod\u00f3w po kreatywne gry dotycz\u0105ce tego, dok\u0105d samochodzik jedzie i dlaczego.Zabawkowe samochody ucz\u0105 dzieci o trajektorii, gdy dzieci bawi\u0105 si\u0119 nimi dowiaduj\u0105 si\u0119 o pr\u0119dko\u015bci, odleg\u0142o\u015bci, grawitacji, wadze i wiele wi\u0119cej.Zabawa ma\u0142ymi samochodzikami buduje umiej\u0119tno\u015bci motoryczne dziecka. Rozwija koordynacj\u0119 r\u0119ka-wzrok oraz zr\u0119czno\u015b\u0107. Tak wi\u0119c chwytanie i przenoszenie dinozaur\u00f3w umo\u017cliwia dziecku p\u00f3\u017aniejsze przytrzymanie o\u0142\u00f3wka, obcinanie no\u017cyczkami czy zak\u0142adanie bi\u017cuterii. Jest to zabawka kt\u00f3ra wydaje d\u017awi\u0119ki. Samochodziki maj\u0105 sw\u00f3j nap\u0119d, dzi\u0119ki czemu mog\u0105 je\u017adzi\u0107 w g\u00f3r\u0119 i d\u00f3\u0142 kr\u0119tym torem.Kiedy ma\u0142e samochodziki je\u017cd\u017c\u0105 du\u017cy dinozaur wydaje d\u017awi\u0119k porykiwania.Jeden w\u0142\u0105czniku kontroluje ruch zabawek.\u017bywe koloru zestawu, sprawiaj\u0105 \u017ce zabawka jest atrakcyjna dla dzieci w r\u00f3\u017cnym przedziale wiekowym. Zawarto\u015b\u0107 zestawu Tor do samodzielnego monta\u017cu 3 dinozaury Zestaw naklejek Kabel USBZasilanie: 2x 1,5V AA (brak w zestawie) lub kabel USB (do\u0142\u0105czony do zestawu)Wymiary: Tor: 39cm x 17,5cm x 12,5cm Ma\u0142y dinozaur: 2,5cm x 2,5cm D\u0142ugo\u015b\u0107 kabla USB: 49cm Wymiary opakowania: 21cm x 31cm x 9cm EAN: 5903039719170Waga: 0.667 kg<\/p>\n<h2>Wy\u015bcig dinozaur\u00f3w tor dinozaur d\u017awi\u0119ki \u015bwiat\u0142a Inny<\/h2>\n<p>gad\u017cety dla nastolatk\u00f3w 2021, \u015bwinka peppa bajka do czytania, gad\u017cety dla nastolatk\u00f3w 2021, nauczyciel cytaty, kornelia<\/p>\n<p>yyyyy<\/p>\n<p>&nbsp;<\/p>\n","protected":false},"excerpt":{"rendered":"<p>WY\u015aCIG DINOZAUR\u00d3W TOR DINOZAUR D\u0179WI\u0118KI \u015aWIAT\u0141ATor wy\u015bcigowy z dinozaurem na trasie kt\u00f3ry po\u0142yka samochodziki w kszta\u0142cie ma\u0142ych dinozaur\u00f3w to \u015bwietna zabawa dla dzieci.Zabawa ma\u0142ymi samochodzikami to uniwersalny spos\u00f3b na sp\u0119dzanie czasu, bawi\u0107 si\u0119 mog\u0105 ma\u0142e dzieci jak i wi\u0119ksze.Taka zabawa przechodzi przemian\u0119 od niewinnego rozbijania samochod\u00f3w po kreatywne gry dotycz\u0105ce tego, dok\u0105d samochodzik jedzie i [&hellip;]<\/p>\n","protected":false},"featured_media":420,"comment_status":"closed","ping_status":"open","template":"","meta":[],"product_cat":[169,141],"product_tag":[610,688,652,745,778],"class_list":["post-419","product","type-product","status-publish","has-post-thumbnail","hentry","product_cat-inny","product_cat-parkingi-garaze-i-tory-wyscigowe","product_tag-co-na-prezent-dla-nastolatkow","product_tag-kolysanki-tekst","product_tag-otto","product_tag-prezent-dla-15-latki","product_tag-zabawki-na-roczek-dla-chlopca"],"_links":{"self":[{"href":"http:\/\/klubmamgdynia.pl\/index.php\/wp-json\/wp\/v2\/product\/419","targetHints":{"allow":["GET"]}}],"collection":[{"href":"http:\/\/klubmamgdynia.pl\/index.php\/wp-json\/wp\/v2\/product"}],"about":[{"href":"http:\/\/klubmamgdynia.pl\/index.php\/wp-json\/wp\/v2\/types\/product"}],"replies":[{"embeddable":true,"href":"http:\/\/klubmamgdynia.pl\/index.php\/wp-json\/wp\/v2\/comments?post=419"}],"wp:featuredmedia":[{"embeddable":true,"href":"http:\/\/klubmamgdynia.pl\/index.php\/wp-json\/wp\/v2\/media\/420"}],"wp:attachment":[{"href":"http:\/\/klubmamgdynia.pl\/index.php\/wp-json\/wp\/v2\/media?parent=419"}],"wp:term":[{"taxonomy":"product_cat","embeddable":true,"href":"http:\/\/klubmamgdynia.pl\/index.php\/wp-json\/wp\/v2\/product_cat?post=419"},{"taxonomy":"product_tag","embeddable":true,"href":"http:\/\/klubmamgdynia.pl\/index.php\/wp-json\/wp\/v2\/product_tag?post=419"}],"curies":[{"name":"wp","href":"https:\/\/api.w.org\/{rel}","templated":true}]}}