{"id":4191,"date":"2018-09-13T16:53:08","date_gmt":"2018-09-13T14:53:08","guid":{"rendered":"http:\/\/klubmamgdynia.pl\/index.php\/produkt\/wwe-wrestling-survivor-series-figurka-hulk-hogan-akcesoria-gyc23\/"},"modified":"2026-04-05T18:59:09","modified_gmt":"2026-04-05T16:59:09","slug":"wwe-wrestling-survivor-series-figurka-hulk-hogan-akcesoria-gyc23","status":"publish","type":"product","link":"http:\/\/klubmamgdynia.pl\/index.php\/produkt\/wwe-wrestling-survivor-series-figurka-hulk-hogan-akcesoria-gyc23\/","title":{"rendered":"WWE Wrestling &#8211; Survivor Series &#8211; Figurka Hulk Hogan + akcesoria GYC23"},"content":{"rendered":"<p>WWE Wrestling &#8211; Survivor Series &#8211; Figurka Hulk Hogan + akcesoria GYC23 Figurka akcji WWE Wrestling z linii Elite Collection &#8211; Survivor Series, przedstawiaj\u0105ca zawodnika Hulka Hogana, kt\u00f3ry zas\u0142yn\u0105\u0142 zar\u00f3wno jako wrestler, ale te\u017c jako aktor filmowy i serialowy. Bohater zosta\u0142 bardzo szczeg\u00f3\u0142owo odwzorowany i posiada wyj\u0105tkowo realistyczny wygl\u0105d. Figurka mierzy ok. 17 cm wysoko\u015bci i jest przeznaczona dla dzieci powy\u017cej 8. roku \u017cycia. \u015awietnie sprawdzi si\u0119 r\u00f3wnie\u017c jako figurka kolekcjonerska dla fan\u00f3w walk WWE, \u015bledz\u0105cych losy ulubionych zapa\u015bnik\u00f3w. WWE Wrestling &#8211; Figurka Hulk Hogan + akcesoria &#8211; informacje dodatkowe: Producent: Mattel Numer katalogowy: GYC23 Seria: WWE Wrestling Wiek dziecka: + 8 lat Wymiary opakowania: 5 cm x 7 cm x 18 cm<\/p>\n<h2>WWE Wrestling &#8211; Survivor Series &#8211; Figurka Hulk Hogan + akcesoria GYC23 Mattel<\/h2>\n<p>kr\u00f3tkie zagadki dla doros\u0142ych, lamiglowki slowne, prezenty urodzinowe dla nastolatk\u00f3w, quiz o samochodach, znaczenie imienia alan, pomys\u0142y na prezent dla nastolatk\u00f3w, nasza zima z\u0142a tekst, test z opowie\u015bci z narnii, smerfy kolorowanka, \u0142amig\u0142\u00f3wki s\u0142owne, quizy \u015bwi\u0105teczne bo\u017ce narodzenie<\/p>\n<p>yyyyy<\/p>\n<p>&nbsp;<\/p>\n","protected":false},"excerpt":{"rendered":"<p>WWE Wrestling &#8211; Survivor Series &#8211; Figurka Hulk Hogan + akcesoria GYC23 Figurka akcji WWE Wrestling z linii Elite Collection &#8211; Survivor Series, przedstawiaj\u0105ca zawodnika Hulka Hogana, kt\u00f3ry zas\u0142yn\u0105\u0142 zar\u00f3wno jako wrestler, ale te\u017c jako aktor filmowy i serialowy. Bohater zosta\u0142 bardzo szczeg\u00f3\u0142owo odwzorowany i posiada wyj\u0105tkowo realistyczny wygl\u0105d. Figurka mierzy ok. 17 cm wysoko\u015bci [&hellip;]<\/p>\n","protected":false},"featured_media":4192,"comment_status":"closed","ping_status":"open","template":"","meta":[],"product_cat":[1199,289],"product_tag":[673,744,618,771,823],"class_list":["post-4191","product","type-product","status-publish","has-post-thumbnail","hentry","product_cat-gadzety-filmowe","product_cat-mattel","product_tag-juz-blisko-koleda-tekst","product_tag-kolorowanki-swiateczne-do-wydruku","product_tag-lato-lato-lato-czeka-tekst","product_tag-stolice-europy-quiz","product_tag-zagadki-dla-dzieci-7-lat"],"_links":{"self":[{"href":"http:\/\/klubmamgdynia.pl\/index.php\/wp-json\/wp\/v2\/product\/4191","targetHints":{"allow":["GET"]}}],"collection":[{"href":"http:\/\/klubmamgdynia.pl\/index.php\/wp-json\/wp\/v2\/product"}],"about":[{"href":"http:\/\/klubmamgdynia.pl\/index.php\/wp-json\/wp\/v2\/types\/product"}],"replies":[{"embeddable":true,"href":"http:\/\/klubmamgdynia.pl\/index.php\/wp-json\/wp\/v2\/comments?post=4191"}],"wp:featuredmedia":[{"embeddable":true,"href":"http:\/\/klubmamgdynia.pl\/index.php\/wp-json\/wp\/v2\/media\/4192"}],"wp:attachment":[{"href":"http:\/\/klubmamgdynia.pl\/index.php\/wp-json\/wp\/v2\/media?parent=4191"}],"wp:term":[{"taxonomy":"product_cat","embeddable":true,"href":"http:\/\/klubmamgdynia.pl\/index.php\/wp-json\/wp\/v2\/product_cat?post=4191"},{"taxonomy":"product_tag","embeddable":true,"href":"http:\/\/klubmamgdynia.pl\/index.php\/wp-json\/wp\/v2\/product_tag?post=4191"}],"curies":[{"name":"wp","href":"https:\/\/api.w.org\/{rel}","templated":true}]}}