{"id":4193,"date":"2015-05-08T18:51:33","date_gmt":"2015-05-08T16:51:33","guid":{"rendered":"http:\/\/klubmamgdynia.pl\/index.php\/produkt\/hipo-motocykl-policja-z-dzwiekiem-hxcl042\/"},"modified":"2026-04-06T17:44:12","modified_gmt":"2026-04-06T15:44:12","slug":"hipo-motocykl-policja-z-dzwiekiem-hxcl042","status":"publish","type":"product","link":"http:\/\/klubmamgdynia.pl\/index.php\/produkt\/hipo-motocykl-policja-z-dzwiekiem-hxcl042\/","title":{"rendered":"Hipo Motocykl policja z d\u017awi\u0119kiem (HXCL042)"},"content":{"rendered":"<p>&#8211; motocykl w dw\u00f3ch rodzajach: policyjny i wojskowy- metalowy- wymiar: 9 cm- z nap\u0119de- ze \u015bwiat\u0142em i d\u017awi\u0119kiemnazwa na fakturze: MOTOR Z D\u0179WIEKIEM 9CM HXCL042EAN:  4895062007267ilo\u015b\u0107 lat (od):  3Kod Producenta:  HXCL042Kolekcja:  Policja Armia<\/p>\n<h2>Hipo Motocykl policja z d\u017awi\u0119kiem (HXCL042) Hipo<\/h2>\n<p>dymitr, prezent dla nastolatk\u00f3w na \u015bwi\u0119ta, co oznacza nazwa jordan, test z opowie\u015bci z narnii, lato lato lato czeka, kolorowanka europa, gabriela, atrakcje dla dzieci wielkopolska, z\u0142ote my\u015bli pedagogiczne, tajemniczy ogr\u00f3d test z odpowiedziami, eksperyment dla dzieci wulkan, warszawa atrakcje dla dzieci, \u015bmieszne zagadki logiczne, zagadki matematyczne, \u0142amig\u0142\u00f3wki dla 4 latka do druku, co oznacza nazwa jordan<\/p>\n<p>yyyyy<\/p>\n<p>&nbsp;<\/p>\n","protected":false},"excerpt":{"rendered":"<p>&#8211; motocykl w dw\u00f3ch rodzajach: policyjny i wojskowy- metalowy- wymiar: 9 cm- z nap\u0119de- ze \u015bwiat\u0142em i d\u017awi\u0119kiemnazwa na fakturze: MOTOR Z D\u0179WIEKIEM 9CM HXCL042EAN: 4895062007267ilo\u015b\u0107 lat (od): 3Kod Producenta: HXCL042Kolekcja: Policja Armia Hipo Motocykl policja z d\u017awi\u0119kiem (HXCL042) Hipo dymitr, prezent dla nastolatk\u00f3w na \u015bwi\u0119ta, co oznacza nazwa jordan, test z opowie\u015bci z narnii, [&hellip;]<\/p>\n","protected":false},"featured_media":4194,"comment_status":"closed","ping_status":"open","template":"","meta":[],"product_cat":[83,310],"product_tag":[787,785,675,849,756],"class_list":["post-4193","product","type-product","status-publish","has-post-thumbnail","hentry","product_cat-auta-i-inne-pojazdy-do-zabawy","product_cat-hipo","product_tag-nauka-pisania-wyrazow-dla-dzieci-do-druku-pdf","product_tag-prezent-dla-nastolatkow","product_tag-test-z-lektury-kajko-i-kokosz-szkola-latania","product_tag-zagadki-matematyczne-dla-dzieci","product_tag-zaproszenie-na-urodziny-do-druku"],"_links":{"self":[{"href":"http:\/\/klubmamgdynia.pl\/index.php\/wp-json\/wp\/v2\/product\/4193","targetHints":{"allow":["GET"]}}],"collection":[{"href":"http:\/\/klubmamgdynia.pl\/index.php\/wp-json\/wp\/v2\/product"}],"about":[{"href":"http:\/\/klubmamgdynia.pl\/index.php\/wp-json\/wp\/v2\/types\/product"}],"replies":[{"embeddable":true,"href":"http:\/\/klubmamgdynia.pl\/index.php\/wp-json\/wp\/v2\/comments?post=4193"}],"wp:featuredmedia":[{"embeddable":true,"href":"http:\/\/klubmamgdynia.pl\/index.php\/wp-json\/wp\/v2\/media\/4194"}],"wp:attachment":[{"href":"http:\/\/klubmamgdynia.pl\/index.php\/wp-json\/wp\/v2\/media?parent=4193"}],"wp:term":[{"taxonomy":"product_cat","embeddable":true,"href":"http:\/\/klubmamgdynia.pl\/index.php\/wp-json\/wp\/v2\/product_cat?post=4193"},{"taxonomy":"product_tag","embeddable":true,"href":"http:\/\/klubmamgdynia.pl\/index.php\/wp-json\/wp\/v2\/product_tag?post=4193"}],"curies":[{"name":"wp","href":"https:\/\/api.w.org\/{rel}","templated":true}]}}