{"id":4195,"date":"2010-11-24T06:53:26","date_gmt":"2010-11-24T05:53:26","guid":{"rendered":"http:\/\/klubmamgdynia.pl\/index.php\/produkt\/philips-avent-180-ml-10-szt-scf618-10-adapter\/"},"modified":"2026-04-04T20:03:22","modified_gmt":"2026-04-04T18:03:22","slug":"philips-avent-180-ml-10-szt-scf618-10-adapter","status":"publish","type":"product","link":"http:\/\/klubmamgdynia.pl\/index.php\/produkt\/philips-avent-180-ml-10-szt-scf618-10-adapter\/","title":{"rendered":"PHILIPS AVENT 180 ml 10 szt. SCF618\/10 + Adapter"},"content":{"rendered":"<p>zestaw pojemnik\u00f3w do przechowywania i transportowania pokarmupojemno\u015b\u0107 180 mlmo\u017cliwo\u015b\u0107 karmienia bezpo\u015brednio z pojemnikaprzechowywanie w lod\u00f3wce lub zamra\u017carcezestaw zawiera: 10 pojemnik\u00f3w do przechowywania \u017cywno\u015bci; 10 pokrywek; 1 adapterProducent: PhilipsMarka: Philips AventKolor: bezbarwnyPrzedzia\u0142 wiekowy: 12-24 miesi\u0105ce, 0-12 miesi\u0119cyP\u0142e\u0107: ch\u0142opiec \/ dziewczynkaWaga produktu [g]: 304Waga w opak [g]: 344Indeks: 15770240Nr katalogowy: SCF618\/10<\/p>\n<h2>PHILIPS AVENT 180 ml 10 szt. SCF618\/10 + Adapter Philips<\/h2>\n<p>narodziny dziecka cytaty, sentencje o przyja\u017ani, zagadki sprawdzaj\u0105ce inteligencj\u0119, \u0142amig\u0142\u00f3wki logiczne dla dzieci<\/p>\n<p>yyyyy<\/p>\n<p>&nbsp;<\/p>\n","protected":false},"excerpt":{"rendered":"<p>zestaw pojemnik\u00f3w do przechowywania i transportowania pokarmupojemno\u015b\u0107 180 mlmo\u017cliwo\u015b\u0107 karmienia bezpo\u015brednio z pojemnikaprzechowywanie w lod\u00f3wce lub zamra\u017carcezestaw zawiera: 10 pojemnik\u00f3w do przechowywania \u017cywno\u015bci; 10 pokrywek; 1 adapterProducent: PhilipsMarka: Philips AventKolor: bezbarwnyPrzedzia\u0142 wiekowy: 12-24 miesi\u0105ce, 0-12 miesi\u0119cyP\u0142e\u0107: ch\u0142opiec \/ dziewczynkaWaga produktu [g]: 304Waga w opak [g]: 344Indeks: 15770240Nr katalogowy: SCF618\/10 PHILIPS AVENT 180 ml 10 szt. [&hellip;]<\/p>\n","protected":false},"featured_media":4196,"comment_status":"closed","ping_status":"open","template":"","meta":[],"product_cat":[261,1176],"product_tag":[838,583,654,631],"class_list":["post-4195","product","type-product","status-publish","has-post-thumbnail","hentry","product_cat-philips","product_cat-pojemniki-na-pokarm","product_tag-bajki-dla-dzieci-na-dobranoc","product_tag-kolysanki-dla-dzieci-tekst","product_tag-krotkie-bajki-dla-dzieci-do-czytania","product_tag-prezent-na-roczek"],"_links":{"self":[{"href":"http:\/\/klubmamgdynia.pl\/index.php\/wp-json\/wp\/v2\/product\/4195","targetHints":{"allow":["GET"]}}],"collection":[{"href":"http:\/\/klubmamgdynia.pl\/index.php\/wp-json\/wp\/v2\/product"}],"about":[{"href":"http:\/\/klubmamgdynia.pl\/index.php\/wp-json\/wp\/v2\/types\/product"}],"replies":[{"embeddable":true,"href":"http:\/\/klubmamgdynia.pl\/index.php\/wp-json\/wp\/v2\/comments?post=4195"}],"wp:featuredmedia":[{"embeddable":true,"href":"http:\/\/klubmamgdynia.pl\/index.php\/wp-json\/wp\/v2\/media\/4196"}],"wp:attachment":[{"href":"http:\/\/klubmamgdynia.pl\/index.php\/wp-json\/wp\/v2\/media?parent=4195"}],"wp:term":[{"taxonomy":"product_cat","embeddable":true,"href":"http:\/\/klubmamgdynia.pl\/index.php\/wp-json\/wp\/v2\/product_cat?post=4195"},{"taxonomy":"product_tag","embeddable":true,"href":"http:\/\/klubmamgdynia.pl\/index.php\/wp-json\/wp\/v2\/product_tag?post=4195"}],"curies":[{"name":"wp","href":"https:\/\/api.w.org\/{rel}","templated":true}]}}