{"id":4197,"date":"2011-04-29T20:41:49","date_gmt":"2011-04-29T18:41:49","guid":{"rendered":"http:\/\/klubmamgdynia.pl\/index.php\/produkt\/berjuan-sukienka-4009-22-nadruk-kvety\/"},"modified":"2026-05-17T23:00:55","modified_gmt":"2026-05-17T21:00:55","slug":"berjuan-sukienka-4009-22-nadruk-kvety","status":"publish","type":"product","link":"http:\/\/klubmamgdynia.pl\/index.php\/produkt\/berjuan-sukienka-4009-22-nadruk-kvety\/","title":{"rendered":"Berjuan Sukienka 4009-22 Nadruk Kvety"},"content":{"rendered":"<p>Dzieci zas\u0142uguj\u0105 na to co najlepsze, dlatego przedstawiamy Ci Sukienka Berjuan 4009-22 Nadruk Kvety, idealny dla tych, kt\u00f3rzy szukaj\u0105 produkt\u00f3w wysokiej jako\u015bci dla dzieci! Zdob\u0105d\u017a Berjuan w najlepszych cenach!Zalecany Wiek: + 3 latZasilana bateriami: NieWymagany monta\u017c: NieRodzaj: LalkiUbrania dla lalekDesign: NadrukKolor: Kvety<\/p>\n<h2>Berjuan Sukienka 4009-22 Nadruk Kvety Berjuan<\/h2>\n<p>imiona dla ch\u0142opc\u00f3w, cytaty korczak, listy do \u015bwi\u0119tego miko\u0142aja, kajko i kokosz szko\u0142a latania test z odpowiedziami, karyna, kolorowanki z bajek, malowanki dla dzieci do druku, nauka pisania wyraz\u00f3w dla dzieci do druku pdf, test lew czarownica i stara szafa, atrakcje wroc\u0142aw i okolice, mi\u0142o\u015b\u0107 do dziecka cytaty, zagadki o wielkanocy dla dzieci<\/p>\n<p>yyyyy<\/p>\n<p>&nbsp;<\/p>\n","protected":false},"excerpt":{"rendered":"<p>Dzieci zas\u0142uguj\u0105 na to co najlepsze, dlatego przedstawiamy Ci Sukienka Berjuan 4009-22 Nadruk Kvety, idealny dla tych, kt\u00f3rzy szukaj\u0105 produkt\u00f3w wysokiej jako\u015bci dla dzieci! Zdob\u0105d\u017a Berjuan w najlepszych cenach!Zalecany Wiek: + 3 latZasilana bateriami: NieWymagany monta\u017c: NieRodzaj: LalkiUbrania dla lalekDesign: NadrukKolor: Kvety Berjuan Sukienka 4009-22 Nadruk Kvety Berjuan imiona dla ch\u0142opc\u00f3w, cytaty korczak, listy do [&hellip;]<\/p>\n","protected":false},"featured_media":4198,"comment_status":"closed","ping_status":"open","template":"","meta":[],"product_cat":[943,50],"product_tag":[761,702,858,643,870,586,672],"class_list":["post-4197","product","type-product","status-publish","has-post-thumbnail","hentry","product_cat-berjuan","product_cat-ubranka-i-buty-dla-lalek","product_tag-choinko-piekna-jak-las-tekst","product_tag-co-kupic-na-roczek-dla-dziewczynki","product_tag-podchwytliwe-zagadki","product_tag-prezent-dla-17-latki","product_tag-prezent-dla-chlopca-na-roczek","product_tag-smieszne-zagadki","product_tag-trudne-zagadki-z-odpowiedziami"],"_links":{"self":[{"href":"http:\/\/klubmamgdynia.pl\/index.php\/wp-json\/wp\/v2\/product\/4197","targetHints":{"allow":["GET"]}}],"collection":[{"href":"http:\/\/klubmamgdynia.pl\/index.php\/wp-json\/wp\/v2\/product"}],"about":[{"href":"http:\/\/klubmamgdynia.pl\/index.php\/wp-json\/wp\/v2\/types\/product"}],"replies":[{"embeddable":true,"href":"http:\/\/klubmamgdynia.pl\/index.php\/wp-json\/wp\/v2\/comments?post=4197"}],"wp:featuredmedia":[{"embeddable":true,"href":"http:\/\/klubmamgdynia.pl\/index.php\/wp-json\/wp\/v2\/media\/4198"}],"wp:attachment":[{"href":"http:\/\/klubmamgdynia.pl\/index.php\/wp-json\/wp\/v2\/media?parent=4197"}],"wp:term":[{"taxonomy":"product_cat","embeddable":true,"href":"http:\/\/klubmamgdynia.pl\/index.php\/wp-json\/wp\/v2\/product_cat?post=4197"},{"taxonomy":"product_tag","embeddable":true,"href":"http:\/\/klubmamgdynia.pl\/index.php\/wp-json\/wp\/v2\/product_tag?post=4197"}],"curies":[{"name":"wp","href":"https:\/\/api.w.org\/{rel}","templated":true}]}}