{"id":4199,"date":"2012-10-04T22:22:52","date_gmt":"2012-10-04T20:22:52","guid":{"rendered":"http:\/\/klubmamgdynia.pl\/index.php\/produkt\/huadada-hua-dada-puzzle-architektura-buranao-1000szt\/"},"modified":"2026-05-17T22:14:37","modified_gmt":"2026-05-17T20:14:37","slug":"huadada-hua-dada-puzzle-architektura-buranao-1000szt","status":"publish","type":"product","link":"http:\/\/klubmamgdynia.pl\/index.php\/produkt\/huadada-hua-dada-puzzle-architektura-buranao-1000szt\/","title":{"rendered":"Huadada Hua Dada Puzzle Architektura Buranao 1000szt."},"content":{"rendered":"<p>HUA DADA PUZZLE ARCHITEKTURA BURANAO 1000 SZT\u0141amig\u0142\u00f3wki z 1000 element\u00f3w &#8211; tradycyjna architektura Burano, ten wspania\u0142y obraz oferuje wiele zagadkowych wyzwa\u0144, dla tych z Was, kt\u00f3rzy chcieliby wypr\u00f3bowa\u0107<\/p>\n<h2>Huadada Hua Dada Puzzle Architektura Buranao 1000szt. <\/h2>\n<p>imie pola, przys\u0142owia o rodzinie, gdzie strumyk p\u0142ynie z wolna tekst, zagadki na inteligencj\u0119 z odpowiedziami, kolorowanki pi\u0142karskie, mitologia grecka quiz, opis rodzina, opisy do zdj\u0119\u0107 dziecka, znaczenie imiona kinga, szablon krokus kolorowanka, kolorowanka potwory, milan znaczenie imienia, mandala kolorowanka, kuba imi\u0119, tr\u00f3jmiasto atrakcje dla dzieci, znaczenie imienia paula, auto kolorowanka, cytaty o wychowaniu i nauczaniu, ba\u0142wanek do druku<\/p>\n<p>yyyyy<\/p>\n<p>&nbsp;<\/p>\n","protected":false},"excerpt":{"rendered":"<p>HUA DADA PUZZLE ARCHITEKTURA BURANAO 1000 SZT\u0141amig\u0142\u00f3wki z 1000 element\u00f3w &#8211; tradycyjna architektura Burano, ten wspania\u0142y obraz oferuje wiele zagadkowych wyzwa\u0144, dla tych z Was, kt\u00f3rzy chcieliby wypr\u00f3bowa\u0107 Huadada Hua Dada Puzzle Architektura Buranao 1000szt. imie pola, przys\u0142owia o rodzinie, gdzie strumyk p\u0142ynie z wolna tekst, zagadki na inteligencj\u0119 z odpowiedziami, kolorowanki pi\u0142karskie, mitologia grecka [&hellip;]<\/p>\n","protected":false},"featured_media":4200,"comment_status":"closed","ping_status":"open","template":"","meta":[],"product_cat":[90],"product_tag":[802,598,669,843,625,615],"class_list":["post-4199","product","type-product","status-publish","has-post-thumbnail","hentry","product_cat-puzzle","product_tag-co-kupic-dziewczynce-na-roczek","product_tag-co-na-roczek-dla-dziewczynki","product_tag-kolorowanki","product_tag-smieszne-zagadki-dla-dzieci","product_tag-trojmiasto-atrakcje-dla-dzieci","product_tag-znane-misie-z-filmow-animowanych"],"_links":{"self":[{"href":"http:\/\/klubmamgdynia.pl\/index.php\/wp-json\/wp\/v2\/product\/4199","targetHints":{"allow":["GET"]}}],"collection":[{"href":"http:\/\/klubmamgdynia.pl\/index.php\/wp-json\/wp\/v2\/product"}],"about":[{"href":"http:\/\/klubmamgdynia.pl\/index.php\/wp-json\/wp\/v2\/types\/product"}],"replies":[{"embeddable":true,"href":"http:\/\/klubmamgdynia.pl\/index.php\/wp-json\/wp\/v2\/comments?post=4199"}],"wp:featuredmedia":[{"embeddable":true,"href":"http:\/\/klubmamgdynia.pl\/index.php\/wp-json\/wp\/v2\/media\/4200"}],"wp:attachment":[{"href":"http:\/\/klubmamgdynia.pl\/index.php\/wp-json\/wp\/v2\/media?parent=4199"}],"wp:term":[{"taxonomy":"product_cat","embeddable":true,"href":"http:\/\/klubmamgdynia.pl\/index.php\/wp-json\/wp\/v2\/product_cat?post=4199"},{"taxonomy":"product_tag","embeddable":true,"href":"http:\/\/klubmamgdynia.pl\/index.php\/wp-json\/wp\/v2\/product_tag?post=4199"}],"curies":[{"name":"wp","href":"https:\/\/api.w.org\/{rel}","templated":true}]}}