{"id":42,"date":"2023-02-21T20:10:14","date_gmt":"2023-02-21T19:10:14","guid":{"rendered":"http:\/\/klubmamgdynia.pl\/index.php\/produkt\/ramiz-mega-buggy-xxl-24v-4x60w-czerwono-terenowka-dla-dzieci-xmx-613-paxmx613cr\/"},"modified":"2026-04-30T04:43:47","modified_gmt":"2026-04-30T02:43:47","slug":"ramiz-mega-buggy-xxl-24v-4x60w-czerwono-terenowka-dla-dzieci-xmx-613-paxmx613cr","status":"publish","type":"product","link":"http:\/\/klubmamgdynia.pl\/index.php\/produkt\/ramiz-mega-buggy-xxl-24v-4x60w-czerwono-terenowka-dla-dzieci-xmx-613-paxmx613cr\/","title":{"rendered":"Ramiz Mega Buggy Xxl 24V 4X60W Czerwono Teren\u00f3wka Dla Dzieci Xmx-613 (PAXMX613CR)"},"content":{"rendered":"<p>Specyfikacja Buggy UTV-MX Siniki 4x60W Akumulator 24V\/7Ah Pilot 2.4 GHz, 3 Pr\u0119dko\u015bci, Przycisk bezpiecze\u0144stwa Stop, Ko\u0142a Piankowe ko\u0142a EVA, 39 x 14 cm, Amortyzatory Prz\u00f3d, Ty\u0142 Biegi Wolny Start, Prz\u00f3d\/Ty\u0142, 2 biegi do przodu (obs\u0142uga za pom\u0105c\u0105 ga\u0142ki zmiany bieg\u00f3w), \u015awiat\u0142a \u015awiat\u0142a LED, Przednie\/tylne, W\u0142\u0105cznik \u015bwiate\u0142, Wyposa\u017cenie Panel Audio MP3, SD, Wgrane melodyjki, AUX, USB, Bluetooth, D\u017awi\u0119ki w Kierownicy, Wska\u017anik Na\u0142adowania Tak, Start Przycisk, Otwierane Drzwi Tak + Blokada, Siedzenie Czarna Wentylowana Ekosk\u00f3ra, Pasy bezpiecze\u0144stwa, 59 x 21 x 39 cm, Baga\u017cnik Schowek z Ty\u0142u: 40 x 10 x 14 cm Wymiary Rozmiar Pojazdu D\u0142ugo\u015b\u0107 142 cm, Szeroko\u015b\u0107 87 cm, Wysoko\u015b\u0107 85 cm, Waga Pojazdu 34 Kg, Rozmiar Kartonu 150 x 82 x 46 cm, Waga Kartonu 42 Kg, Maksymalne Obci\u0105\u017cenie 50 Kg, Prze\u015bwit 29 cm, Wyposa\u017cenie Dodatkowe Instrukcja + Zestaw Monta\u017cowy, \u0141adowarka , Kabel Mini Jack, Pokrowiec.<\/p>\n<h2>Ramiz Mega Buggy Xxl 24V 4X60W Czerwono Teren\u00f3wka Dla Dzieci Xmx-613 (PAXMX613CR) Ramiz<\/h2>\n<p>kontynenty dla dzieci do druku, alfabet kolorowanka, proste zagadki, bajeczki na dobranoc, zagadki wielkanocne do druku, rozalia imie, pieski, bajki do czytania dla ch\u0142opc\u00f3w, pomys\u0142 na prima aprilis, prezent dla jedenastolatka, filmy wigilijne dla dzieci, \u0142atwe zagadki, prezent na roczek nie zabawka, radiowe nuty niech zyja wakacje, kiedy dzieci chodza na halloween, quizy online, zimowe zabawy dla dzieci, gry planszowe dla m\u0142odzie\u017cy, ozdoby wielkanocne z dzie\u0107mi, quizy dla przedszkolak\u00f3w<\/p>\n<p>yyyyy<\/p>\n<p>&nbsp;<\/p>\n","protected":false},"excerpt":{"rendered":"<p>Specyfikacja Buggy UTV-MX Siniki 4x60W Akumulator 24V\/7Ah Pilot 2.4 GHz, 3 Pr\u0119dko\u015bci, Przycisk bezpiecze\u0144stwa Stop, Ko\u0142a Piankowe ko\u0142a EVA, 39 x 14 cm, Amortyzatory Prz\u00f3d, Ty\u0142 Biegi Wolny Start, Prz\u00f3d\/Ty\u0142, 2 biegi do przodu (obs\u0142uga za pom\u0105c\u0105 ga\u0142ki zmiany bieg\u00f3w), \u015awiat\u0142a \u015awiat\u0142a LED, Przednie\/tylne, W\u0142\u0105cznik \u015bwiate\u0142, Wyposa\u017cenie Panel Audio MP3, SD, Wgrane melodyjki, AUX, USB, [&hellip;]<\/p>\n","protected":false},"featured_media":43,"comment_status":"closed","ping_status":"open","template":"","meta":[],"product_cat":[37,36],"product_tag":[666,643,602,843,632],"class_list":["post-42","product","type-product","status-publish","has-post-thumbnail","hentry","product_cat-jeepy-i-quady","product_cat-ramiz","product_tag-afrykanskie-imiona","product_tag-prezent-dla-17-latki","product_tag-quiz-o-zwierzetach-domowych","product_tag-smieszne-zagadki-dla-dzieci","product_tag-warszawa-atrakcje-dla-mlodziezy"],"_links":{"self":[{"href":"http:\/\/klubmamgdynia.pl\/index.php\/wp-json\/wp\/v2\/product\/42","targetHints":{"allow":["GET"]}}],"collection":[{"href":"http:\/\/klubmamgdynia.pl\/index.php\/wp-json\/wp\/v2\/product"}],"about":[{"href":"http:\/\/klubmamgdynia.pl\/index.php\/wp-json\/wp\/v2\/types\/product"}],"replies":[{"embeddable":true,"href":"http:\/\/klubmamgdynia.pl\/index.php\/wp-json\/wp\/v2\/comments?post=42"}],"wp:featuredmedia":[{"embeddable":true,"href":"http:\/\/klubmamgdynia.pl\/index.php\/wp-json\/wp\/v2\/media\/43"}],"wp:attachment":[{"href":"http:\/\/klubmamgdynia.pl\/index.php\/wp-json\/wp\/v2\/media?parent=42"}],"wp:term":[{"taxonomy":"product_cat","embeddable":true,"href":"http:\/\/klubmamgdynia.pl\/index.php\/wp-json\/wp\/v2\/product_cat?post=42"},{"taxonomy":"product_tag","embeddable":true,"href":"http:\/\/klubmamgdynia.pl\/index.php\/wp-json\/wp\/v2\/product_tag?post=42"}],"curies":[{"name":"wp","href":"https:\/\/api.w.org\/{rel}","templated":true}]}}