{"id":4201,"date":"2023-04-08T09:31:16","date_gmt":"2023-04-08T07:31:16","guid":{"rendered":"http:\/\/klubmamgdynia.pl\/?post_type=product&#038;p=4201"},"modified":"2026-04-05T23:26:47","modified_gmt":"2026-04-05T21:26:47","slug":"papo-foka","status":"publish","type":"product","link":"http:\/\/klubmamgdynia.pl\/index.php\/produkt\/papo-foka\/","title":{"rendered":"Papo Foka"},"content":{"rendered":"<p>Wszystkie figurki Papo zosta\u0142y zaprojektowane i opracowane we Francji, w celu \u0142\u0105czenia nauki i zabawy dla dzieci. Figurki Papo s\u0105 \u017ar\u00f3d\u0142em rozrywki, pobudzaj\u0105 dzieci\u0119c\u0105 wyobra\u017ani\u0119, co jest wa\u017cne dla ich rozwoju.R\u00f3\u017cnorodno\u015b\u0107 postaci i wzajemne oddzia\u0142ywanie r\u00f3\u017cnych wszech\u015bwiat\u00f3w stymuluj\u0105 kreatywno\u015b\u0107 i wyobra\u017ani\u0119. Dlatego tak cz\u0119sto wykorzystywane s\u0105 w metodzie Montessori. Figurki s\u0105 r\u0119cznie malowane, z najwi\u0119ksz\u0105 dba\u0142o\u015bci\u0105 o szczeg\u00f3\u0142y.Dzi\u0119ki wysokiej jako\u015bci wykonania i realistycznemu odwzorowaniu figurki Papo s\u0105 bardzo popularne w\u015br\u00f3d wielu kolekcjoner\u00f3w i specjalist\u00f3w.Jednym z ci\u0105g\u0142ych i g\u0142\u00f3wnych priorytet\u00f3w od lat, jest jako\u015b\u0107 (jako\u015b\u0107 form i materia\u0142\u00f3w, z kt\u00f3rych s\u0105 wykonane). NAZWA FOKA PRODUCENT PAPO WIEK 3+ EAN 3465000560294 Znajd\u017a podobne wed\u0142ug klucza: PAPO (427520)<\/p>\n<h2>Papo Foka Papo<\/h2>\n<p>miko\u0142ajki dla dzieci warszawa 2021, piosenki dla dzieci tekst, kolorowanki dla dziewczynek, zagadki o wiosnie, prezenty dla nastolatk\u00f3w do 50 z\u0142, ba\u015bniowe imiona \u017ce\u0144skie, zagadki s\u0142owne, najtrudniejsze zagadki, prezent dla trzynastolatki, otto, skye psi patrol kolorowanka, bal halloween dla dzieci 2021, lol surprise kolorowanki, gabriela<\/p>\n<p>yyyyy<\/p>\n<p>&nbsp;<\/p>\n","protected":false},"excerpt":{"rendered":"<p>Wszystkie figurki Papo zosta\u0142y zaprojektowane i opracowane we Francji, w celu \u0142\u0105czenia nauki i zabawy dla dzieci. Figurki Papo s\u0105 \u017ar\u00f3d\u0142em rozrywki, pobudzaj\u0105 dzieci\u0119c\u0105 wyobra\u017ani\u0119, co jest wa\u017cne dla ich rozwoju.R\u00f3\u017cnorodno\u015b\u0107 postaci i wzajemne oddzia\u0142ywanie r\u00f3\u017cnych wszech\u015bwiat\u00f3w stymuluj\u0105 kreatywno\u015b\u0107 i wyobra\u017ani\u0119. Dlatego tak cz\u0119sto wykorzystywane s\u0105 w metodzie Montessori. Figurki s\u0105 r\u0119cznie malowane, z najwi\u0119ksz\u0105 [&hellip;]<\/p>\n","protected":false},"featured_media":4202,"comment_status":"closed","ping_status":"open","template":"","meta":[],"product_cat":[95,880],"product_tag":[797,821,872],"class_list":["post-4201","product","type-product","status-publish","has-post-thumbnail","hentry","product_cat-figurki-makiety-i-zestawy","product_cat-papo","product_tag-kiekrz","product_tag-marianna","product_tag-zagadki-dla-dzieci-6-lat"],"_links":{"self":[{"href":"http:\/\/klubmamgdynia.pl\/index.php\/wp-json\/wp\/v2\/product\/4201","targetHints":{"allow":["GET"]}}],"collection":[{"href":"http:\/\/klubmamgdynia.pl\/index.php\/wp-json\/wp\/v2\/product"}],"about":[{"href":"http:\/\/klubmamgdynia.pl\/index.php\/wp-json\/wp\/v2\/types\/product"}],"replies":[{"embeddable":true,"href":"http:\/\/klubmamgdynia.pl\/index.php\/wp-json\/wp\/v2\/comments?post=4201"}],"wp:featuredmedia":[{"embeddable":true,"href":"http:\/\/klubmamgdynia.pl\/index.php\/wp-json\/wp\/v2\/media\/4202"}],"wp:attachment":[{"href":"http:\/\/klubmamgdynia.pl\/index.php\/wp-json\/wp\/v2\/media?parent=4201"}],"wp:term":[{"taxonomy":"product_cat","embeddable":true,"href":"http:\/\/klubmamgdynia.pl\/index.php\/wp-json\/wp\/v2\/product_cat?post=4201"},{"taxonomy":"product_tag","embeddable":true,"href":"http:\/\/klubmamgdynia.pl\/index.php\/wp-json\/wp\/v2\/product_tag?post=4201"}],"curies":[{"name":"wp","href":"https:\/\/api.w.org\/{rel}","templated":true}]}}