{"id":4209,"date":"2011-04-24T04:21:39","date_gmt":"2011-04-24T02:21:39","guid":{"rendered":"http:\/\/klubmamgdynia.pl\/index.php\/produkt\/mimii-mata-do-zabawy-120x120cm-dla-dziecka-kwadratowa-skladana-pudrowy-roz\/"},"modified":"2026-04-30T00:26:33","modified_gmt":"2026-04-29T22:26:33","slug":"mimii-mata-do-zabawy-120x120cm-dla-dziecka-kwadratowa-skladana-pudrowy-roz","status":"publish","type":"product","link":"http:\/\/klubmamgdynia.pl\/index.php\/produkt\/mimii-mata-do-zabawy-120x120cm-dla-dziecka-kwadratowa-skladana-pudrowy-roz\/","title":{"rendered":"Mimii Mata do zabawy 120x120cm dla Dziecka kwadratowa sk\u0142adana Pudrowy r\u00f3\u017c"},"content":{"rendered":"<p>Mimii: Mata do zabawy, Pudrowy r\u00f3\u017c Mi\u0119kka mata do zabawy to niesamowita frajda dla Twojego dziecka! \u015awietnie zaprezentuje si\u0119 u\u0142o\u017cona pod basenem z pi\u0142eczkami, namiotem tipi lub baldachimiem. Mata mo\u017ce r\u00f3wnie\u017c s\u0142u\u017cy\u0107 jako dywanik do pokoiku dziecka. W\u0142a\u015bciwo\u015bci: Pozytywnie wp\u0142ywa na rozw\u00f3j dziecka Idealnie nadaje si\u0119 do zabawy Dla dzieci od pierwszych dni \u017cycia \u015awietnie nadaje si\u0119 na prezent! Dane techniczne: W ca\u0142o\u015bci wykonana z mi\u0119kkiej i bezpiecznej pianki Pokryta pokrowcem wykonanym z przyjemnej w dotyku dzianiny Posiada certyfikat CE Pokrowiec na zamek, zdejmowany do prania (pra\u0107 w temperaturze 30 stopni Celsjusza) Wymiary: Kwadrat 120x120cm Grubo\u015b\u0107 dna ok. 5cm Pole &#8222;Plik&#8221; Mo\u017cesz skorzysta\u0107 z pola &#8222;Plik&#8221; oraz za\u0142adowa\u0107 plik tekstowy lub graficzny, je\u015bli chcesz aby wewn\u0105trz paczki znajdowa\u0142a si\u0119 wydrukowana kartka z informacj\u0105. Mog\u0105 to by\u0107 \u017cyczenia lub informacja od kogo jest to prezent. Decyzj\u0119 zostawiamy Tobie! (Za\u0142\u0105czanie plik\u00f3w nie jest obowi\u0105zkowe) Robimy krok w stron\u0119 ekologii! Jako jedni z nielicznych producent\u00f3w zabawek piankowych wykorzystujemy piank\u0119 o podwy\u017cszonej g\u0119sto\u015bci. Dzi\u0119ki temu, produkty z niej wykonane b\u0119d\u0105 znacznie trwalsze, a co za tym idzie &#8211; b\u0119d\u0105 d\u0142u\u017cej s\u0142u\u017cy\u0142y swoim ma\u0142ym w\u0142a\u015bcicielom! Produkty pakujemy pr\u00f3\u017cniowo, redukujemy dzi\u0119ki temu wielko\u015b\u0107 paczek, a to z kolei bezpo\u015brednio przek\u0142ada si\u0119 na wiele korzy\u015bci. Dzi\u0119ki zmniejszaniu wymiar\u00f3w paczek, zredukowali\u015bmy r\u00f3wnie\u017c ilo\u015b\u0107 ci\u0119\u017car\u00f3wek potrzebnych do ich przewiezienia. Do jednej dziennie! Wszystkie kroki, kt\u00f3re podj\u0119li\u015bmy przek\u0142adaj\u0105 si\u0119 na mniejsze spalanie paliwa oraz mniejsze zanieczyszczanie \u015brodowiska. Uwaga! Kolory przedmiot\u00f3w na zdj\u0119ciach mog\u0105 nieznacznie r\u00f3\u017cni\u0107 si\u0119 od rzeczywistych ze wzgl\u0119du na r\u00f3\u017cne ustawienia komputera i monitora.<\/p>\n<h2>Mimii Mata do zabawy 120x120cm dla Dziecka kwadratowa sk\u0142adana Pudrowy r\u00f3\u017c Mimii<\/h2>\n<p>cytaty o przyja\u017ani \u015bmieszne, gwiazdka do druku, nowoczesna babcia wiersz, imi\u0119 adriana<\/p>\n<p>yyyyy<\/p>\n<p>&nbsp;<\/p>\n","protected":false},"excerpt":{"rendered":"<p>Mimii: Mata do zabawy, Pudrowy r\u00f3\u017c Mi\u0119kka mata do zabawy to niesamowita frajda dla Twojego dziecka! \u015awietnie zaprezentuje si\u0119 u\u0142o\u017cona pod basenem z pi\u0142eczkami, namiotem tipi lub baldachimiem. Mata mo\u017ce r\u00f3wnie\u017c s\u0142u\u017cy\u0107 jako dywanik do pokoiku dziecka. W\u0142a\u015bciwo\u015bci: Pozytywnie wp\u0142ywa na rozw\u00f3j dziecka Idealnie nadaje si\u0119 do zabawy Dla dzieci od pierwszych dni \u017cycia \u015awietnie [&hellip;]<\/p>\n","protected":false},"featured_media":4210,"comment_status":"closed","ping_status":"open","template":"","meta":[],"product_cat":[55,1170],"product_tag":[844,826,841,868],"class_list":["post-4209","product","type-product","status-publish","has-post-thumbnail","hentry","product_cat-maty-edukacyjne","product_cat-mimii","product_tag-co-kupic-na-roczek","product_tag-prezent-dla-15-latka","product_tag-quiz-o-flagach","product_tag-quizy-dla-dzieci"],"_links":{"self":[{"href":"http:\/\/klubmamgdynia.pl\/index.php\/wp-json\/wp\/v2\/product\/4209","targetHints":{"allow":["GET"]}}],"collection":[{"href":"http:\/\/klubmamgdynia.pl\/index.php\/wp-json\/wp\/v2\/product"}],"about":[{"href":"http:\/\/klubmamgdynia.pl\/index.php\/wp-json\/wp\/v2\/types\/product"}],"replies":[{"embeddable":true,"href":"http:\/\/klubmamgdynia.pl\/index.php\/wp-json\/wp\/v2\/comments?post=4209"}],"wp:featuredmedia":[{"embeddable":true,"href":"http:\/\/klubmamgdynia.pl\/index.php\/wp-json\/wp\/v2\/media\/4210"}],"wp:attachment":[{"href":"http:\/\/klubmamgdynia.pl\/index.php\/wp-json\/wp\/v2\/media?parent=4209"}],"wp:term":[{"taxonomy":"product_cat","embeddable":true,"href":"http:\/\/klubmamgdynia.pl\/index.php\/wp-json\/wp\/v2\/product_cat?post=4209"},{"taxonomy":"product_tag","embeddable":true,"href":"http:\/\/klubmamgdynia.pl\/index.php\/wp-json\/wp\/v2\/product_tag?post=4209"}],"curies":[{"name":"wp","href":"https:\/\/api.w.org\/{rel}","templated":true}]}}