{"id":421,"date":"2023-07-31T20:59:58","date_gmt":"2023-07-31T18:59:58","guid":{"rendered":"http:\/\/klubmamgdynia.pl\/index.php\/produkt\/carrera-cb5852\/"},"modified":"2026-04-19T04:05:49","modified_gmt":"2026-04-19T02:05:49","slug":"carrera-cb5852","status":"publish","type":"product","link":"http:\/\/klubmamgdynia.pl\/index.php\/produkt\/carrera-cb5852\/","title":{"rendered":"Carrera CB5852"},"content":{"rendered":"<h2>Carrera CB5852 Carrera<\/h2>\n<p>hobbit, rysunki dla pocz\u0105tkuj\u0105cych, darmowy szablon list do miko\u0142aja, kira imi\u0119, krzy\u017c\u00f3wki dla dzieci, cytaty o wychowaniu i nauczaniu, \u015bmieszne zagadki dla dzieci 10 lat<\/p>\n<p>yyyyy<\/p>\n<p>&nbsp;<\/p>\n","protected":false},"excerpt":{"rendered":"<p>Carrera CB5852 Carrera hobbit, rysunki dla pocz\u0105tkuj\u0105cych, darmowy szablon list do miko\u0142aja, kira imi\u0119, krzy\u017c\u00f3wki dla dzieci, cytaty o wychowaniu i nauczaniu, \u015bmieszne zagadki dla dzieci 10 lat yyyyy &nbsp;<\/p>\n","protected":false},"featured_media":422,"comment_status":"closed","ping_status":"open","template":"","meta":[],"product_cat":[140,170],"product_tag":[730,867,810,675],"class_list":["post-421","product","type-product","status-publish","has-post-thumbnail","hentry","product_cat-carrera","product_cat-portfele-meskie","product_tag-karyna","product_tag-kolorowanki-dla-dziewczynek","product_tag-nauka-zegara-do-druku","product_tag-test-z-lektury-kajko-i-kokosz-szkola-latania"],"_links":{"self":[{"href":"http:\/\/klubmamgdynia.pl\/index.php\/wp-json\/wp\/v2\/product\/421","targetHints":{"allow":["GET"]}}],"collection":[{"href":"http:\/\/klubmamgdynia.pl\/index.php\/wp-json\/wp\/v2\/product"}],"about":[{"href":"http:\/\/klubmamgdynia.pl\/index.php\/wp-json\/wp\/v2\/types\/product"}],"replies":[{"embeddable":true,"href":"http:\/\/klubmamgdynia.pl\/index.php\/wp-json\/wp\/v2\/comments?post=421"}],"wp:featuredmedia":[{"embeddable":true,"href":"http:\/\/klubmamgdynia.pl\/index.php\/wp-json\/wp\/v2\/media\/422"}],"wp:attachment":[{"href":"http:\/\/klubmamgdynia.pl\/index.php\/wp-json\/wp\/v2\/media?parent=421"}],"wp:term":[{"taxonomy":"product_cat","embeddable":true,"href":"http:\/\/klubmamgdynia.pl\/index.php\/wp-json\/wp\/v2\/product_cat?post=421"},{"taxonomy":"product_tag","embeddable":true,"href":"http:\/\/klubmamgdynia.pl\/index.php\/wp-json\/wp\/v2\/product_tag?post=421"}],"curies":[{"name":"wp","href":"https:\/\/api.w.org\/{rel}","templated":true}]}}