{"id":4211,"date":"2025-06-04T22:42:28","date_gmt":"2025-06-04T20:42:28","guid":{"rendered":"http:\/\/klubmamgdynia.pl\/?post_type=product&#038;p=4211"},"modified":"2026-04-06T11:34:09","modified_gmt":"2026-04-06T09:34:09","slug":"hot-wheels-zloty-samochodzik-najszybsza-dpn12","status":"publish","type":"product","link":"http:\/\/klubmamgdynia.pl\/index.php\/produkt\/hot-wheels-zloty-samochodzik-najszybsza-dpn12\/","title":{"rendered":"Hot Wheels Z\u0142oty Samochodzik Najszybsza DPN12"},"content":{"rendered":"<p>HOT WHEEL UNIKATOWY Z\u0141OTY SAMOCHODZIK BULLET PROOF KULOODPORNY DPN13.<\/p>\n<h2>Hot Wheels Z\u0142oty Samochodzik Najszybsza DPN12 Mattel<\/h2>\n<p>imie kuba, pytania logiczne, ja\u015bmina, lato lato lato czeka tekst, prezenty na urodziny dla nastolatk\u00f3w, cytaty rodzina, zagadki o zimie, quiz o tajemniczym ogrodzie, dzie\u0144 \u015bw patryka symbole do druku, ba\u0142wanek do druku, prezent dla nastolatk\u00f3w na \u015bwi\u0119ta, kwiecie\u0144 plecie\u0144 wiersz<\/p>\n<p>yyyyy<\/p>\n<p>&nbsp;<\/p>\n","protected":false},"excerpt":{"rendered":"<p>HOT WHEEL UNIKATOWY Z\u0141OTY SAMOCHODZIK BULLET PROOF KULOODPORNY DPN13. Hot Wheels Z\u0142oty Samochodzik Najszybsza DPN12 Mattel imie kuba, pytania logiczne, ja\u015bmina, lato lato lato czeka tekst, prezenty na urodziny dla nastolatk\u00f3w, cytaty rodzina, zagadki o zimie, quiz o tajemniczym ogrodzie, dzie\u0144 \u015bw patryka symbole do druku, ba\u0142wanek do druku, prezent dla nastolatk\u00f3w na \u015bwi\u0119ta, kwiecie\u0144 [&hellip;]<\/p>\n","protected":false},"featured_media":4212,"comment_status":"closed","ping_status":"open","template":"","meta":[],"product_cat":[83,289],"product_tag":[792,613,652,602,695],"class_list":["post-4211","product","type-product","status-publish","has-post-thumbnail","hentry","product_cat-auta-i-inne-pojazdy-do-zabawy","product_cat-mattel","product_tag-cytaty-o-mamie","product_tag-na-wyspach-bergamutach","product_tag-otto","product_tag-quiz-o-zwierzetach-domowych","product_tag-rzadkie-imiona-zenskie"],"_links":{"self":[{"href":"http:\/\/klubmamgdynia.pl\/index.php\/wp-json\/wp\/v2\/product\/4211","targetHints":{"allow":["GET"]}}],"collection":[{"href":"http:\/\/klubmamgdynia.pl\/index.php\/wp-json\/wp\/v2\/product"}],"about":[{"href":"http:\/\/klubmamgdynia.pl\/index.php\/wp-json\/wp\/v2\/types\/product"}],"replies":[{"embeddable":true,"href":"http:\/\/klubmamgdynia.pl\/index.php\/wp-json\/wp\/v2\/comments?post=4211"}],"wp:featuredmedia":[{"embeddable":true,"href":"http:\/\/klubmamgdynia.pl\/index.php\/wp-json\/wp\/v2\/media\/4212"}],"wp:attachment":[{"href":"http:\/\/klubmamgdynia.pl\/index.php\/wp-json\/wp\/v2\/media?parent=4211"}],"wp:term":[{"taxonomy":"product_cat","embeddable":true,"href":"http:\/\/klubmamgdynia.pl\/index.php\/wp-json\/wp\/v2\/product_cat?post=4211"},{"taxonomy":"product_tag","embeddable":true,"href":"http:\/\/klubmamgdynia.pl\/index.php\/wp-json\/wp\/v2\/product_tag?post=4211"}],"curies":[{"name":"wp","href":"https:\/\/api.w.org\/{rel}","templated":true}]}}