{"id":4215,"date":"2013-01-30T12:14:52","date_gmt":"2013-01-30T11:14:52","guid":{"rendered":"http:\/\/klubmamgdynia.pl\/index.php\/produkt\/adamtoys-bambusowy-lisek-na-sznureczku-n2025\/"},"modified":"2026-05-17T22:46:25","modified_gmt":"2026-05-17T20:46:25","slug":"adamtoys-bambusowy-lisek-na-sznureczku-n2025","status":"publish","type":"product","link":"http:\/\/klubmamgdynia.pl\/index.php\/produkt\/adamtoys-bambusowy-lisek-na-sznureczku-n2025\/","title":{"rendered":"Adamtoys Bambusowy Lisek Na Sznureczku (N2025)"},"content":{"rendered":"<p>Bambusowy Lisek, to wspania\u0142y towarzysz pierwszych spacer\u00f3w i zabaw. Podstawa zabawki oraz ko\u0142a wykonane w ca\u0142o\u015bci z bambusowego drewna. Do zabawki do\u0142\u0105czony jest materia\u0142owy sznurek do ci\u0105gni\u0119cia, przyjemny w dotyku sprawi, \u017ce maluchy ch\u0119tnie b\u0119d\u0105 wraca\u0142y do zabawy Liskiem. Detal na kt\u00f3ry warto zwr\u00f3ci\u0107 uwag\u0119 to metalowe osie i podk\u0142adki przy ko\u0142ach. Dzi\u0119ki takiemu zastosowaniu zabawka posiada znacznie wyd\u0142u\u017con\u0105 \u017cywotno\u015b\u0107.Ca\u0142o\u015b\u0107 wykonana solidnie z dba\u0142o\u015bci\u0105 o szczeg\u00f3\u0142y od marki Adam Toys.Wiek: 1+Wymiary: 19 x 14,5 x 6 cmD\u0142ugo\u015b\u0107 sznureczka : 57 cmReferencja: N2025Deklaracja zgodno\u015bci: CE<\/p>\n<h2>Adamtoys Bambusowy Lisek Na Sznureczku (N2025) Adam Toys<\/h2>\n<p>bajka o piesku do czytania, tabliczka mno\u017cenia do druku, oryginalny prezent dla nastolatk\u00f3w, prezent dla nastolatek, kolorowanka harry potter, podchwytliwe zagadki matematyczne, prima aprilis \u017carty dla rodzic\u00f3w, zagadki matematyczne dla dzieci, kr\u00f3tkie \u017cyczenia wielkanocne dla dzieci, traktor z przyczep\u0105 kolorowanka, prezenty dla nastolatka, zgadywanki dla dzieci, quizy ma\u0142y ksi\u0105\u017c\u0119, pomys\u0142 na prima aprilis, kr\u00f3tkie \u017cyczenia wielkanocne dla dzieci, impreza halloween 2021 dla dzieci<\/p>\n<p>yyyyy<\/p>\n<p>&nbsp;<\/p>\n","protected":false},"excerpt":{"rendered":"<p>Bambusowy Lisek, to wspania\u0142y towarzysz pierwszych spacer\u00f3w i zabaw. Podstawa zabawki oraz ko\u0142a wykonane w ca\u0142o\u015bci z bambusowego drewna. Do zabawki do\u0142\u0105czony jest materia\u0142owy sznurek do ci\u0105gni\u0119cia, przyjemny w dotyku sprawi, \u017ce maluchy ch\u0119tnie b\u0119d\u0105 wraca\u0142y do zabawy Liskiem. Detal na kt\u00f3ry warto zwr\u00f3ci\u0107 uwag\u0119 to metalowe osie i podk\u0142adki przy ko\u0142ach. Dzi\u0119ki takiemu zastosowaniu [&hellip;]<\/p>\n","protected":false},"featured_media":4216,"comment_status":"closed","ping_status":"open","template":"","meta":[],"product_cat":[1200,61],"product_tag":[667,642,762,799],"class_list":["post-4215","product","type-product","status-publish","has-post-thumbnail","hentry","product_cat-adam-toys","product_cat-zabawki-edukacyjne-dla-niemowlat","product_tag-kolorowanka-lol","product_tag-mia-imie","product_tag-trudne-zagadki-dla-dzieci","product_tag-zagadka-logiczna"],"_links":{"self":[{"href":"http:\/\/klubmamgdynia.pl\/index.php\/wp-json\/wp\/v2\/product\/4215","targetHints":{"allow":["GET"]}}],"collection":[{"href":"http:\/\/klubmamgdynia.pl\/index.php\/wp-json\/wp\/v2\/product"}],"about":[{"href":"http:\/\/klubmamgdynia.pl\/index.php\/wp-json\/wp\/v2\/types\/product"}],"replies":[{"embeddable":true,"href":"http:\/\/klubmamgdynia.pl\/index.php\/wp-json\/wp\/v2\/comments?post=4215"}],"wp:featuredmedia":[{"embeddable":true,"href":"http:\/\/klubmamgdynia.pl\/index.php\/wp-json\/wp\/v2\/media\/4216"}],"wp:attachment":[{"href":"http:\/\/klubmamgdynia.pl\/index.php\/wp-json\/wp\/v2\/media?parent=4215"}],"wp:term":[{"taxonomy":"product_cat","embeddable":true,"href":"http:\/\/klubmamgdynia.pl\/index.php\/wp-json\/wp\/v2\/product_cat?post=4215"},{"taxonomy":"product_tag","embeddable":true,"href":"http:\/\/klubmamgdynia.pl\/index.php\/wp-json\/wp\/v2\/product_tag?post=4215"}],"curies":[{"name":"wp","href":"https:\/\/api.w.org\/{rel}","templated":true}]}}