{"id":4217,"date":"2024-10-06T22:30:38","date_gmt":"2024-10-06T20:30:38","guid":{"rendered":"http:\/\/klubmamgdynia.pl\/?post_type=product&#038;p=4217"},"modified":"2026-04-05T23:54:46","modified_gmt":"2026-04-05T21:54:46","slug":"mattel-wwe-wrestling-figurka-the-rock-z-drabinka-gvj35","status":"publish","type":"product","link":"http:\/\/klubmamgdynia.pl\/index.php\/produkt\/mattel-wwe-wrestling-figurka-the-rock-z-drabinka-gvj35\/","title":{"rendered":"Mattel Wwe Wrestling Figurka The Rock Z Drabink\u0105 GVJ35"},"content":{"rendered":"<p>WWE WRESTLING FIGURKA THE ROCK Z DRABINK\u0104 GVJ35WWE Wrestling &#8211; Wrekkin &#8211; Figurka The Rock + rekwizyt GVJ35Figurka The Rock z serii WWE Wrestling to prawdziwa gratka dla wszystkich fan\u00f3w zawodnik\u00f3w walcz\u0105cych na ringach podczas wszystkich najwa\u017cniejszych wydarze\u0144. Figurka The Rock ma 17 cm wysoko\u015bci i posiada liczne punkty artykulacji, dzi\u0119ki kt\u00f3rym mo\u017cna ustawi\u0107 j\u0105 w ca\u0142kowicie dowolnej pozycji, szczeg\u00f3lnie \u017ce do zestawu do\u0142\u0105czono rekwizyt w postaci srebrnej drabinki.Zestaw z linii WWE Wrestling \u2013 Wrekkin marki Mattel przeznaczony jest dla dzieci powy\u017cej 6. roku \u017cycia.WWE Wrestling &#8211; Figurka The Rock + rekwizyt &#8211; informacje dodatkowe:Producent: MattelNumer katalogowy: GVJ35Seria: WWE WrestlingWiek dziecka: + 6 latWymiary opakowania: 17 cm x 24 cm x 8 cm<\/p>\n<h2>Mattel Wwe Wrestling Figurka The Rock Z Drabink\u0105 GVJ35 Mattel<\/h2>\n<p>bianka, walentynka kolorowanka, zabawy miko\u0142ajkowe dla dzieci, walentynka dla syna, mandale do druku, dzieci cytaty, pranki na prima aprilis dla rodzic\u00f3w, kolorowanki \u015bwi\u0105teczne do wydruku, pomys\u0142y na dzie\u0144 dziecka dla nastolatk\u00f3w, znaczenia imienia alicja, w uk\u0142adzie s\u0142onecznym, oryginalny prezent na roczek dla dziewczynki, jaki prezent na roczek dla ch\u0142opca, dobre zagadki logiczne<\/p>\n<p>yyyyy<\/p>\n<p>&nbsp;<\/p>\n","protected":false},"excerpt":{"rendered":"<p>WWE WRESTLING FIGURKA THE ROCK Z DRABINK\u0104 GVJ35WWE Wrestling &#8211; Wrekkin &#8211; Figurka The Rock + rekwizyt GVJ35Figurka The Rock z serii WWE Wrestling to prawdziwa gratka dla wszystkich fan\u00f3w zawodnik\u00f3w walcz\u0105cych na ringach podczas wszystkich najwa\u017cniejszych wydarze\u0144. Figurka The Rock ma 17 cm wysoko\u015bci i posiada liczne punkty artykulacji, dzi\u0119ki kt\u00f3rym mo\u017cna ustawi\u0107 j\u0105 [&hellip;]<\/p>\n","protected":false},"featured_media":4218,"comment_status":"closed","ping_status":"open","template":"","meta":[],"product_cat":[95,289],"product_tag":[722,681,769,597],"class_list":["post-4217","product","type-product","status-publish","has-post-thumbnail","hentry","product_cat-figurki-makiety-i-zestawy","product_cat-mattel","product_tag-cytaty-o-przyjazni","product_tag-flagi-europy-quiz","product_tag-psi-patrol-do-czytania","product_tag-zagadki-o-zimie"],"_links":{"self":[{"href":"http:\/\/klubmamgdynia.pl\/index.php\/wp-json\/wp\/v2\/product\/4217","targetHints":{"allow":["GET"]}}],"collection":[{"href":"http:\/\/klubmamgdynia.pl\/index.php\/wp-json\/wp\/v2\/product"}],"about":[{"href":"http:\/\/klubmamgdynia.pl\/index.php\/wp-json\/wp\/v2\/types\/product"}],"replies":[{"embeddable":true,"href":"http:\/\/klubmamgdynia.pl\/index.php\/wp-json\/wp\/v2\/comments?post=4217"}],"wp:featuredmedia":[{"embeddable":true,"href":"http:\/\/klubmamgdynia.pl\/index.php\/wp-json\/wp\/v2\/media\/4218"}],"wp:attachment":[{"href":"http:\/\/klubmamgdynia.pl\/index.php\/wp-json\/wp\/v2\/media?parent=4217"}],"wp:term":[{"taxonomy":"product_cat","embeddable":true,"href":"http:\/\/klubmamgdynia.pl\/index.php\/wp-json\/wp\/v2\/product_cat?post=4217"},{"taxonomy":"product_tag","embeddable":true,"href":"http:\/\/klubmamgdynia.pl\/index.php\/wp-json\/wp\/v2\/product_tag?post=4217"}],"curies":[{"name":"wp","href":"https:\/\/api.w.org\/{rel}","templated":true}]}}