{"id":4219,"date":"2019-11-26T01:44:52","date_gmt":"2019-11-26T00:44:52","guid":{"rendered":"http:\/\/klubmamgdynia.pl\/index.php\/produkt\/maksik-traktor-z-przyczepa-technok-teh3442-03442\/"},"modified":"2026-04-22T15:47:21","modified_gmt":"2026-04-22T13:47:21","slug":"maksik-traktor-z-przyczepa-technok-teh3442-03442","status":"publish","type":"product","link":"http:\/\/klubmamgdynia.pl\/index.php\/produkt\/maksik-traktor-z-przyczepa-technok-teh3442-03442\/","title":{"rendered":"Maksik Traktor z przyczep\u0105 TechnoK TEH3442 03442."},"content":{"rendered":"<p>Zabawkowy traktor z przyczep\u0105. Produkt wykonany z mocnego, wysokiej jako\u015bci tworzywa sztucznego, bezwonny i bez ostrych kraw\u0119dzi.EAN: 4823037603442<\/p>\n<h2>Maksik Traktor z przyczep\u0105 TechnoK TEH3442 03442. Maksik<\/h2>\n<p>zabawy ruchowe dla dzieci w przedszkolu, kawal na prima aprilis, kr\u00f3tkie zagadki dla doros\u0142ych, zagadki dla starszych dzieci, imie leon<\/p>\n<p>yyyyy<\/p>\n<p>&nbsp;<\/p>\n","protected":false},"excerpt":{"rendered":"<p>Zabawkowy traktor z przyczep\u0105. Produkt wykonany z mocnego, wysokiej jako\u015bci tworzywa sztucznego, bezwonny i bez ostrych kraw\u0119dzi.EAN: 4823037603442 Maksik Traktor z przyczep\u0105 TechnoK TEH3442 03442. Maksik zabawy ruchowe dla dzieci w przedszkolu, kawal na prima aprilis, kr\u00f3tkie zagadki dla doros\u0142ych, zagadki dla starszych dzieci, imie leon yyyyy &nbsp;<\/p>\n","protected":false},"featured_media":4220,"comment_status":"closed","ping_status":"open","template":"","meta":[],"product_cat":[83,1201],"product_tag":[706,768,752,850],"class_list":["post-4219","product","type-product","status-publish","has-post-thumbnail","hentry","product_cat-auta-i-inne-pojazdy-do-zabawy","product_cat-maksik","product_tag-imie-kuba","product_tag-krotkie-zagadki-logiczne","product_tag-kuba-imie","product_tag-wroclaw-atrakcje-dla-dzieci"],"_links":{"self":[{"href":"http:\/\/klubmamgdynia.pl\/index.php\/wp-json\/wp\/v2\/product\/4219","targetHints":{"allow":["GET"]}}],"collection":[{"href":"http:\/\/klubmamgdynia.pl\/index.php\/wp-json\/wp\/v2\/product"}],"about":[{"href":"http:\/\/klubmamgdynia.pl\/index.php\/wp-json\/wp\/v2\/types\/product"}],"replies":[{"embeddable":true,"href":"http:\/\/klubmamgdynia.pl\/index.php\/wp-json\/wp\/v2\/comments?post=4219"}],"wp:featuredmedia":[{"embeddable":true,"href":"http:\/\/klubmamgdynia.pl\/index.php\/wp-json\/wp\/v2\/media\/4220"}],"wp:attachment":[{"href":"http:\/\/klubmamgdynia.pl\/index.php\/wp-json\/wp\/v2\/media?parent=4219"}],"wp:term":[{"taxonomy":"product_cat","embeddable":true,"href":"http:\/\/klubmamgdynia.pl\/index.php\/wp-json\/wp\/v2\/product_cat?post=4219"},{"taxonomy":"product_tag","embeddable":true,"href":"http:\/\/klubmamgdynia.pl\/index.php\/wp-json\/wp\/v2\/product_tag?post=4219"}],"curies":[{"name":"wp","href":"https:\/\/api.w.org\/{rel}","templated":true}]}}