{"id":4223,"date":"2016-07-13T19:19:41","date_gmt":"2016-07-13T17:19:41","guid":{"rendered":"http:\/\/klubmamgdynia.pl\/index.php\/produkt\/oillan-med-kremowy-zel-do-mycia-ciala-400-ml\/"},"modified":"2026-05-17T22:06:18","modified_gmt":"2026-05-17T20:06:18","slug":"oillan-med-kremowy-zel-do-mycia-ciala-400-ml","status":"publish","type":"product","link":"http:\/\/klubmamgdynia.pl\/index.php\/produkt\/oillan-med-kremowy-zel-do-mycia-ciala-400-ml\/","title":{"rendered":"Oillan Med+ kremowy \u017cel do mycia cia\u0142a 400 ml"},"content":{"rendered":"<p>Oillan med+\u00a0 to program do piel\u0119gnacji sk\u00f3ry dotkni\u0119tej schorzeniami dermatologicznymi do stosowania od 1. miesi\u0105ca \u017cycia u dzieci oraz u doros\u0142ych. Emolienty Oillan med+ wspomagaj\u0105 dermatologiczne terapie sk\u00f3ry z dermatozami, jak AZS, \u0142uszczyca, egzemy, \u201erybia \u0142uska\u201d.\u2713 Skuteczno\u015b\u0107 i bezpiecze\u0144stwo potwierdzone w testach \u00a0 \u00a0aplikacyjnych i dermatologicznych u alergik\u00f3w.\u2713 Pierwsze emolienty z rekomendacj\u0105 Polskiego Towarzystwa \u00a0 \u00a0Chor\u00f3b Atopowych.                            <\/p>\n<p>____________________________________________________________________________________________________________________________________________________________________________________________________________                            <\/p>\n<p>mo\u017ce by\u0107 stosowany u dzieci od 1. miesi\u0105ca \u017cycianie zawiera barwnik\u00f3w i kompozycji zapachowejtestowany dermatologicznie z udzia\u0142em os\u00f3b z alergicznymi chorobami sk\u00f3rypH neutralne dla sk\u00f3ry.                            <\/p>\n<p>Kremowy \u017cel do mycia\u017bel przeznaczony jest do codziennej higieny podra\u017cnionej, sw\u0119dz\u0105cej, chronicznie suchej sk\u00f3ry ze zdiagnozowanymi dermatozami (AZS, alergiczne kontaktowe zapalenie sk\u00f3ry, \u0142uszczyca, \u201erybia \u0142uska\u201d, egzemy). Do stosowania w zaostrzeniu zmian sk\u00f3rnych (jako terapia wspomagaj\u0105ca leczenie dermatologiczne) jak i w okresie remisji. Przeznaczona dla niemowl\u0105t od 1. miesi\u0105ca \u017cycia, dzieci i doros\u0142ych.\u00a0Sk\u0142adniki aktywne:gliceryna, L-arginina, olej jojoba, alantoina.\u00a0                            <\/p>\n<p>Dzia\u0142anie:Nie zawiera SLES\/SLS i myd\u0142a, dzi\u0119ki czemu delikatnie oczyszcza sk\u00f3r\u0119, nie powoduj\u0105c podra\u017cnie\u0144intensywnie nawil\u017ca, eliminuj\u0105c uczucie przesuszenia i napi\u0119cia sk\u00f3rywspomaga regeneracj\u0119 nask\u00f3rkanadaj\u0105ca mi\u0119kko\u015b\u0107 i g\u0142adko\u015b\u0107\u0142agodzi podra\u017cnienia i zaczerwienienia.Stosowanie:nanie\u015b\u0107 na wilgotn\u0105 sk\u00f3r\u0119, sp\u0142uka\u0107 letni\u0105 wod\u0105, a nast\u0119pnie delikatnie (nie pocieraj\u0105c) osuszy\u0107 sk\u00f3r\u0119 r\u0119cznikiem.\u00a0<\/p>\n<h2>Oillan Med+ kremowy \u017cel do mycia cia\u0142a 400 ml Oillan<\/h2>\n<p>test z lektury asiunia, znaki drogowe do druku, kanapki na urodziny dziecka, \u017carty na prima aprilis w domu, test z lektury narnia lew czarownica i stara szafa, atrakcje dla dzieci tr\u00f3jmiasto, bajka o dinozaurach do czytania, kolorowanki winx, dyplom za udzia\u0142 w konkursie do druku, zaj\u0119cia kulinarne dla dzieci pomys\u0142y, mini zoo warszawa, kolorowanki kotki do druku, regina, piesek kolorowanka, fajne \u017carty na prima aprilis, zaproszenia do druku, podchwytliwe zagadki dla dzieci, prezent dla nastoletniego ch\u0142opca, wpad\u0142a bomba do piwnicy<\/p>\n<p>yyyyy<\/p>\n<p>&nbsp;<\/p>\n","protected":false},"excerpt":{"rendered":"<p>Oillan med+\u00a0 to program do piel\u0119gnacji sk\u00f3ry dotkni\u0119tej schorzeniami dermatologicznymi do stosowania od 1. miesi\u0105ca \u017cycia u dzieci oraz u doros\u0142ych. Emolienty Oillan med+ wspomagaj\u0105 dermatologiczne terapie sk\u00f3ry z dermatozami, jak AZS, \u0142uszczyca, egzemy, \u201erybia \u0142uska\u201d.\u2713 Skuteczno\u015b\u0107 i bezpiecze\u0144stwo potwierdzone w testach \u00a0 \u00a0aplikacyjnych i dermatologicznych u alergik\u00f3w.\u2713 Pierwsze emolienty z rekomendacj\u0105 Polskiego Towarzystwa \u00a0 [&hellip;]<\/p>\n","protected":false},"featured_media":4224,"comment_status":"closed","ping_status":"open","template":"","meta":[],"product_cat":[134,1154],"product_tag":[723,787,678,651,824,653],"class_list":["post-4223","product","type-product","status-publish","has-post-thumbnail","hentry","product_cat-dermokosmetyki","product_cat-oillan","product_tag-krotkie-bajki-do-czytania-na-dobranoc","product_tag-nauka-pisania-wyrazow-dla-dzieci-do-druku-pdf","product_tag-prezent-na-roczek-dla-dziewczynki","product_tag-quizy-online","product_tag-warszawa-atrakcje-dla-dzieci","product_tag-warszawa-dla-dzieci"],"_links":{"self":[{"href":"http:\/\/klubmamgdynia.pl\/index.php\/wp-json\/wp\/v2\/product\/4223","targetHints":{"allow":["GET"]}}],"collection":[{"href":"http:\/\/klubmamgdynia.pl\/index.php\/wp-json\/wp\/v2\/product"}],"about":[{"href":"http:\/\/klubmamgdynia.pl\/index.php\/wp-json\/wp\/v2\/types\/product"}],"replies":[{"embeddable":true,"href":"http:\/\/klubmamgdynia.pl\/index.php\/wp-json\/wp\/v2\/comments?post=4223"}],"wp:featuredmedia":[{"embeddable":true,"href":"http:\/\/klubmamgdynia.pl\/index.php\/wp-json\/wp\/v2\/media\/4224"}],"wp:attachment":[{"href":"http:\/\/klubmamgdynia.pl\/index.php\/wp-json\/wp\/v2\/media?parent=4223"}],"wp:term":[{"taxonomy":"product_cat","embeddable":true,"href":"http:\/\/klubmamgdynia.pl\/index.php\/wp-json\/wp\/v2\/product_cat?post=4223"},{"taxonomy":"product_tag","embeddable":true,"href":"http:\/\/klubmamgdynia.pl\/index.php\/wp-json\/wp\/v2\/product_tag?post=4223"}],"curies":[{"name":"wp","href":"https:\/\/api.w.org\/{rel}","templated":true}]}}