{"id":4225,"date":"2021-05-27T04:40:38","date_gmt":"2021-05-27T02:40:38","guid":{"rendered":"http:\/\/klubmamgdynia.pl\/index.php\/produkt\/vtech-vm3254\/"},"modified":"2026-04-04T16:24:23","modified_gmt":"2026-04-04T14:24:23","slug":"vtech-vm3254","status":"publish","type":"product","link":"http:\/\/klubmamgdynia.pl\/index.php\/produkt\/vtech-vm3254\/","title":{"rendered":"Vtech VM3254"},"content":{"rendered":"<p>Vtech Niania Elektroniczna Kamera Dect LCD VM3254<\/p>\n<h2>Vtech VM3254 VTech<\/h2>\n<p>kolorowanka prezent, przyjed\u017a do nas miko\u0142aju tekst, test z lektury ania z zielonego wzg\u00f3rza klasa 6 z odpowiedziami, sentencje o dzieciach, ale kino program, zabawy dla 5-6 latk\u00f3w, menu na urodziny dziecka, motyl kolorowanka, wierszyki o marzannie, quizy dla dzieci z bajek, agroturystyka dla dzieci ze zwierz\u0119tami, wierszyki na dobranoc dla dzieci, szopka do druku, wulkan eksperyment, kubu\u015b puchatek cytaty<\/p>\n<p>yyyyy<\/p>\n<p>&nbsp;<\/p>\n","protected":false},"excerpt":{"rendered":"<p>Vtech Niania Elektroniczna Kamera Dect LCD VM3254 Vtech VM3254 VTech kolorowanka prezent, przyjed\u017a do nas miko\u0142aju tekst, test z lektury ania z zielonego wzg\u00f3rza klasa 6 z odpowiedziami, sentencje o dzieciach, ale kino program, zabawy dla 5-6 latk\u00f3w, menu na urodziny dziecka, motyl kolorowanka, wierszyki o marzannie, quizy dla dzieci z bajek, agroturystyka dla dzieci [&hellip;]<\/p>\n","protected":false},"featured_media":4226,"comment_status":"closed","ping_status":"open","template":"","meta":[],"product_cat":[899,1203],"product_tag":[787,690,826],"class_list":["post-4225","product","type-product","status-publish","has-post-thumbnail","hentry","product_cat-nianie-elektroniczne-i-monitory-oddechu","product_cat-vtech","product_tag-nauka-pisania-wyrazow-dla-dzieci-do-druku-pdf","product_tag-pieski-male-dwa-tekst","product_tag-prezent-dla-15-latka"],"_links":{"self":[{"href":"http:\/\/klubmamgdynia.pl\/index.php\/wp-json\/wp\/v2\/product\/4225","targetHints":{"allow":["GET"]}}],"collection":[{"href":"http:\/\/klubmamgdynia.pl\/index.php\/wp-json\/wp\/v2\/product"}],"about":[{"href":"http:\/\/klubmamgdynia.pl\/index.php\/wp-json\/wp\/v2\/types\/product"}],"replies":[{"embeddable":true,"href":"http:\/\/klubmamgdynia.pl\/index.php\/wp-json\/wp\/v2\/comments?post=4225"}],"wp:featuredmedia":[{"embeddable":true,"href":"http:\/\/klubmamgdynia.pl\/index.php\/wp-json\/wp\/v2\/media\/4226"}],"wp:attachment":[{"href":"http:\/\/klubmamgdynia.pl\/index.php\/wp-json\/wp\/v2\/media?parent=4225"}],"wp:term":[{"taxonomy":"product_cat","embeddable":true,"href":"http:\/\/klubmamgdynia.pl\/index.php\/wp-json\/wp\/v2\/product_cat?post=4225"},{"taxonomy":"product_tag","embeddable":true,"href":"http:\/\/klubmamgdynia.pl\/index.php\/wp-json\/wp\/v2\/product_tag?post=4225"}],"curies":[{"name":"wp","href":"https:\/\/api.w.org\/{rel}","templated":true}]}}