{"id":4227,"date":"2021-09-19T19:36:16","date_gmt":"2021-09-19T17:36:16","guid":{"rendered":"http:\/\/klubmamgdynia.pl\/index.php\/produkt\/sigikid-zegar-muzyczny-fox-green\/"},"modified":"2026-04-29T21:16:07","modified_gmt":"2026-04-29T19:16:07","slug":"sigikid-zegar-muzyczny-fox-green","status":"publish","type":"product","link":"http:\/\/klubmamgdynia.pl\/index.php\/produkt\/sigikid-zegar-muzyczny-fox-green\/","title":{"rendered":"Sigikid Zegar Muzyczny Fox Green"},"content":{"rendered":"<p>NATURALNE &#8211; ZR\u00d3WNOWA\u017bONE &#8211; FAIR &#8211; EKOLOGICZNE &#8211; BIO: Zr\u00f3wnowa\u017cone produkty, uczciwie i odpowiedzialnie wyprodukowane w Europie, naturalne materia\u0142y z kontrolowanych upraw ekologicznych i estetycznie wyrafinowany Design to podstawy, na kt\u00f3re sigikid k\u0142adzie nacisk przy tworzeniu serii GREEN . Wszystkie tkaniny u\u017cyte w tej serii s\u0105 w 100% ekologiczne &#8211; tkaniny wierzchnie pochodz\u0105 z kontrolowanych upraw ekologicznych (kbA), jako wype\u0142nienie zastosowano we\u0142n\u0119 owcz\u0105. Kolory i wyko\u0144czenia zastosowane w kolekcji GREEN s\u0105 r\u00f3wnie\u017c ekologiczne i nieszkodliwe dla zdrowia. Przedmioty z tej serii stanowi\u0105 doskona\u0142y prezent z okazji narodzin dziecka lub chrztu. Urocza 23-centymetrowa pozytywka Lisek z koj\u0105c\u0105 melodi\u0105 jest idealnym towarzyszem dla niemowl\u0105t i ma\u0142ych dzieci. Mechaniczny mechanizm gry mo\u017ce by\u0107 uruchomiony przez proste poci\u0105gni\u0119cie pier\u015bcienia z drewna bukowego. Lisek, mi\u0119kko wype\u0142niony we\u0142nianymi kulkami, nadaje si\u0119 r\u00f3wnie\u017c do zabawy i przytulania. Liczne mo\u017cliwo\u015bci chwytania, takie jak r\u0119ce i nogi, pomagaj\u0105 maluchom rozwija\u0107 umiej\u0119tno\u015bci motoryczne. R\u00f3\u017cne mi\u0119kkie tkaniny zewn\u0119trzne w kolorach Orange , be\u017cowym br\u0105zowym i turkusowym &#8211; wszystkie wykonane z bawe\u0142ny organicznej &#8211; sprawiaj\u0105, \u017ce pozytywka jest tak cudownie przytulna i zapewnia przyjemne i interesuj\u0105ce odczucia. Twarz zwierz\u0119cia jest pi\u0119knie wyhaftowana. Z\u0142oto-\u017c\u00f3\u0142ta tkanina na szyi jest mocno przymocowana, tak \u017ce nie ma mo\u017cliwo\u015bci prze\u0142kni\u0119cia. Za pomoc\u0105 p\u0119tli, pomoc do spania mo\u017ce by\u0107 r\u00f3wnie\u017c przymocowana nad ko\u0142ysk\u0105 lub \u0142\u00f3\u017ceczkiem (np. za pomoc\u0105 ruchomego uchwytu z sigikid ). Pozytywka dostarczana jest z jedn\u0105 z pi\u0119ciu melodii do snu &#8211; wybieranych losowo. W przypadku pyta\u0144 dotycz\u0105cych specjalnych melodii, prosimy o kontakt z producentem. Przytulnie mi\u0119kkie tkaniny s\u0105 wysokiej jako\u015bci i wytrzymuj\u0105 cz\u0119ste pranie w temperaturze 30\u00b0 w cyklu prania we\u0142ny w pralce. Aby umy\u0107 zabawk\u0119, wystarczy usun\u0105\u0107 zamek b\u0142yskawiczny za pomoc\u0105 spinacza do papieru (patrz instrukcja). Pozytywka jest odpowiednia dla dziecka od samego pocz\u0105tku i cz\u0119sto jest k\u0142adziona na brzuszku mamy jeszcze przed narodzinami. \u015apij dobrze, kochanie! sigikid przywi\u0105zuje szczeg\u00f3ln\u0105 wag\u0119 do wyselekcjonowanych materia\u0142\u00f3w i dobrze przemy\u015blanych Design . Akredytowane instytuty badawcze stale przeprowadzaj\u0105 badania w zakresie rozwoju i produkcji produkt\u00f3w zgodnie z dyrektyw\u0105 zabawkow\u0105 2009\/48\/WE. Marka sigikid to produkty przytulanki, kt\u00f3re wzbudzaj\u0105 emocje i daj\u0105 dobre samopoczucie zar\u00f3wno rodzicom, jak i dzieciom. Od ponad 50 lat firma sigikid kieruje si\u0119 jasn\u0105 zasad\u0105: FIRST CLASS DLA DZIECI! Sprawiamy, \u017ce \u015bwiat rodzin od samego pocz\u0105tku staje si\u0119 bardziej przytulny i kolorowy. Szczeg\u00f3\u0142y produktu: Wymiary (d\u0142ugo\u015b\u0107 x szeroko\u015b\u0107 x wysoko\u015b\u0107): 23 x 12 x 10 cm Materia\u0142 wewn\u0119trzny: 100 % we\u0142ny dziewiczej Materia\u0142 zewn\u0119trzny: 100 % bawe\u0142na organiczna Piel\u0119gnacja: mo\u017cna pra\u0107 w temperaturze 30\u00b0C, przedtem nale\u017cy wyj\u0105\u0107 zabawk\u0119 Wiek: od 0 miesi\u0119cy Uwaga Mechanizm muzyczny nie mo\u017ce dosta\u0107 si\u0119 do r\u0105k niemowl\u0105t i ma\u0142ych dzieci, a po umyciu musi by\u0107 z powrotem w\u0142o\u017cony do pozytywki!<\/p>\n<h2>Sigikid Zegar Muzyczny Fox Green Sigikid<\/h2>\n<p>kolorowanki zwierz\u0119ta, minecraft quiz, test wiedzy zemsta, proste dekoracje bo\u017conarodzeniowe dla dzieci, starodawne \u017cyczenia bo\u017conarodzeniowe, miastodzieci, medrcy swiata, czapka g\u00f3rnika kolorowanka, gad\u017cety dla nastolatk\u00f3w 2021<\/p>\n<p>yyyyy<\/p>\n<p>&nbsp;<\/p>\n","protected":false},"excerpt":{"rendered":"<p>NATURALNE &#8211; ZR\u00d3WNOWA\u017bONE &#8211; FAIR &#8211; EKOLOGICZNE &#8211; BIO: Zr\u00f3wnowa\u017cone produkty, uczciwie i odpowiedzialnie wyprodukowane w Europie, naturalne materia\u0142y z kontrolowanych upraw ekologicznych i estetycznie wyrafinowany Design to podstawy, na kt\u00f3re sigikid k\u0142adzie nacisk przy tworzeniu serii GREEN . Wszystkie tkaniny u\u017cyte w tej serii s\u0105 w 100% ekologiczne &#8211; tkaniny wierzchnie pochodz\u0105 z kontrolowanych [&hellip;]<\/p>\n","protected":false},"featured_media":4228,"comment_status":"closed","ping_status":"open","template":"","meta":[],"product_cat":[298,26],"product_tag":[740,706,689,684,814],"class_list":["post-4227","product","type-product","status-publish","has-post-thumbnail","hentry","product_cat-sigikid","product_cat-zabawki-do-wozka-lozeczka-i-fotelika","product_tag-fajne-prezenty-dla-nastolatkow","product_tag-imie-kuba","product_tag-linda","product_tag-prezent-dla-dziewczynki-na-roczek","product_tag-prezenty-dla-nastolatek"],"_links":{"self":[{"href":"http:\/\/klubmamgdynia.pl\/index.php\/wp-json\/wp\/v2\/product\/4227","targetHints":{"allow":["GET"]}}],"collection":[{"href":"http:\/\/klubmamgdynia.pl\/index.php\/wp-json\/wp\/v2\/product"}],"about":[{"href":"http:\/\/klubmamgdynia.pl\/index.php\/wp-json\/wp\/v2\/types\/product"}],"replies":[{"embeddable":true,"href":"http:\/\/klubmamgdynia.pl\/index.php\/wp-json\/wp\/v2\/comments?post=4227"}],"wp:featuredmedia":[{"embeddable":true,"href":"http:\/\/klubmamgdynia.pl\/index.php\/wp-json\/wp\/v2\/media\/4228"}],"wp:attachment":[{"href":"http:\/\/klubmamgdynia.pl\/index.php\/wp-json\/wp\/v2\/media?parent=4227"}],"wp:term":[{"taxonomy":"product_cat","embeddable":true,"href":"http:\/\/klubmamgdynia.pl\/index.php\/wp-json\/wp\/v2\/product_cat?post=4227"},{"taxonomy":"product_tag","embeddable":true,"href":"http:\/\/klubmamgdynia.pl\/index.php\/wp-json\/wp\/v2\/product_tag?post=4227"}],"curies":[{"name":"wp","href":"https:\/\/api.w.org\/{rel}","templated":true}]}}