{"id":4229,"date":"2013-07-07T00:29:08","date_gmt":"2013-07-06T22:29:08","guid":{"rendered":"http:\/\/klubmamgdynia.pl\/index.php\/produkt\/majorette-porsche-edition-zestaw-5-aut-2053171\/"},"modified":"2026-04-05T00:08:50","modified_gmt":"2026-04-04T22:08:50","slug":"majorette-porsche-edition-zestaw-5-aut-2053171","status":"publish","type":"product","link":"http:\/\/klubmamgdynia.pl\/index.php\/produkt\/majorette-porsche-edition-zestaw-5-aut-2053171\/","title":{"rendered":"Majorette Porsche Edition Zestaw 5 aut 2053171"},"content":{"rendered":"<p>Samochody Majorette Porsche Edition zachwycaj\u0105 w ka\u017cdym calu! \u015awietna seria przeznaczona dla kolekcjoner\u00f3w i mniejszych wielbicieli motoryzacji! Dba\u0142o\u015b\u0107 o szczeg\u00f3\u0142y a tak\u017ce technika wykonania sprawia, \u017ce samochody z serii Porsche Edition s\u0105 wiern\u0105 kopi\u0105 prawdziwych pojazd\u00f3w. W pi\u0119ciopaku znajdziemy pi\u0119\u0107 wyj\u0105tkowych metalowych pojazd\u00f3w, w tym dwa w wersji ekskluzywnej. W\u015br\u00f3d modeli znajduj\u0105 si\u0119 kultowe modele samochod\u00f3w (niekt\u00f3re z otwieranymi elementami), takie jak Porsche Panamera Turbo, Porsche 718 Boxster, Porsche 911 GT3 RS i ekskluzywne Porsche 911 GT3 RS oraz Porsche 934, kt\u00f3re zachwyc\u0105 ka\u017cdego kolekcjonera i mi\u0142o\u015bnika motoryzacji. Samochody zapakowane w atrakcyjne pude\u0142ko prezentowe przyci\u0105gaj\u0105 wzrok &#8211; czy to w pokoju dzieci\u0119cym, czy w szafce kolekcjonera.Zawarto\u015b\u0107 i cechy zestawu:Zabawkowe metalowe samochody bez nap\u0119du Niekt\u00f3re z otwieranymi elementamiMateria\u0142: Metal\/PlastikD\u0142ugo\u015b\u0107: ok. 7 cmSkala 1:64Dla dzieci w wieku: 3+W zestawie modele: Porsche Panamera Turbo, Porsche 718 Boxster, Porsche 911 GT3 RS, Porsche 911 GT3 RS, Porsche 934<\/p>\n<h2>Majorette Porsche Edition Zestaw 5 aut 2053171 Majorette<\/h2>\n<p>wr\u00f3zby andrzejkowe dla dzieci, prezent dla 15 latki, roczek prezent, quiz dla dzieci, sentencje ma\u0142y ksi\u0105\u017ce cytaty, quiz spos\u00f3b na alcybiadesa, nauka pisania literek do wydruku pdf, zagadki dla dzieci 7-8 lat, m\u0105dre bajki dla dzieci do czytania, a \u015bpij kochanie, prezenty dla nastolatek, rysunki dla pocz\u0105tkuj\u0105cych, pies kolorowanka, quiz o miko\u0142ajku, konkurencje sportowe dla dzieci, gabriela imie, kalina imi\u0119, zrobi\u0107 laurk\u0119 laurka dla babci, pisanie literek do druku, pies rysunek, imi\u0119 adriana<\/p>\n<p>yyyyy<\/p>\n<p>&nbsp;<\/p>\n","protected":false},"excerpt":{"rendered":"<p>Samochody Majorette Porsche Edition zachwycaj\u0105 w ka\u017cdym calu! \u015awietna seria przeznaczona dla kolekcjoner\u00f3w i mniejszych wielbicieli motoryzacji! Dba\u0142o\u015b\u0107 o szczeg\u00f3\u0142y a tak\u017ce technika wykonania sprawia, \u017ce samochody z serii Porsche Edition s\u0105 wiern\u0105 kopi\u0105 prawdziwych pojazd\u00f3w. W pi\u0119ciopaku znajdziemy pi\u0119\u0107 wyj\u0105tkowych metalowych pojazd\u00f3w, w tym dwa w wersji ekskluzywnej. W\u015br\u00f3d modeli znajduj\u0105 si\u0119 kultowe modele [&hellip;]<\/p>\n","protected":false},"featured_media":4230,"comment_status":"closed","ping_status":"open","template":"","meta":[],"product_cat":[83,343],"product_tag":[763,622,643,665,672],"class_list":["post-4229","product","type-product","status-publish","has-post-thumbnail","hentry","product_cat-auta-i-inne-pojazdy-do-zabawy","product_cat-majorette","product_tag-fabian","product_tag-fajne-zagadki","product_tag-prezent-dla-17-latki","product_tag-proste-zagadki","product_tag-trudne-zagadki-z-odpowiedziami"],"_links":{"self":[{"href":"http:\/\/klubmamgdynia.pl\/index.php\/wp-json\/wp\/v2\/product\/4229","targetHints":{"allow":["GET"]}}],"collection":[{"href":"http:\/\/klubmamgdynia.pl\/index.php\/wp-json\/wp\/v2\/product"}],"about":[{"href":"http:\/\/klubmamgdynia.pl\/index.php\/wp-json\/wp\/v2\/types\/product"}],"replies":[{"embeddable":true,"href":"http:\/\/klubmamgdynia.pl\/index.php\/wp-json\/wp\/v2\/comments?post=4229"}],"wp:featuredmedia":[{"embeddable":true,"href":"http:\/\/klubmamgdynia.pl\/index.php\/wp-json\/wp\/v2\/media\/4230"}],"wp:attachment":[{"href":"http:\/\/klubmamgdynia.pl\/index.php\/wp-json\/wp\/v2\/media?parent=4229"}],"wp:term":[{"taxonomy":"product_cat","embeddable":true,"href":"http:\/\/klubmamgdynia.pl\/index.php\/wp-json\/wp\/v2\/product_cat?post=4229"},{"taxonomy":"product_tag","embeddable":true,"href":"http:\/\/klubmamgdynia.pl\/index.php\/wp-json\/wp\/v2\/product_tag?post=4229"}],"curies":[{"name":"wp","href":"https:\/\/api.w.org\/{rel}","templated":true}]}}