{"id":4231,"date":"2016-11-22T01:37:57","date_gmt":"2016-11-22T00:37:57","guid":{"rendered":"http:\/\/klubmamgdynia.pl\/index.php\/produkt\/babybjorn-lezaczek-bliss-jersey-3d-jasny-bez\/"},"modified":"2026-04-26T17:59:34","modified_gmt":"2026-04-26T15:59:34","slug":"babybjorn-lezaczek-bliss-jersey-3d-jasny-bez","status":"publish","type":"product","link":"http:\/\/klubmamgdynia.pl\/index.php\/produkt\/babybjorn-lezaczek-bliss-jersey-3d-jasny-bez\/","title":{"rendered":"BabyBjorn Le\u017caczek Bliss-Jersey 3D Jasny Be\u017c"},"content":{"rendered":"<p>Ergonomiczny kszta\u0142t zaprojektowany wsp\u00f3lnie z pediatrami&#8230;<\/p>\n<h2>BabyBjorn Le\u017caczek Bliss-Jersey 3D Jasny Be\u017c BabyBjorn<\/h2>\n<p>przyjazn, zabawy na dzie\u0144 dziecka w szkole, cytaty ma\u0142y ksi\u0105\u017ce, przyjazn, cytaty o macierzy\u0144stwie, my jeste\u015bmy krasnoludki tekst, daria imie, upominek dla nastolatk\u00f3w, halloween dla dzieci 2021, ma\u0142y ksi\u0105\u017ce cytaty, miko\u0142ajek sprawdzian z lektury z odpowiedziami, wroc\u0142aw dla dzieci<\/p>\n<p>yyyyy<\/p>\n<p>&nbsp;<\/p>\n","protected":false},"excerpt":{"rendered":"<p>Ergonomiczny kszta\u0142t zaprojektowany wsp\u00f3lnie z pediatrami&#8230; BabyBjorn Le\u017caczek Bliss-Jersey 3D Jasny Be\u017c BabyBjorn przyjazn, zabawy na dzie\u0144 dziecka w szkole, cytaty ma\u0142y ksi\u0105\u017ce, przyjazn, cytaty o macierzy\u0144stwie, my jeste\u015bmy krasnoludki tekst, daria imie, upominek dla nastolatk\u00f3w, halloween dla dzieci 2021, ma\u0142y ksi\u0105\u017ce cytaty, miko\u0142ajek sprawdzian z lektury z odpowiedziami, wroc\u0142aw dla dzieci yyyyy &nbsp;<\/p>\n","protected":false},"featured_media":4232,"comment_status":"closed","ping_status":"open","template":"","meta":[],"product_cat":[1167,1156],"product_tag":[856,850,628,649,756],"class_list":["post-4231","product","type-product","status-publish","has-post-thumbnail","hentry","product_cat-babybjorn","product_cat-lezaczki-bujaki-i-hustawki-niemowlece","product_tag-prezent-dla-16-latki","product_tag-wroclaw-atrakcje-dla-dzieci","product_tag-zagadka","product_tag-zagadki-dla-nastolatkow","product_tag-zaproszenie-na-urodziny-do-druku"],"_links":{"self":[{"href":"http:\/\/klubmamgdynia.pl\/index.php\/wp-json\/wp\/v2\/product\/4231","targetHints":{"allow":["GET"]}}],"collection":[{"href":"http:\/\/klubmamgdynia.pl\/index.php\/wp-json\/wp\/v2\/product"}],"about":[{"href":"http:\/\/klubmamgdynia.pl\/index.php\/wp-json\/wp\/v2\/types\/product"}],"replies":[{"embeddable":true,"href":"http:\/\/klubmamgdynia.pl\/index.php\/wp-json\/wp\/v2\/comments?post=4231"}],"wp:featuredmedia":[{"embeddable":true,"href":"http:\/\/klubmamgdynia.pl\/index.php\/wp-json\/wp\/v2\/media\/4232"}],"wp:attachment":[{"href":"http:\/\/klubmamgdynia.pl\/index.php\/wp-json\/wp\/v2\/media?parent=4231"}],"wp:term":[{"taxonomy":"product_cat","embeddable":true,"href":"http:\/\/klubmamgdynia.pl\/index.php\/wp-json\/wp\/v2\/product_cat?post=4231"},{"taxonomy":"product_tag","embeddable":true,"href":"http:\/\/klubmamgdynia.pl\/index.php\/wp-json\/wp\/v2\/product_tag?post=4231"}],"curies":[{"name":"wp","href":"https:\/\/api.w.org\/{rel}","templated":true}]}}