{"id":4233,"date":"2025-10-20T12:17:19","date_gmt":"2025-10-20T10:17:19","guid":{"rendered":"http:\/\/klubmamgdynia.pl\/?post_type=product&#038;p=4233"},"modified":"2026-04-27T01:21:12","modified_gmt":"2026-04-26T23:21:12","slug":"barbie-ubranko-dla-lalki-spodniczka-bluzka-okulary-grb97","status":"publish","type":"product","link":"http:\/\/klubmamgdynia.pl\/index.php\/produkt\/barbie-ubranko-dla-lalki-spodniczka-bluzka-okulary-grb97\/","title":{"rendered":"Barbie Ubranko Dla Lalki sp\u00f3dniczka bluzka okulary GRB97"},"content":{"rendered":"<p>Barbie jest zawsze gotowa podj\u0105\u0107 nowe wyzwania i ma garderob\u0119, kt\u00f3ra nad\u0105\u017ca za jej pasjami. W tym dwupaku znajdziesz 2 pe\u0142ne stylizacje dla Barbie z ubrankami i akcesoriami, aby zabawa w mod\u0119 by\u0142a jeszcze bardziej fascynuj\u0105ca.Ubierz lalk\u0119 Barbie\u00ae na dzie\u0144 lub na wiecz\u00f3r w te fantastyczne ubranka zgodne z najnowszymi trendami! \u015aliczne i r\u00f3\u017cnorodne cz\u0119\u015bci garderoby dobrane w oryginalne, tematyczne zestawy zachwycaj\u0105 kolorami, wzorami i akcentami, kt\u00f3re odpowiadaj\u0105 gustom dziewczynek. Zbierz wszystkie niesamowite ubranka lalki Barbie\u00ae i \u0142\u0105cz je na r\u00f3\u017cne sposoby, aby czerpa\u0107 maksimum rado\u015bci z zabawy w tworzenie opowie\u015bci!Ubranka s\u0105 zapakowane w wielorazow\u0105 kosmetyczk\u0119 zapinan\u0105 strunowo z wieszaczkiem, na kt\u00f3rym mo\u017cna je zawiesi\u0107 w garderobie Barbie.<\/p>\n<h2>Barbie Ubranko Dla Lalki sp\u00f3dniczka bluzka okulary GRB97 Barbie<\/h2>\n<p>teksty o rodzinie, \u015bmieszne zagadki dla dzieci, quizy o miko\u0142ajku, romantyczna bajka na dobranoc, w uk\u0142adzie s\u0142onecznym, quizy o koniach<\/p>\n<p>yyyyy<\/p>\n<p>&nbsp;<\/p>\n","protected":false},"excerpt":{"rendered":"<p>Barbie jest zawsze gotowa podj\u0105\u0107 nowe wyzwania i ma garderob\u0119, kt\u00f3ra nad\u0105\u017ca za jej pasjami. W tym dwupaku znajdziesz 2 pe\u0142ne stylizacje dla Barbie z ubrankami i akcesoriami, aby zabawa w mod\u0119 by\u0142a jeszcze bardziej fascynuj\u0105ca.Ubierz lalk\u0119 Barbie\u00ae na dzie\u0144 lub na wiecz\u00f3r w te fantastyczne ubranka zgodne z najnowszymi trendami! \u015aliczne i r\u00f3\u017cnorodne cz\u0119\u015bci [&hellip;]<\/p>\n","protected":false},"featured_media":4234,"comment_status":"closed","ping_status":"open","template":"","meta":[],"product_cat":[173,50],"product_tag":[761,723,742,814,659],"class_list":["post-4233","product","type-product","status-publish","has-post-thumbnail","hentry","product_cat-barbie","product_cat-ubranka-i-buty-dla-lalek","product_tag-choinko-piekna-jak-las-tekst","product_tag-krotkie-bajki-do-czytania-na-dobranoc","product_tag-piosenki-dla-dzieci-tekst","product_tag-prezenty-dla-nastolatek","product_tag-tupu-tup-po-sniegu-tekst"],"_links":{"self":[{"href":"http:\/\/klubmamgdynia.pl\/index.php\/wp-json\/wp\/v2\/product\/4233","targetHints":{"allow":["GET"]}}],"collection":[{"href":"http:\/\/klubmamgdynia.pl\/index.php\/wp-json\/wp\/v2\/product"}],"about":[{"href":"http:\/\/klubmamgdynia.pl\/index.php\/wp-json\/wp\/v2\/types\/product"}],"replies":[{"embeddable":true,"href":"http:\/\/klubmamgdynia.pl\/index.php\/wp-json\/wp\/v2\/comments?post=4233"}],"wp:featuredmedia":[{"embeddable":true,"href":"http:\/\/klubmamgdynia.pl\/index.php\/wp-json\/wp\/v2\/media\/4234"}],"wp:attachment":[{"href":"http:\/\/klubmamgdynia.pl\/index.php\/wp-json\/wp\/v2\/media?parent=4233"}],"wp:term":[{"taxonomy":"product_cat","embeddable":true,"href":"http:\/\/klubmamgdynia.pl\/index.php\/wp-json\/wp\/v2\/product_cat?post=4233"},{"taxonomy":"product_tag","embeddable":true,"href":"http:\/\/klubmamgdynia.pl\/index.php\/wp-json\/wp\/v2\/product_tag?post=4233"}],"curies":[{"name":"wp","href":"https:\/\/api.w.org\/{rel}","templated":true}]}}