{"id":4235,"date":"2014-07-07T08:01:13","date_gmt":"2014-07-07T06:01:13","guid":{"rendered":"http:\/\/klubmamgdynia.pl\/index.php\/produkt\/leander-skorzany-pasek-zabezpieczajacy-do-krzeselka-do-karmienia-classic-naturalny\/"},"modified":"2026-04-05T23:59:03","modified_gmt":"2026-04-05T21:59:03","slug":"leander-skorzany-pasek-zabezpieczajacy-do-krzeselka-do-karmienia-classic-naturalny","status":"publish","type":"product","link":"http:\/\/klubmamgdynia.pl\/index.php\/produkt\/leander-skorzany-pasek-zabezpieczajacy-do-krzeselka-do-karmienia-classic-naturalny\/","title":{"rendered":"Leander Sk\u00f3rzany Pasek Zabezpieczaj\u0105cy Do Krzese\u0142ka Do Karmienia Classic Naturalny"},"content":{"rendered":"<p>LEANDER &#8211; sk\u00f3rzany pasek zabezpieczaj\u0105cy do krzese\u0142ka do karmienia CLASSIC\u2122Czasami to drobne szczeg\u00f3\u0142y decyduj\u0105 o znakomitym efekcie. Por\u0119cz zabezpieczaj\u0105ca do krzese\u0142ka Leander Classic\u2122 jest dostarczana ze standardowym sk\u00f3rzanym paskiem, pasuj\u0105cym do koloru drewna. Jako opcjonalny dodatek zaprojektowali\u015bmy pasek wykonany z wysokiej jako\u015bci sk\u00f3ry. Dzi\u0119ki temu mo\u017cesz wymieni\u0107 pasek, kt\u00f3ry ju\u017c si\u0119 zu\u017cy\u0142 lub nie odpowiada Ci kolorystycznie. Pasek \u0142atwo wyczy\u015bcisz lekko wilgotn\u0105 \u015bciereczk\u0105.Informacje dodatkowe:Materia\u0142: Sk\u00f3ra CoreCertyfikaty: EN 71-3Konserwacja: Wytrzyj lekko wilgotn\u0105 \u015bciereczk\u0105. Nadmiar wody wytrzyj such\u0105 szmatk\u0105<\/p>\n<h2>Leander Sk\u00f3rzany Pasek Zabezpieczaj\u0105cy Do Krzese\u0142ka Do Karmienia Classic Naturalny Inny<\/h2>\n<p>maska do druku, auto kolorowanka, bajka o biedronce, cytaty korczak, prezent dla 16 latki, quiz z bajek, plac zabaw warszawa, bajki dla dzieci na dobranoc<\/p>\n<p>yyyyy<\/p>\n<p>&nbsp;<\/p>\n","protected":false},"excerpt":{"rendered":"<p>LEANDER &#8211; sk\u00f3rzany pasek zabezpieczaj\u0105cy do krzese\u0142ka do karmienia CLASSIC\u2122Czasami to drobne szczeg\u00f3\u0142y decyduj\u0105 o znakomitym efekcie. Por\u0119cz zabezpieczaj\u0105ca do krzese\u0142ka Leander Classic\u2122 jest dostarczana ze standardowym sk\u00f3rzanym paskiem, pasuj\u0105cym do koloru drewna. Jako opcjonalny dodatek zaprojektowali\u015bmy pasek wykonany z wysokiej jako\u015bci sk\u00f3ry. Dzi\u0119ki temu mo\u017cesz wymieni\u0107 pasek, kt\u00f3ry ju\u017c si\u0119 zu\u017cy\u0142 lub nie odpowiada [&hellip;]<\/p>\n","protected":false},"featured_media":4236,"comment_status":"closed","ping_status":"open","template":"","meta":[],"product_cat":[169,1017],"product_tag":[750,748,870,661,857],"class_list":["post-4235","product","type-product","status-publish","has-post-thumbnail","hentry","product_cat-inny","product_cat-pozostale-akcesoria-do-karmienia-dzieci","product_tag-imie-kostek","product_tag-okolice-wroclawia-atrakcje","product_tag-prezent-dla-chlopca-na-roczek","product_tag-swinka-peppa-kolorowanka","product_tag-zagadki-dla-dzieci-7-8-lat"],"_links":{"self":[{"href":"http:\/\/klubmamgdynia.pl\/index.php\/wp-json\/wp\/v2\/product\/4235","targetHints":{"allow":["GET"]}}],"collection":[{"href":"http:\/\/klubmamgdynia.pl\/index.php\/wp-json\/wp\/v2\/product"}],"about":[{"href":"http:\/\/klubmamgdynia.pl\/index.php\/wp-json\/wp\/v2\/types\/product"}],"replies":[{"embeddable":true,"href":"http:\/\/klubmamgdynia.pl\/index.php\/wp-json\/wp\/v2\/comments?post=4235"}],"wp:featuredmedia":[{"embeddable":true,"href":"http:\/\/klubmamgdynia.pl\/index.php\/wp-json\/wp\/v2\/media\/4236"}],"wp:attachment":[{"href":"http:\/\/klubmamgdynia.pl\/index.php\/wp-json\/wp\/v2\/media?parent=4235"}],"wp:term":[{"taxonomy":"product_cat","embeddable":true,"href":"http:\/\/klubmamgdynia.pl\/index.php\/wp-json\/wp\/v2\/product_cat?post=4235"},{"taxonomy":"product_tag","embeddable":true,"href":"http:\/\/klubmamgdynia.pl\/index.php\/wp-json\/wp\/v2\/product_tag?post=4235"}],"curies":[{"name":"wp","href":"https:\/\/api.w.org\/{rel}","templated":true}]}}