{"id":4241,"date":"2015-03-30T22:17:20","date_gmt":"2015-03-30T20:17:20","guid":{"rendered":"http:\/\/klubmamgdynia.pl\/index.php\/produkt\/swede-szafa-na-ubranka-dla-lalek-rozowa\/"},"modified":"2026-04-29T16:55:18","modified_gmt":"2026-04-29T14:55:18","slug":"swede-szafa-na-ubranka-dla-lalek-rozowa","status":"publish","type":"product","link":"http:\/\/klubmamgdynia.pl\/index.php\/produkt\/swede-szafa-na-ubranka-dla-lalek-rozowa\/","title":{"rendered":"Swede Szafa na ubranka dla lalek r\u00f3\u017cowa"},"content":{"rendered":"<p>SUPER CENA &#8211; TANIA DOSTAWA ! &#8211; swede Szafa z akcesoriami Q6253 62130 &#8211; PACZKOMAT, POCZTA, KURIER<\/p>\n<h2>Swede Szafa na ubranka dla lalek r\u00f3\u017cowa Swede<\/h2>\n<p>milosc do dzieci, flagi europy quiz, kr\u00f3tkie bajki do czytania, znane misie z bajek<\/p>\n<p>yyyyy<\/p>\n<p>&nbsp;<\/p>\n","protected":false},"excerpt":{"rendered":"<p>SUPER CENA &#8211; TANIA DOSTAWA ! &#8211; swede Szafa z akcesoriami Q6253 62130 &#8211; PACZKOMAT, POCZTA, KURIER Swede Szafa na ubranka dla lalek r\u00f3\u017cowa Swede milosc do dzieci, flagi europy quiz, kr\u00f3tkie bajki do czytania, znane misie z bajek yyyyy &nbsp;<\/p>\n","protected":false},"featured_media":4242,"comment_status":"closed","ping_status":"open","template":"","meta":[],"product_cat":[171,50],"product_tag":[732,770,647,820],"class_list":["post-4241","product","type-product","status-publish","has-post-thumbnail","hentry","product_cat-swede","product_cat-ubranka-i-buty-dla-lalek","product_tag-prezent-dla-rocznego-chlopca","product_tag-samolot-z-papieru","product_tag-warszawa-z-dzieckiem","product_tag-ziemia-wyspa-zielona-tekst"],"_links":{"self":[{"href":"http:\/\/klubmamgdynia.pl\/index.php\/wp-json\/wp\/v2\/product\/4241","targetHints":{"allow":["GET"]}}],"collection":[{"href":"http:\/\/klubmamgdynia.pl\/index.php\/wp-json\/wp\/v2\/product"}],"about":[{"href":"http:\/\/klubmamgdynia.pl\/index.php\/wp-json\/wp\/v2\/types\/product"}],"replies":[{"embeddable":true,"href":"http:\/\/klubmamgdynia.pl\/index.php\/wp-json\/wp\/v2\/comments?post=4241"}],"wp:featuredmedia":[{"embeddable":true,"href":"http:\/\/klubmamgdynia.pl\/index.php\/wp-json\/wp\/v2\/media\/4242"}],"wp:attachment":[{"href":"http:\/\/klubmamgdynia.pl\/index.php\/wp-json\/wp\/v2\/media?parent=4241"}],"wp:term":[{"taxonomy":"product_cat","embeddable":true,"href":"http:\/\/klubmamgdynia.pl\/index.php\/wp-json\/wp\/v2\/product_cat?post=4241"},{"taxonomy":"product_tag","embeddable":true,"href":"http:\/\/klubmamgdynia.pl\/index.php\/wp-json\/wp\/v2\/product_tag?post=4241"}],"curies":[{"name":"wp","href":"https:\/\/api.w.org\/{rel}","templated":true}]}}