{"id":4243,"date":"2017-05-04T03:43:46","date_gmt":"2017-05-04T01:43:46","guid":{"rendered":"http:\/\/klubmamgdynia.pl\/index.php\/produkt\/melissa-doug-stajnia-z-konmi\/"},"modified":"2026-04-07T12:23:24","modified_gmt":"2026-04-07T10:23:24","slug":"melissa-doug-stajnia-z-konmi","status":"publish","type":"product","link":"http:\/\/klubmamgdynia.pl\/index.php\/produkt\/melissa-doug-stajnia-z-konmi\/","title":{"rendered":"Melissa &amp; Doug Stajnia Z Ko\u0144mi"},"content":{"rendered":"<p>Drewniana stajnia na 8 stanowisk + 8 koni Melissa nad DougAtrakcyjny zestaw dla mi\u0142o\u015bnik\u00f3w jazdy konnej i koni. Zabawka szczeg\u00f3lnie uwielbiana przez dziewczynki, kt\u00f3re pokocha\u0142y konie.OPISPrzeno\u015bna drewniana stajnia z 8 boksami oraz 8 koni o r\u00f3\u017cnej ma\u015bci i rasyStajnia ma solidn\u0105 konstrukcj\u0119, jest wykonana z drewna wysokiej jako\u015bci drewna, drzwiczki do boksu maj\u0105 metalowy zawias, dzi\u0119ki czemu p\u0142ynnie si\u0119 otwieraj\u0105 i zamykaj\u0105 na zatrzask. Stajnia jest przeno\u015bna &#8211; jest wyposa\u017cona w r\u0105czk\u0119 umieszczon\u0105 w dachu zabawki.Do zestawu do\u0142\u0105czono plakietki &#8211; dziecko mo\u017ce nada\u0107 imi\u0119 ka\u017cdemu zwierz\u0119ciu z kolekcji, wypisa\u0107 je na plakietce i oznaczy\u0107 ka\u017cdy boks dla odpowiedniego konika.Wiek dziecka 3+\u015awietnie nadaje si\u0119 na prezent dla ka\u017cdego wielbiciela koni.Wymiary: 32 x 13 x 11,50Deklaracja zgodno\u015bci CE<\/p>\n<h2>Melissa &amp; Doug Stajnia Z Ko\u0144mi Melissa &amp; Doug<\/h2>\n<p>alina, kolorowanka peppa, lol kolorowanka do druku, dzieci z bullerbyn quiz, warszawa dla dzieci, zagadki logiczne matematyczne dla dzieci<\/p>\n<p>yyyyy<\/p>\n<p>&nbsp;<\/p>\n","protected":false},"excerpt":{"rendered":"<p>Drewniana stajnia na 8 stanowisk + 8 koni Melissa nad DougAtrakcyjny zestaw dla mi\u0142o\u015bnik\u00f3w jazdy konnej i koni. Zabawka szczeg\u00f3lnie uwielbiana przez dziewczynki, kt\u00f3re pokocha\u0142y konie.OPISPrzeno\u015bna drewniana stajnia z 8 boksami oraz 8 koni o r\u00f3\u017cnej ma\u015bci i rasyStajnia ma solidn\u0105 konstrukcj\u0119, jest wykonana z drewna wysokiej jako\u015bci drewna, drzwiczki do boksu maj\u0105 metalowy zawias, [&hellip;]<\/p>\n","protected":false},"featured_media":4244,"comment_status":"closed","ping_status":"open","template":"","meta":[],"product_cat":[1204,295],"product_tag":[626,803,679],"class_list":["post-4243","product","type-product","status-publish","has-post-thumbnail","hentry","product_cat-melissa-doug","product_cat-pozostale-zabawki","product_tag-jacek","product_tag-szlaczki-do-druku","product_tag-zabawki-na-roczek-dla-dziewczynki"],"_links":{"self":[{"href":"http:\/\/klubmamgdynia.pl\/index.php\/wp-json\/wp\/v2\/product\/4243","targetHints":{"allow":["GET"]}}],"collection":[{"href":"http:\/\/klubmamgdynia.pl\/index.php\/wp-json\/wp\/v2\/product"}],"about":[{"href":"http:\/\/klubmamgdynia.pl\/index.php\/wp-json\/wp\/v2\/types\/product"}],"replies":[{"embeddable":true,"href":"http:\/\/klubmamgdynia.pl\/index.php\/wp-json\/wp\/v2\/comments?post=4243"}],"wp:featuredmedia":[{"embeddable":true,"href":"http:\/\/klubmamgdynia.pl\/index.php\/wp-json\/wp\/v2\/media\/4244"}],"wp:attachment":[{"href":"http:\/\/klubmamgdynia.pl\/index.php\/wp-json\/wp\/v2\/media?parent=4243"}],"wp:term":[{"taxonomy":"product_cat","embeddable":true,"href":"http:\/\/klubmamgdynia.pl\/index.php\/wp-json\/wp\/v2\/product_cat?post=4243"},{"taxonomy":"product_tag","embeddable":true,"href":"http:\/\/klubmamgdynia.pl\/index.php\/wp-json\/wp\/v2\/product_tag?post=4243"}],"curies":[{"name":"wp","href":"https:\/\/api.w.org\/{rel}","templated":true}]}}