{"id":4251,"date":"2025-08-26T15:05:25","date_gmt":"2025-08-26T13:05:25","guid":{"rendered":"http:\/\/klubmamgdynia.pl\/?post_type=product&#038;p=4251"},"modified":"2026-04-14T17:27:12","modified_gmt":"2026-04-14T15:27:12","slug":"norimpex-aparat-do-baniek-mydlanych-konik-pegaz-1002357","status":"publish","type":"product","link":"http:\/\/klubmamgdynia.pl\/index.php\/produkt\/norimpex-aparat-do-baniek-mydlanych-konik-pegaz-1002357\/","title":{"rendered":"Norimpex Aparat Do Baniek Mydlanych Konik Pegaz 1002357"},"content":{"rendered":"<p>Uwaga: Mix kolor\u00f3w. Produkt wysy\u0142any losowo&#8230;.<\/p>\n<h2>Norimpex Aparat Do Baniek Mydlanych Konik Pegaz 1002357 Norimpex<\/h2>\n<p>ch\u0142opcy z placu broni &#8211; test, materac do basenu, miriam imi\u0119, mini zoo warszawa, loga samochod\u00f3w<\/p>\n<p>yyyyy<\/p>\n<p>&nbsp;<\/p>\n","protected":false},"excerpt":{"rendered":"<p>Uwaga: Mix kolor\u00f3w. Produkt wysy\u0142any losowo&#8230;. Norimpex Aparat Do Baniek Mydlanych Konik Pegaz 1002357 Norimpex ch\u0142opcy z placu broni &#8211; test, materac do basenu, miriam imi\u0119, mini zoo warszawa, loga samochod\u00f3w yyyyy &nbsp;<\/p>\n","protected":false},"featured_media":4252,"comment_status":"closed","ping_status":"open","template":"","meta":[],"product_cat":[472,554],"product_tag":[693,633,767],"class_list":["post-4251","product","type-product","status-publish","has-post-thumbnail","hentry","product_cat-banki-mydlane","product_cat-norimpex","product_tag-zagadki-dla-doroslych","product_tag-zagadki-z-odpowiedziami","product_tag-zaproszenia-urodzinowe-do-druku"],"_links":{"self":[{"href":"http:\/\/klubmamgdynia.pl\/index.php\/wp-json\/wp\/v2\/product\/4251","targetHints":{"allow":["GET"]}}],"collection":[{"href":"http:\/\/klubmamgdynia.pl\/index.php\/wp-json\/wp\/v2\/product"}],"about":[{"href":"http:\/\/klubmamgdynia.pl\/index.php\/wp-json\/wp\/v2\/types\/product"}],"replies":[{"embeddable":true,"href":"http:\/\/klubmamgdynia.pl\/index.php\/wp-json\/wp\/v2\/comments?post=4251"}],"wp:featuredmedia":[{"embeddable":true,"href":"http:\/\/klubmamgdynia.pl\/index.php\/wp-json\/wp\/v2\/media\/4252"}],"wp:attachment":[{"href":"http:\/\/klubmamgdynia.pl\/index.php\/wp-json\/wp\/v2\/media?parent=4251"}],"wp:term":[{"taxonomy":"product_cat","embeddable":true,"href":"http:\/\/klubmamgdynia.pl\/index.php\/wp-json\/wp\/v2\/product_cat?post=4251"},{"taxonomy":"product_tag","embeddable":true,"href":"http:\/\/klubmamgdynia.pl\/index.php\/wp-json\/wp\/v2\/product_tag?post=4251"}],"curies":[{"name":"wp","href":"https:\/\/api.w.org\/{rel}","templated":true}]}}