{"id":4253,"date":"2011-09-25T14:30:35","date_gmt":"2011-09-25T12:30:35","guid":{"rendered":"http:\/\/klubmamgdynia.pl\/index.php\/produkt\/vichy-dermablend-fluid-korygujacy-16h-25-nude-30ml\/"},"modified":"2026-04-19T07:28:16","modified_gmt":"2026-04-19T05:28:16","slug":"vichy-dermablend-fluid-korygujacy-16h-25-nude-30ml","status":"publish","type":"product","link":"http:\/\/klubmamgdynia.pl\/index.php\/produkt\/vichy-dermablend-fluid-korygujacy-16h-25-nude-30ml\/","title":{"rendered":"VICHY DERMABLEND Fluid koryguj\u0105cy 16H 25 Nude 30ml"},"content":{"rendered":"<p>VICHY DERMABLEND PODK\u0141AD KORYGUJ\u0104CY<\/p>\n<p>Doskona\u0142e krycie utrzymuj\u0105ce si\u0119 a\u017c 16 godzin. Tuszuje niedoskona\u0142o\u015bci, pozostawiaj\u0105c sk\u00f3r\u0119 aksamitnie wyg\u0142adzon\u0105. Nie tworzy efektu maski. Zapewnia precyzyjnie zmatowienie i nawil\u017cenie sk\u00f3ry przez ca\u0142y dzie\u0144.                            <\/p>\n<p>PODK\u0141AD ZAPEWNIA DOSKONA\u0141\u0104 KORETK\u0118 DEFEKT\u00d3W SK\u00d3RY BEZ EFEKTU MASKI. SPRAWIA, \u017bE SK\u00d3RA JEST PE\u0141NA KOMFORTU I NIE POWODUJE JEJ B\u0141YSZCZENIA.                            <\/p>\n<p>Fluid koryguj\u0105cy Vichy Dermablend to idealne rozwi\u0105zanie dla os\u00f3b, kt\u00f3re chc\u0105 zamaskowa\u0107 niedoskona\u0142o\u015bci. Gwarantuje doskona\u0142e krycie drobnych i \u015brednich defekt\u00f3w sk\u00f3ry bez efektu maski. Znikaj\u0105 przebarwienia, cienie pod oczami, wypryski, p\u0142ytkie blizny.\u00a0                            <\/p>\n<p>            Poznaj moc poczw\u00f3rnego dzia\u0142ania fluidu koryguj\u0105cego Vichy Dermablend:<\/p>\n<p>wysoki poziom korekty przez 16 godzin24-godzinne nawil\u017cenieochrona przed promieniami UVnaturalny wygl\u0105d sk\u00f3ry bez niedoskona\u0142o\u015bci.                            <\/p>\n<p>Wysoka skuteczno\u015b\u0107 krycia i przed\u0142u\u017cone dzia\u0142anie to zas\u0142uga innowacyjnej formu\u0142y. Po\u0142\u0105czenie skoncentrowanych pigment\u00f3w, mikrocz\u0105steczek SOFT FOCUS rozpraszaj\u0105cych \u015bwiat\u0142o z nawil\u017caj\u0105c\u0105 gliceryn\u0105 i naturalnymi olejkami zapewnia doskona\u0142e krycie. Efekt? Niedoskona\u0142o\u015bci i defekty sk\u00f3ry znikaj\u0105, pozwalaj\u0105c na wykonanie perfekcyjnego makija\u017cu.\u00a0Hipoalergiczna formu\u0142a jest bezpieczna dla ka\u017cdego typu sk\u00f3ry, tak\u017ce wra\u017cliwej.\u00a0Je\u015bli chodzi o fluid Dermablend, opinie potwierdzaj\u0105 przyjemno\u015b\u0107 jego stosowania. Sk\u00f3ra w kilka chwil odzyskuje naturalny i promienny wygl\u0105d.Vichy Dermablend to fluid koryguj\u0105cy o elastycznej i p\u0142ynnej konsystencji. Idealnie wtapia si\u0119 w sk\u00f3r\u0119 i dopasowuje do jej kolorytu, eliminuj\u0105c efekt maski. Lekko si\u0119 rozprowadza, pokrywaj\u0105c sk\u00f3r\u0119 cienk\u0105, ale idealnie kryj\u0105c\u0105 warstw\u0105. Nie pozostawia t\u0142ustych plam, zapewniaj\u0105c delikatnie pudrowe wyko\u0144czenie.                            <\/p>\n<p>&#8222;Gama DERMABLEND dedykowana jest osobom, kt\u00f3rym zale\u017cy na kryciu niedoskona\u0142o\u015bci lub defekt\u00f3w sk\u00f3ry takich jak przebarwienia, blizny, nier\u00f3wna powierzchnia sk\u00f3ry, zaczerwienienia. Dzi\u0119ki wysokiej koncentracji doskonale koryguje defekty sk\u00f3ry.Podk\u0142ad koryguj\u0105cy DERMABLEND w kontakcie ze sk\u00f3r\u0105 nabiera p\u0142ynnej konsystencji, co u\u0142atwia jego rozprowadzenie. Pozostawia na sk\u00f3rze cienk\u0105, matow\u0105 warstw\u0119 dzi\u0119ki czemu jest niewyczuwalny na sk\u00f3rze i zapewnia jej optymalny komfort.Podk\u0142ad zapewnia d\u0142ugotrwa\u0142y efekt, kt\u00f3ry dodatkowo mo\u017cna przed\u0142u\u017cy\u0107 nak\u0142adaj\u0105c utrwalaj\u0105cy puder transparentny DERMABLEND, kt\u00f3ry sprawdza si\u0119 nawet w ekstremalnych warunkach.&#8221;<\/p>\n<h2>VICHY DERMABLEND Fluid koryguj\u0105cy 16H 25 Nude 30ml Vichy<\/h2>\n<p>dyplom za udzia\u0142 w konkursie do druku, lato lato lato czeka, szlaczki, prezenty na roczek, policja kolorowanka, opisy do zdj z dzieckiem, pomys\u0142 na prezent dla nastolatk\u00f3w, bajki do czytania dla dzieci, karty pracy dla dzieci z ukrainy do druku, prezent dla nastolatki, quiz spos\u00f3b na alcybiadesa, ozdoby wielkanocne kt\u00f3re mog\u0105 zrobi\u0107 dzieci, kolorowanki wakacyjne, opis do zdj\u0119cia dziecka na fb<\/p>\n<p>yyyyy<\/p>\n<p>&nbsp;<\/p>\n","protected":false},"excerpt":{"rendered":"<p>VICHY DERMABLEND PODK\u0141AD KORYGUJ\u0104CY Doskona\u0142e krycie utrzymuj\u0105ce si\u0119 a\u017c 16 godzin. Tuszuje niedoskona\u0142o\u015bci, pozostawiaj\u0105c sk\u00f3r\u0119 aksamitnie wyg\u0142adzon\u0105. Nie tworzy efektu maski. Zapewnia precyzyjnie zmatowienie i nawil\u017cenie sk\u00f3ry przez ca\u0142y dzie\u0144. PODK\u0141AD ZAPEWNIA DOSKONA\u0141\u0104 KORETK\u0118 DEFEKT\u00d3W SK\u00d3RY BEZ EFEKTU MASKI. SPRAWIA, \u017bE SK\u00d3RA JEST PE\u0141NA KOMFORTU I NIE POWODUJE JEJ B\u0141YSZCZENIA. Fluid koryguj\u0105cy Vichy Dermablend to [&hellip;]<\/p>\n","protected":false},"featured_media":4254,"comment_status":"closed","ping_status":"open","template":"","meta":[],"product_cat":[134,1207],"product_tag":[776,691,787],"class_list":["post-4253","product","type-product","status-publish","has-post-thumbnail","hentry","product_cat-dermokosmetyki","product_cat-vichy","product_tag-dobrej-nocy","product_tag-gabriel","product_tag-nauka-pisania-wyrazow-dla-dzieci-do-druku-pdf"],"_links":{"self":[{"href":"http:\/\/klubmamgdynia.pl\/index.php\/wp-json\/wp\/v2\/product\/4253","targetHints":{"allow":["GET"]}}],"collection":[{"href":"http:\/\/klubmamgdynia.pl\/index.php\/wp-json\/wp\/v2\/product"}],"about":[{"href":"http:\/\/klubmamgdynia.pl\/index.php\/wp-json\/wp\/v2\/types\/product"}],"replies":[{"embeddable":true,"href":"http:\/\/klubmamgdynia.pl\/index.php\/wp-json\/wp\/v2\/comments?post=4253"}],"wp:featuredmedia":[{"embeddable":true,"href":"http:\/\/klubmamgdynia.pl\/index.php\/wp-json\/wp\/v2\/media\/4254"}],"wp:attachment":[{"href":"http:\/\/klubmamgdynia.pl\/index.php\/wp-json\/wp\/v2\/media?parent=4253"}],"wp:term":[{"taxonomy":"product_cat","embeddable":true,"href":"http:\/\/klubmamgdynia.pl\/index.php\/wp-json\/wp\/v2\/product_cat?post=4253"},{"taxonomy":"product_tag","embeddable":true,"href":"http:\/\/klubmamgdynia.pl\/index.php\/wp-json\/wp\/v2\/product_tag?post=4253"}],"curies":[{"name":"wp","href":"https:\/\/api.w.org\/{rel}","templated":true}]}}