{"id":4255,"date":"2018-08-13T16:41:21","date_gmt":"2018-08-13T14:41:21","guid":{"rendered":"http:\/\/klubmamgdynia.pl\/index.php\/produkt\/bigtoys-piramida-drewno-8el-bklo2964\/"},"modified":"2026-05-17T22:47:06","modified_gmt":"2026-05-17T20:47:06","slug":"bigtoys-piramida-drewno-8el-bklo2964","status":"publish","type":"product","link":"http:\/\/klubmamgdynia.pl\/index.php\/produkt\/bigtoys-piramida-drewno-8el-bklo2964\/","title":{"rendered":"Bigtoys Piramida Drewno 8El. Bklo2964"},"content":{"rendered":"<p>KOLOROWA DREWNIANA PIRAMIDKA SORTER WIE\u017bA EDUKACYJWymiary: 20 x 10 x 10 cmKod EAN: 5902719752964Kod towaru: KLO2964<\/p>\n<h2>Bigtoys Piramida Drewno 8El. Bklo2964 Bigtoys<\/h2>\n<p>dynie pozna\u0144, kolorowanka anio\u0142ek, stare piosenki, test z lektury felix net i nika oraz gang niewidzialnych ludzi, kwiaty polne nazwy i zdj\u0119cia, skalne miasto, zabawka na roczek dla dziewczynki, prezent na 1 urodziny, filmy rodzinne na halloween, dziewczynka z parku pytania i odpowiedzi, cytaty dla mamy<\/p>\n<p>yyyyy<\/p>\n<p>&nbsp;<\/p>\n","protected":false},"excerpt":{"rendered":"<p>KOLOROWA DREWNIANA PIRAMIDKA SORTER WIE\u017bA EDUKACYJWymiary: 20 x 10 x 10 cmKod EAN: 5902719752964Kod towaru: KLO2964 Bigtoys Piramida Drewno 8El. Bklo2964 Bigtoys dynie pozna\u0144, kolorowanka anio\u0142ek, stare piosenki, test z lektury felix net i nika oraz gang niewidzialnych ludzi, kwiaty polne nazwy i zdj\u0119cia, skalne miasto, zabawka na roczek dla dziewczynki, prezent na 1 urodziny, [&hellip;]<\/p>\n","protected":false},"featured_media":4256,"comment_status":"closed","ping_status":"open","template":"","meta":[],"product_cat":[331,61],"product_tag":[834,717,812,805],"class_list":["post-4255","product","type-product","status-publish","has-post-thumbnail","hentry","product_cat-bigtoys","product_cat-zabawki-edukacyjne-dla-niemowlat","product_tag-bajka-do-czytania-na-dobranoc","product_tag-prezent-roczek","product_tag-zagadki-logiczne-na-inteligencje","product_tag-znaczenie-imienia-alan"],"_links":{"self":[{"href":"http:\/\/klubmamgdynia.pl\/index.php\/wp-json\/wp\/v2\/product\/4255","targetHints":{"allow":["GET"]}}],"collection":[{"href":"http:\/\/klubmamgdynia.pl\/index.php\/wp-json\/wp\/v2\/product"}],"about":[{"href":"http:\/\/klubmamgdynia.pl\/index.php\/wp-json\/wp\/v2\/types\/product"}],"replies":[{"embeddable":true,"href":"http:\/\/klubmamgdynia.pl\/index.php\/wp-json\/wp\/v2\/comments?post=4255"}],"wp:featuredmedia":[{"embeddable":true,"href":"http:\/\/klubmamgdynia.pl\/index.php\/wp-json\/wp\/v2\/media\/4256"}],"wp:attachment":[{"href":"http:\/\/klubmamgdynia.pl\/index.php\/wp-json\/wp\/v2\/media?parent=4255"}],"wp:term":[{"taxonomy":"product_cat","embeddable":true,"href":"http:\/\/klubmamgdynia.pl\/index.php\/wp-json\/wp\/v2\/product_cat?post=4255"},{"taxonomy":"product_tag","embeddable":true,"href":"http:\/\/klubmamgdynia.pl\/index.php\/wp-json\/wp\/v2\/product_tag?post=4255"}],"curies":[{"name":"wp","href":"https:\/\/api.w.org\/{rel}","templated":true}]}}