{"id":4261,"date":"2018-05-15T15:18:22","date_gmt":"2018-05-15T13:18:22","guid":{"rendered":"http:\/\/klubmamgdynia.pl\/index.php\/produkt\/bigtoys-autko-kombajn-ba2105\/"},"modified":"2026-04-29T10:08:51","modified_gmt":"2026-04-29T08:08:51","slug":"bigtoys-autko-kombajn-ba2105","status":"publish","type":"product","link":"http:\/\/klubmamgdynia.pl\/index.php\/produkt\/bigtoys-autko-kombajn-ba2105\/","title":{"rendered":"Bigtoys Autko Kombajn Ba2105"},"content":{"rendered":"<p>Wymiary: 1 szt &#8211; 10 cm3 kolory mix<\/p>\n<h2>Bigtoys Autko Kombajn Ba2105 Bigtoys<\/h2>\n<p>kolorowanki na dzie\u0144 mamy, na roczek, piosenka dla taty przedszkole, zagadki na dzie\u0144 przedszkolaka, co na prezent dla nastolatk\u00f3w, listy do \u015bwi\u0119tego miko\u0142aja, pola imie, szablon krokus kolorowanka, gabriela, znaczenie imiona justyna, kolorowanki lol surprise<\/p>\n<p>yyyyy<\/p>\n<p>&nbsp;<\/p>\n","protected":false},"excerpt":{"rendered":"<p>Wymiary: 1 szt &#8211; 10 cm3 kolory mix Bigtoys Autko Kombajn Ba2105 Bigtoys kolorowanki na dzie\u0144 mamy, na roczek, piosenka dla taty przedszkole, zagadki na dzie\u0144 przedszkolaka, co na prezent dla nastolatk\u00f3w, listy do \u015bwi\u0119tego miko\u0142aja, pola imie, szablon krokus kolorowanka, gabriela, znaczenie imiona justyna, kolorowanki lol surprise yyyyy &nbsp;<\/p>\n","protected":false},"featured_media":4262,"comment_status":"closed","ping_status":"open","template":"","meta":[],"product_cat":[83,331],"product_tag":[668,775,708,721,694],"class_list":["post-4261","product","type-product","status-publish","has-post-thumbnail","hentry","product_cat-auta-i-inne-pojazdy-do-zabawy","product_cat-bigtoys","product_tag-atrakcje-dla-dzieci-wroclaw","product_tag-kolorowanki-do-druku-pokemon","product_tag-zabawy-ruchowe-dla-dzieci","product_tag-zagadki-matematyczne","product_tag-zagadki-swiateczne-dla-dzieci"],"_links":{"self":[{"href":"http:\/\/klubmamgdynia.pl\/index.php\/wp-json\/wp\/v2\/product\/4261","targetHints":{"allow":["GET"]}}],"collection":[{"href":"http:\/\/klubmamgdynia.pl\/index.php\/wp-json\/wp\/v2\/product"}],"about":[{"href":"http:\/\/klubmamgdynia.pl\/index.php\/wp-json\/wp\/v2\/types\/product"}],"replies":[{"embeddable":true,"href":"http:\/\/klubmamgdynia.pl\/index.php\/wp-json\/wp\/v2\/comments?post=4261"}],"wp:featuredmedia":[{"embeddable":true,"href":"http:\/\/klubmamgdynia.pl\/index.php\/wp-json\/wp\/v2\/media\/4262"}],"wp:attachment":[{"href":"http:\/\/klubmamgdynia.pl\/index.php\/wp-json\/wp\/v2\/media?parent=4261"}],"wp:term":[{"taxonomy":"product_cat","embeddable":true,"href":"http:\/\/klubmamgdynia.pl\/index.php\/wp-json\/wp\/v2\/product_cat?post=4261"},{"taxonomy":"product_tag","embeddable":true,"href":"http:\/\/klubmamgdynia.pl\/index.php\/wp-json\/wp\/v2\/product_tag?post=4261"}],"curies":[{"name":"wp","href":"https:\/\/api.w.org\/{rel}","templated":true}]}}