{"id":4263,"date":"2017-11-14T00:17:28","date_gmt":"2017-11-13T23:17:28","guid":{"rendered":"http:\/\/klubmamgdynia.pl\/index.php\/produkt\/mega-creative-zestaw-kosmetykow-479638-zabawka\/"},"modified":"2026-04-29T15:32:42","modified_gmt":"2026-04-29T13:32:42","slug":"mega-creative-zestaw-kosmetykow-479638-zabawka","status":"publish","type":"product","link":"http:\/\/klubmamgdynia.pl\/index.php\/produkt\/mega-creative-zestaw-kosmetykow-479638-zabawka\/","title":{"rendered":"Mega Creative Zestaw Kosmetyk\u00f3w 479638 &#8211; Zabawka"},"content":{"rendered":"<p>Zestaw zawiera cienie do powiek, lakier do paznokci, szmink\u0119 i kryszta\u0142ki.Dzi\u0119ki tej zabawce dziewczynka poczuje si\u0119, jak prawdziwa dama, a tak\u017ce rozwinie kreatywno\u015b\u0107 i dok\u0142adno\u015b\u0107.<\/p>\n<h2>Mega Creative Zestaw Kosmetyk\u00f3w 479638 &#8211; Zabawka Mega Creative<\/h2>\n<p>kartka walentynkow\u0105 przedszkole, oliwier, warszawa atrakcje dla m\u0142odzie\u017cy, \u017carty na prima aprilis dla dzieci, wr\u00f3\u017cby andrzejkowe kolory, kawaly na prima aprilis<\/p>\n<p>yyyyy<\/p>\n<p>&nbsp;<\/p>\n","protected":false},"excerpt":{"rendered":"<p>Zestaw zawiera cienie do powiek, lakier do paznokci, szmink\u0119 i kryszta\u0142ki.Dzi\u0119ki tej zabawce dziewczynka poczuje si\u0119, jak prawdziwa dama, a tak\u017ce rozwinie kreatywno\u015b\u0107 i dok\u0142adno\u015b\u0107. Mega Creative Zestaw Kosmetyk\u00f3w 479638 &#8211; Zabawka Mega Creative kartka walentynkow\u0105 przedszkole, oliwier, warszawa atrakcje dla m\u0142odzie\u017cy, \u017carty na prima aprilis dla dzieci, wr\u00f3\u017cby andrzejkowe kolory, kawaly na prima aprilis [&hellip;]<\/p>\n","protected":false},"featured_media":4264,"comment_status":"closed","ping_status":"open","template":"","meta":[],"product_cat":[53,64],"product_tag":[817,852,591,868,604,733],"class_list":["post-4263","product","type-product","status-publish","has-post-thumbnail","hentry","product_cat-kaciki-zabaw","product_cat-mega-creative","product_tag-bajka-terapeutyczna-o-emocjach","product_tag-jak-zrobic-samolot-z-papieru","product_tag-quiz-o-minecraft","product_tag-quizy-dla-dzieci","product_tag-zagadki-trudne","product_tag-zarty-na-prima-aprilis"],"_links":{"self":[{"href":"http:\/\/klubmamgdynia.pl\/index.php\/wp-json\/wp\/v2\/product\/4263","targetHints":{"allow":["GET"]}}],"collection":[{"href":"http:\/\/klubmamgdynia.pl\/index.php\/wp-json\/wp\/v2\/product"}],"about":[{"href":"http:\/\/klubmamgdynia.pl\/index.php\/wp-json\/wp\/v2\/types\/product"}],"replies":[{"embeddable":true,"href":"http:\/\/klubmamgdynia.pl\/index.php\/wp-json\/wp\/v2\/comments?post=4263"}],"wp:featuredmedia":[{"embeddable":true,"href":"http:\/\/klubmamgdynia.pl\/index.php\/wp-json\/wp\/v2\/media\/4264"}],"wp:attachment":[{"href":"http:\/\/klubmamgdynia.pl\/index.php\/wp-json\/wp\/v2\/media?parent=4263"}],"wp:term":[{"taxonomy":"product_cat","embeddable":true,"href":"http:\/\/klubmamgdynia.pl\/index.php\/wp-json\/wp\/v2\/product_cat?post=4263"},{"taxonomy":"product_tag","embeddable":true,"href":"http:\/\/klubmamgdynia.pl\/index.php\/wp-json\/wp\/v2\/product_tag?post=4263"}],"curies":[{"name":"wp","href":"https:\/\/api.w.org\/{rel}","templated":true}]}}