{"id":4267,"date":"2012-02-08T16:33:27","date_gmt":"2012-02-08T15:33:27","guid":{"rendered":"http:\/\/klubmamgdynia.pl\/index.php\/produkt\/bkt-opona-quad-atv-25x11-10-tl-w207-6pr-nhs-diagonalna-251110oqbkw207\/"},"modified":"2026-05-17T22:39:43","modified_gmt":"2026-05-17T20:39:43","slug":"bkt-opona-quad-atv-25x11-10-tl-w207-6pr-nhs-diagonalna-251110oqbkw207","status":"publish","type":"product","link":"http:\/\/klubmamgdynia.pl\/index.php\/produkt\/bkt-opona-quad-atv-25x11-10-tl-w207-6pr-nhs-diagonalna-251110oqbkw207\/","title":{"rendered":"Bkt Opona Quad\/Atv 25X11-10 Tl W207 6Pr Nhs Diagonalna 251110Oqbkw207"},"content":{"rendered":"<p>Bkt W207 25X11.00-10<\/p>\n<h2>Bkt Opona Quad\/Atv 25X11-10 Tl W207 6Pr Nhs Diagonalna 251110Oqbkw207 <\/h2>\n<p>quiz o flagach, nietypowe atrakcje dla dzieci, kinderbal przepisy, ewelina, okolice wroc\u0142awia, kolorowanka kotki do druku, zagatki matematyczne, najlepsze \u017carty na prima aprilis, kolorowanki harry potter, zagadki halloween dla dzieci, pomys\u0142y na prima aprilis w szkole, cytaty o przyja\u017ani kr\u00f3tkie, wr\u00f3\u017cby andrzejkowe online dla dzieci, lektura asiunia &#8211; test, ubieranki do druku, zagadki dla 9 latk\u00f3w<\/p>\n<p>yyyyy<\/p>\n<p>&nbsp;<\/p>\n","protected":false},"excerpt":{"rendered":"<p>Bkt W207 25X11.00-10 Bkt Opona Quad\/Atv 25X11-10 Tl W207 6Pr Nhs Diagonalna 251110Oqbkw207 quiz o flagach, nietypowe atrakcje dla dzieci, kinderbal przepisy, ewelina, okolice wroc\u0142awia, kolorowanka kotki do druku, zagatki matematyczne, najlepsze \u017carty na prima aprilis, kolorowanki harry potter, zagadki halloween dla dzieci, pomys\u0142y na prima aprilis w szkole, cytaty o przyja\u017ani kr\u00f3tkie, wr\u00f3\u017cby andrzejkowe [&hellip;]<\/p>\n","protected":false},"featured_media":4268,"comment_status":"closed","ping_status":"open","template":"","meta":[],"product_cat":[1210],"product_tag":[776,696,581],"class_list":["post-4267","product","type-product","status-publish","has-post-thumbnail","hentry","product_cat-quady-i-atv","product_tag-dobrej-nocy","product_tag-film-rodzinny-o-swietach","product_tag-zagadki-dla-8-latka"],"_links":{"self":[{"href":"http:\/\/klubmamgdynia.pl\/index.php\/wp-json\/wp\/v2\/product\/4267","targetHints":{"allow":["GET"]}}],"collection":[{"href":"http:\/\/klubmamgdynia.pl\/index.php\/wp-json\/wp\/v2\/product"}],"about":[{"href":"http:\/\/klubmamgdynia.pl\/index.php\/wp-json\/wp\/v2\/types\/product"}],"replies":[{"embeddable":true,"href":"http:\/\/klubmamgdynia.pl\/index.php\/wp-json\/wp\/v2\/comments?post=4267"}],"wp:featuredmedia":[{"embeddable":true,"href":"http:\/\/klubmamgdynia.pl\/index.php\/wp-json\/wp\/v2\/media\/4268"}],"wp:attachment":[{"href":"http:\/\/klubmamgdynia.pl\/index.php\/wp-json\/wp\/v2\/media?parent=4267"}],"wp:term":[{"taxonomy":"product_cat","embeddable":true,"href":"http:\/\/klubmamgdynia.pl\/index.php\/wp-json\/wp\/v2\/product_cat?post=4267"},{"taxonomy":"product_tag","embeddable":true,"href":"http:\/\/klubmamgdynia.pl\/index.php\/wp-json\/wp\/v2\/product_tag?post=4267"}],"curies":[{"name":"wp","href":"https:\/\/api.w.org\/{rel}","templated":true}]}}